{"id":8068,"date":"2024-10-21T13:29:47","date_gmt":"2024-10-21T11:29:47","guid":{"rendered":"https:\/\/mrkbullbars.nl\/product\/frontschutzbuegel-volvo-fh-4-5-modell-o\/"},"modified":"2025-04-12T12:26:13","modified_gmt":"2025-04-12T10:26:13","slug":"frontschutzbuegel-volvo-fh-4-5-modell-o","status":"publish","type":"product","link":"https:\/\/mrkbullbars.nl\/de\/produkt\/frontschutzbuegel-volvo-fh-4-5-modell-o\/","title":{"rendered":"Frontschutzb\u00fcgel Volvo FH 4 \/ 5 Modell O"},"content":{"rendered":"<p>Verschiedene Modelle erh\u00e4ltlich. Kommt mit Abnahmepr\u00fcfzeugnis und Montageanleitung. Spr\u00fchen und Bauen des Frontschutzb\u00fcgels m\u00f6glich.<\/p>\n<p>Fragen Sie nach den M\u00f6glichkeiten.<\/p>\n<p><strong>Hinweis<\/strong>: Jeder Frontschutzb\u00fcgel kann f\u00fcr jeden LKW montiert werden, wenn Sie also einen Frontschutzb\u00fcgel finden, der Ihnen f\u00fcr Ihren LKW gef\u00e4llt, ist dies m\u00f6glich. Dann lassen Sie es uns wissen!<\/p>\n<p>Alle Frontschutzb\u00fcgel werden mit einem Montagesatz und 4 Lampenhalterungen geliefert.<\/p>\n<p><strong>Charakterisieren:<\/strong><\/p>\n<ul>\n<li>CE-zertifizierter Frontschutzb\u00fcgel, zugelassen von RISE Schweden<\/li>\n<li>Leichter Aluminium-Frontschutzb\u00fcgel (35 KG)<\/li>\n<li>Inklusive Lampenhalterungen (nach Absprache platziert)<\/li>\n<li>Lampen in Absprache<\/li>\n<li>Montageanleitung im Lieferumfang enthalten<\/li>\n<li>Einfache Installation<\/li>\n<\/ul>\n<p><strong>Bitte beachten Sie<\/strong>: Alle Frontschutzb\u00fcgel passen aufgrund unserer einzigartigen Art der<br \/>\nFrontschutzb\u00fcgelmontage (abh\u00e4ngig von der Sensorsperre) auf alle Arten von LKWs<\/p>\n<p><strong>Option(en)<\/strong><br \/>\nAlle Frontschutzb\u00fcgel in RAL-Farbe werden gegen einen Aufpreis von 475 \u20ac geliefert<\/p>\n<p><strong>Versand<\/strong><br \/>\nVERPACKUNGSKOSTEN: 20<br \/>\n\u20ac VERSANDKOSTEN 1 FRONTSCHUTZB\u00dcGEL INNERHALB DER NIEDERLANDE: 120<br \/>\n\u20ac VERSANDKOSTEN 2 SCHUTZB\u00dcGEL INNERHALB DER NIEDERLANDE 175 \u20ac<\/p>\n<p>MEHRERE FRONTSCHUTZB\u00dcGEL WERDEN AUF ANFRAGE GELIEFERT.<\/p>\n","protected":false},"excerpt":{"rendered":"<p>Frontschutzb\u00fcgel f\u00fcr Volvo FH 4 \/ 5<\/p>\n<p>Kontaktieren Sie uns f\u00fcr eine pers\u00f6nliche Beratung!<\/p>\n","protected":false},"featured_media":5991,"comment_status":"open","ping_status":"closed","template":"","meta":{"_acf_changed":false,"_genesis_hide_title":false,"_genesis_hide_breadcrumbs":false,"_genesis_hide_singular_image":false,"_genesis_hide_footer_widgets":false,"_genesis_custom_body_class":"","_genesis_custom_post_class":"","_genesis_layout":""},"product_brand":[],"product_cat":[307,305,309],"product_tag":[],"class_list":{"0":"post-8068","1":"product","2":"type-product","3":"status-publish","4":"has-post-thumbnail","6":"product_cat-alle-produkte","7":"product_cat-frontschutzbugel","8":"product_cat-volvo-de","9":"entry","11":"first","12":"instock","13":"taxable","14":"shipping-taxable","15":"purchasable","16":"product-type-simple"},"acf":[],"yoast_head":"<!-- This site is optimized with the Yoast SEO plugin v27.3 - https:\/\/yoast.com\/product\/yoast-seo-wordpress\/ -->\n<title>Frontschutzb\u00fcgel Volvo FH 4 \/ 5 Modell O - MrK Bullbars<\/title>\n<meta name=\"robots\" content=\"index, follow, max-snippet:-1, max-image-preview:large, max-video-preview:-1\" \/>\n<link rel=\"canonical\" href=\"https:\/\/mrkbullbars.nl\/de\/produkt\/frontschutzbuegel-volvo-fh-4-5-modell-o\/\" \/>\n<meta property=\"og:locale\" content=\"de_DE\" \/>\n<meta property=\"og:type\" content=\"article\" \/>\n<meta property=\"og:title\" content=\"Frontschutzb\u00fcgel Volvo FH 4 \/ 5 Modell O - MrK Bullbars\" \/>\n<meta property=\"og:description\" content=\"Frontschutzb\u00fcgel f\u00fcr Volvo FH 4 \/ 5 Kontaktieren Sie uns f\u00fcr eine pers\u00f6nliche Beratung!\" \/>\n<meta property=\"og:url\" content=\"https:\/\/mrkbullbars.nl\/de\/produkt\/frontschutzbuegel-volvo-fh-4-5-modell-o\/\" \/>\n<meta property=\"og:site_name\" content=\"MrK Bullbars\" \/>\n<meta property=\"article:modified_time\" content=\"2025-04-12T10:26:13+00:00\" \/>\n<meta property=\"og:image\" content=\"https:\/\/mrkbullbars.nl\/wp-content\/uploads\/2024\/10\/IMG_0551.jpg\" \/>\n\t<meta property=\"og:image:width\" content=\"1440\" \/>\n\t<meta property=\"og:image:height\" content=\"1440\" \/>\n\t<meta property=\"og:image:type\" content=\"image\/jpeg\" \/>\n<meta name=\"twitter:card\" content=\"summary_large_image\" \/>\n<meta name=\"twitter:label1\" content=\"Gesch\u00e4tzte Lesezeit\" \/>\n\t<meta name=\"twitter:data1\" content=\"1\u00a0Minute\" \/>\n<script type=\"application\/ld+json\" class=\"yoast-schema-graph\">{\"@context\":\"https:\\\/\\\/schema.org\",\"@graph\":[{\"@type\":\"WebPage\",\"@id\":\"https:\\\/\\\/mrkbullbars.nl\\\/de\\\/produkt\\\/frontschutzbuegel-volvo-fh-4-5-modell-o\\\/\",\"url\":\"https:\\\/\\\/mrkbullbars.nl\\\/de\\\/produkt\\\/frontschutzbuegel-volvo-fh-4-5-modell-o\\\/\",\"name\":\"Frontschutzb\u00fcgel Volvo FH 4 \\\/ 5 Modell O - MrK Bullbars\",\"isPartOf\":{\"@id\":\"https:\\\/\\\/mrkbullbars.nl\\\/de\\\/#website\"},\"primaryImageOfPage\":{\"@id\":\"https:\\\/\\\/mrkbullbars.nl\\\/de\\\/produkt\\\/frontschutzbuegel-volvo-fh-4-5-modell-o\\\/#primaryimage\"},\"image\":{\"@id\":\"https:\\\/\\\/mrkbullbars.nl\\\/de\\\/produkt\\\/frontschutzbuegel-volvo-fh-4-5-modell-o\\\/#primaryimage\"},\"thumbnailUrl\":\"https:\\\/\\\/mrkbullbars.nl\\\/wp-content\\\/uploads\\\/2024\\\/10\\\/IMG_0551.jpg\",\"datePublished\":\"2024-10-21T11:29:47+00:00\",\"dateModified\":\"2025-04-12T10:26:13+00:00\",\"breadcrumb\":{\"@id\":\"https:\\\/\\\/mrkbullbars.nl\\\/de\\\/produkt\\\/frontschutzbuegel-volvo-fh-4-5-modell-o\\\/#breadcrumb\"},\"inLanguage\":\"de\",\"potentialAction\":[{\"@type\":\"ReadAction\",\"target\":[\"https:\\\/\\\/mrkbullbars.nl\\\/de\\\/produkt\\\/frontschutzbuegel-volvo-fh-4-5-modell-o\\\/\"]}]},{\"@type\":\"ImageObject\",\"inLanguage\":\"de\",\"@id\":\"https:\\\/\\\/mrkbullbars.nl\\\/de\\\/produkt\\\/frontschutzbuegel-volvo-fh-4-5-modell-o\\\/#primaryimage\",\"url\":\"https:\\\/\\\/mrkbullbars.nl\\\/wp-content\\\/uploads\\\/2024\\\/10\\\/IMG_0551.jpg\",\"contentUrl\":\"https:\\\/\\\/mrkbullbars.nl\\\/wp-content\\\/uploads\\\/2024\\\/10\\\/IMG_0551.jpg\",\"width\":1440,\"height\":1440},{\"@type\":\"BreadcrumbList\",\"@id\":\"https:\\\/\\\/mrkbullbars.nl\\\/de\\\/produkt\\\/frontschutzbuegel-volvo-fh-4-5-modell-o\\\/#breadcrumb\",\"itemListElement\":[{\"@type\":\"ListItem\",\"position\":1,\"name\":\"Home\",\"item\":\"https:\\\/\\\/mrkbullbars.nl\\\/de\\\/\"},{\"@type\":\"ListItem\",\"position\":2,\"name\":\"Shop\",\"item\":\"https:\\\/\\\/mrkbullbars.nl\\\/de\\\/shop\\\/\"},{\"@type\":\"ListItem\",\"position\":3,\"name\":\"Frontschutzb\u00fcgel Volvo FH 4 \\\/ 5 Modell O\"}]},{\"@type\":\"WebSite\",\"@id\":\"https:\\\/\\\/mrkbullbars.nl\\\/de\\\/#website\",\"url\":\"https:\\\/\\\/mrkbullbars.nl\\\/de\\\/\",\"name\":\"MrK Bullbars\",\"description\":\"\",\"potentialAction\":[{\"@type\":\"SearchAction\",\"target\":{\"@type\":\"EntryPoint\",\"urlTemplate\":\"https:\\\/\\\/mrkbullbars.nl\\\/de\\\/?s={search_term_string}\"},\"query-input\":{\"@type\":\"PropertyValueSpecification\",\"valueRequired\":true,\"valueName\":\"search_term_string\"}}],\"inLanguage\":\"de\"}]}<\/script>\n<!-- \/ Yoast SEO plugin. -->","yoast_head_json":{"title":"Frontschutzb\u00fcgel Volvo FH 4 \/ 5 Modell O - MrK Bullbars","robots":{"index":"index","follow":"follow","max-snippet":"max-snippet:-1","max-image-preview":"max-image-preview:large","max-video-preview":"max-video-preview:-1"},"canonical":"https:\/\/mrkbullbars.nl\/de\/produkt\/frontschutzbuegel-volvo-fh-4-5-modell-o\/","og_locale":"de_DE","og_type":"article","og_title":"Frontschutzb\u00fcgel Volvo FH 4 \/ 5 Modell O - MrK Bullbars","og_description":"Frontschutzb\u00fcgel f\u00fcr Volvo FH 4 \/ 5 Kontaktieren Sie uns f\u00fcr eine pers\u00f6nliche Beratung!","og_url":"https:\/\/mrkbullbars.nl\/de\/produkt\/frontschutzbuegel-volvo-fh-4-5-modell-o\/","og_site_name":"MrK Bullbars","article_modified_time":"2025-04-12T10:26:13+00:00","og_image":[{"width":1440,"height":1440,"url":"https:\/\/mrkbullbars.nl\/wp-content\/uploads\/2024\/10\/IMG_0551.jpg","type":"image\/jpeg"}],"twitter_card":"summary_large_image","twitter_misc":{"Gesch\u00e4tzte Lesezeit":"1\u00a0Minute"},"schema":{"@context":"https:\/\/schema.org","@graph":[{"@type":"WebPage","@id":"https:\/\/mrkbullbars.nl\/de\/produkt\/frontschutzbuegel-volvo-fh-4-5-modell-o\/","url":"https:\/\/mrkbullbars.nl\/de\/produkt\/frontschutzbuegel-volvo-fh-4-5-modell-o\/","name":"Frontschutzb\u00fcgel Volvo FH 4 \/ 5 Modell O - MrK Bullbars","isPartOf":{"@id":"https:\/\/mrkbullbars.nl\/de\/#website"},"primaryImageOfPage":{"@id":"https:\/\/mrkbullbars.nl\/de\/produkt\/frontschutzbuegel-volvo-fh-4-5-modell-o\/#primaryimage"},"image":{"@id":"https:\/\/mrkbullbars.nl\/de\/produkt\/frontschutzbuegel-volvo-fh-4-5-modell-o\/#primaryimage"},"thumbnailUrl":"https:\/\/mrkbullbars.nl\/wp-content\/uploads\/2024\/10\/IMG_0551.jpg","datePublished":"2024-10-21T11:29:47+00:00","dateModified":"2025-04-12T10:26:13+00:00","breadcrumb":{"@id":"https:\/\/mrkbullbars.nl\/de\/produkt\/frontschutzbuegel-volvo-fh-4-5-modell-o\/#breadcrumb"},"inLanguage":"de","potentialAction":[{"@type":"ReadAction","target":["https:\/\/mrkbullbars.nl\/de\/produkt\/frontschutzbuegel-volvo-fh-4-5-modell-o\/"]}]},{"@type":"ImageObject","inLanguage":"de","@id":"https:\/\/mrkbullbars.nl\/de\/produkt\/frontschutzbuegel-volvo-fh-4-5-modell-o\/#primaryimage","url":"https:\/\/mrkbullbars.nl\/wp-content\/uploads\/2024\/10\/IMG_0551.jpg","contentUrl":"https:\/\/mrkbullbars.nl\/wp-content\/uploads\/2024\/10\/IMG_0551.jpg","width":1440,"height":1440},{"@type":"BreadcrumbList","@id":"https:\/\/mrkbullbars.nl\/de\/produkt\/frontschutzbuegel-volvo-fh-4-5-modell-o\/#breadcrumb","itemListElement":[{"@type":"ListItem","position":1,"name":"Home","item":"https:\/\/mrkbullbars.nl\/de\/"},{"@type":"ListItem","position":2,"name":"Shop","item":"https:\/\/mrkbullbars.nl\/de\/shop\/"},{"@type":"ListItem","position":3,"name":"Frontschutzb\u00fcgel Volvo FH 4 \/ 5 Modell O"}]},{"@type":"WebSite","@id":"https:\/\/mrkbullbars.nl\/de\/#website","url":"https:\/\/mrkbullbars.nl\/de\/","name":"MrK Bullbars","description":"","potentialAction":[{"@type":"SearchAction","target":{"@type":"EntryPoint","urlTemplate":"https:\/\/mrkbullbars.nl\/de\/?s={search_term_string}"},"query-input":{"@type":"PropertyValueSpecification","valueRequired":true,"valueName":"search_term_string"}}],"inLanguage":"de"}]}},"_links":{"self":[{"href":"https:\/\/mrkbullbars.nl\/de\/wp-json\/wp\/v2\/product\/8068","targetHints":{"allow":["GET"]}}],"collection":[{"href":"https:\/\/mrkbullbars.nl\/de\/wp-json\/wp\/v2\/product"}],"about":[{"href":"https:\/\/mrkbullbars.nl\/de\/wp-json\/wp\/v2\/types\/product"}],"replies":[{"embeddable":true,"href":"https:\/\/mrkbullbars.nl\/de\/wp-json\/wp\/v2\/comments?post=8068"}],"wp:featuredmedia":[{"embeddable":true,"href":"https:\/\/mrkbullbars.nl\/de\/wp-json\/wp\/v2\/media\/5991"}],"wp:attachment":[{"href":"https:\/\/mrkbullbars.nl\/de\/wp-json\/wp\/v2\/media?parent=8068"}],"wp:term":[{"taxonomy":"product_brand","embeddable":true,"href":"https:\/\/mrkbullbars.nl\/de\/wp-json\/wp\/v2\/product_brand?post=8068"},{"taxonomy":"product_cat","embeddable":true,"href":"https:\/\/mrkbullbars.nl\/de\/wp-json\/wp\/v2\/product_cat?post=8068"},{"taxonomy":"product_tag","embeddable":true,"href":"https:\/\/mrkbullbars.nl\/de\/wp-json\/wp\/v2\/product_tag?post=8068"}],"curies":[{"name":"wp","href":"https:\/\/api.w.org\/{rel}","templated":true}]}}