{"id":8086,"date":"2025-01-11T09:50:49","date_gmt":"2025-04-12T10:31:31","guid":{"rendered":"https:\/\/mrkbullbars.nl\/product\/ledson-pollux-9-orange-weiss-standlicht\/"},"modified":"2025-04-12T12:31:31","modified_gmt":"2025-04-12T10:31:31","slug":"ledson-pollux-9-orange-weiss-standlicht","status":"publish","type":"product","link":"https:\/\/mrkbullbars.nl\/de\/produkt\/ledson-pollux-9-orange-weiss-standlicht\/","title":{"rendered":"Ledson Pollux 9+ Orange\/Wei\u00df Standlicht"},"content":{"rendered":"<p>Ledson Pollux 9+ Orange + Wei\u00df Positionslicht.<\/p>\n<p>Sch\u00f6ner solider Strahler f\u00fcr maximale Lichtausbeute!<\/p>\n<p><strong>Bestellen Sie diese Strahler und lassen Sie sie von uns an der Frontschutzstange montieren und mit einem praktischen Stecker verbinden! Fragen Sie nach den M\u00f6glichkeiten<\/strong><\/p>\n","protected":false},"excerpt":{"rendered":"<p>Ledson Strahler Pollux 9+<br \/>\nMontage und Anschluss an den Frontschutzb\u00fcgel oder Dachhalterung m\u00f6glich!<\/p>\n","protected":false},"featured_media":6185,"comment_status":"open","ping_status":"closed","template":"","meta":{"_acf_changed":false,"_genesis_hide_title":false,"_genesis_hide_breadcrumbs":false,"_genesis_hide_singular_image":false,"_genesis_hide_footer_widgets":false,"_genesis_custom_body_class":"","_genesis_custom_post_class":"","_genesis_layout":""},"product_brand":[],"product_cat":[307,332,333],"product_tag":[],"class_list":{"0":"post-8086","1":"product","2":"type-product","3":"status-publish","4":"has-post-thumbnail","6":"product_cat-alle-produkte","7":"product_cat-led-strahler","8":"product_cat-ledson-de","9":"entry","11":"first","12":"instock","13":"taxable","14":"shipping-taxable","15":"purchasable","16":"product-type-simple"},"acf":[],"yoast_head":"<!-- This site is optimized with the Yoast SEO plugin v27.3 - https:\/\/yoast.com\/product\/yoast-seo-wordpress\/ -->\n<title>Ledson Pollux 9+ Orange\/Wei\u00df Standlicht - MrK Bullbars<\/title>\n<meta name=\"robots\" content=\"index, follow, max-snippet:-1, max-image-preview:large, max-video-preview:-1\" \/>\n<link rel=\"canonical\" href=\"https:\/\/mrkbullbars.nl\/de\/produkt\/ledson-pollux-9-orange-weiss-standlicht\/\" \/>\n<meta property=\"og:locale\" content=\"de_DE\" \/>\n<meta property=\"og:type\" content=\"article\" \/>\n<meta property=\"og:title\" content=\"Ledson Pollux 9+ Orange\/Wei\u00df Standlicht - MrK Bullbars\" \/>\n<meta property=\"og:description\" content=\"Ledson Strahler Pollux 9+ Montage und Anschluss an den Frontschutzb\u00fcgel oder Dachhalterung m\u00f6glich!\" \/>\n<meta property=\"og:url\" content=\"https:\/\/mrkbullbars.nl\/de\/produkt\/ledson-pollux-9-orange-weiss-standlicht\/\" \/>\n<meta property=\"og:site_name\" content=\"MrK Bullbars\" \/>\n<meta name=\"twitter:card\" content=\"summary_large_image\" \/>\n<script type=\"application\/ld+json\" class=\"yoast-schema-graph\">{\"@context\":\"https:\\\/\\\/schema.org\",\"@graph\":[{\"@type\":\"WebPage\",\"@id\":\"https:\\\/\\\/mrkbullbars.nl\\\/de\\\/produkt\\\/ledson-pollux-9-orange-weiss-standlicht\\\/\",\"url\":\"https:\\\/\\\/mrkbullbars.nl\\\/de\\\/produkt\\\/ledson-pollux-9-orange-weiss-standlicht\\\/\",\"name\":\"Ledson Pollux 9+ Orange\\\/Wei\u00df Standlicht - MrK Bullbars\",\"isPartOf\":{\"@id\":\"https:\\\/\\\/mrkbullbars.nl\\\/de\\\/#website\"},\"primaryImageOfPage\":{\"@id\":\"https:\\\/\\\/mrkbullbars.nl\\\/de\\\/produkt\\\/ledson-pollux-9-orange-weiss-standlicht\\\/#primaryimage\"},\"image\":{\"@id\":\"https:\\\/\\\/mrkbullbars.nl\\\/de\\\/produkt\\\/ledson-pollux-9-orange-weiss-standlicht\\\/#primaryimage\"},\"thumbnailUrl\":\"https:\\\/\\\/mrkbullbars.nl\\\/wp-content\\\/uploads\\\/2025\\\/01\\\/IMG_1413.heic\",\"datePublished\":\"2025-04-12T10:31:31+00:00\",\"breadcrumb\":{\"@id\":\"https:\\\/\\\/mrkbullbars.nl\\\/de\\\/produkt\\\/ledson-pollux-9-orange-weiss-standlicht\\\/#breadcrumb\"},\"inLanguage\":\"de\",\"potentialAction\":[{\"@type\":\"ReadAction\",\"target\":[\"https:\\\/\\\/mrkbullbars.nl\\\/de\\\/produkt\\\/ledson-pollux-9-orange-weiss-standlicht\\\/\"]}]},{\"@type\":\"ImageObject\",\"inLanguage\":\"de\",\"@id\":\"https:\\\/\\\/mrkbullbars.nl\\\/de\\\/produkt\\\/ledson-pollux-9-orange-weiss-standlicht\\\/#primaryimage\",\"url\":\"https:\\\/\\\/mrkbullbars.nl\\\/wp-content\\\/uploads\\\/2025\\\/01\\\/IMG_1413.heic\",\"contentUrl\":\"https:\\\/\\\/mrkbullbars.nl\\\/wp-content\\\/uploads\\\/2025\\\/01\\\/IMG_1413.heic\"},{\"@type\":\"BreadcrumbList\",\"@id\":\"https:\\\/\\\/mrkbullbars.nl\\\/de\\\/produkt\\\/ledson-pollux-9-orange-weiss-standlicht\\\/#breadcrumb\",\"itemListElement\":[{\"@type\":\"ListItem\",\"position\":1,\"name\":\"Home\",\"item\":\"https:\\\/\\\/mrkbullbars.nl\\\/de\\\/\"},{\"@type\":\"ListItem\",\"position\":2,\"name\":\"Shop\",\"item\":\"https:\\\/\\\/mrkbullbars.nl\\\/de\\\/shop\\\/\"},{\"@type\":\"ListItem\",\"position\":3,\"name\":\"Ledson Pollux 9+ Orange\\\/Wei\u00df Standlicht\"}]},{\"@type\":\"WebSite\",\"@id\":\"https:\\\/\\\/mrkbullbars.nl\\\/de\\\/#website\",\"url\":\"https:\\\/\\\/mrkbullbars.nl\\\/de\\\/\",\"name\":\"MrK Bullbars\",\"description\":\"\",\"potentialAction\":[{\"@type\":\"SearchAction\",\"target\":{\"@type\":\"EntryPoint\",\"urlTemplate\":\"https:\\\/\\\/mrkbullbars.nl\\\/de\\\/?s={search_term_string}\"},\"query-input\":{\"@type\":\"PropertyValueSpecification\",\"valueRequired\":true,\"valueName\":\"search_term_string\"}}],\"inLanguage\":\"de\"}]}<\/script>\n<!-- \/ Yoast SEO plugin. -->","yoast_head_json":{"title":"Ledson Pollux 9+ Orange\/Wei\u00df Standlicht - MrK Bullbars","robots":{"index":"index","follow":"follow","max-snippet":"max-snippet:-1","max-image-preview":"max-image-preview:large","max-video-preview":"max-video-preview:-1"},"canonical":"https:\/\/mrkbullbars.nl\/de\/produkt\/ledson-pollux-9-orange-weiss-standlicht\/","og_locale":"de_DE","og_type":"article","og_title":"Ledson Pollux 9+ Orange\/Wei\u00df Standlicht - MrK Bullbars","og_description":"Ledson Strahler Pollux 9+ Montage und Anschluss an den Frontschutzb\u00fcgel oder Dachhalterung m\u00f6glich!","og_url":"https:\/\/mrkbullbars.nl\/de\/produkt\/ledson-pollux-9-orange-weiss-standlicht\/","og_site_name":"MrK Bullbars","twitter_card":"summary_large_image","schema":{"@context":"https:\/\/schema.org","@graph":[{"@type":"WebPage","@id":"https:\/\/mrkbullbars.nl\/de\/produkt\/ledson-pollux-9-orange-weiss-standlicht\/","url":"https:\/\/mrkbullbars.nl\/de\/produkt\/ledson-pollux-9-orange-weiss-standlicht\/","name":"Ledson Pollux 9+ Orange\/Wei\u00df Standlicht - MrK Bullbars","isPartOf":{"@id":"https:\/\/mrkbullbars.nl\/de\/#website"},"primaryImageOfPage":{"@id":"https:\/\/mrkbullbars.nl\/de\/produkt\/ledson-pollux-9-orange-weiss-standlicht\/#primaryimage"},"image":{"@id":"https:\/\/mrkbullbars.nl\/de\/produkt\/ledson-pollux-9-orange-weiss-standlicht\/#primaryimage"},"thumbnailUrl":"https:\/\/mrkbullbars.nl\/wp-content\/uploads\/2025\/01\/IMG_1413.heic","datePublished":"2025-04-12T10:31:31+00:00","breadcrumb":{"@id":"https:\/\/mrkbullbars.nl\/de\/produkt\/ledson-pollux-9-orange-weiss-standlicht\/#breadcrumb"},"inLanguage":"de","potentialAction":[{"@type":"ReadAction","target":["https:\/\/mrkbullbars.nl\/de\/produkt\/ledson-pollux-9-orange-weiss-standlicht\/"]}]},{"@type":"ImageObject","inLanguage":"de","@id":"https:\/\/mrkbullbars.nl\/de\/produkt\/ledson-pollux-9-orange-weiss-standlicht\/#primaryimage","url":"https:\/\/mrkbullbars.nl\/wp-content\/uploads\/2025\/01\/IMG_1413.heic","contentUrl":"https:\/\/mrkbullbars.nl\/wp-content\/uploads\/2025\/01\/IMG_1413.heic"},{"@type":"BreadcrumbList","@id":"https:\/\/mrkbullbars.nl\/de\/produkt\/ledson-pollux-9-orange-weiss-standlicht\/#breadcrumb","itemListElement":[{"@type":"ListItem","position":1,"name":"Home","item":"https:\/\/mrkbullbars.nl\/de\/"},{"@type":"ListItem","position":2,"name":"Shop","item":"https:\/\/mrkbullbars.nl\/de\/shop\/"},{"@type":"ListItem","position":3,"name":"Ledson Pollux 9+ Orange\/Wei\u00df Standlicht"}]},{"@type":"WebSite","@id":"https:\/\/mrkbullbars.nl\/de\/#website","url":"https:\/\/mrkbullbars.nl\/de\/","name":"MrK Bullbars","description":"","potentialAction":[{"@type":"SearchAction","target":{"@type":"EntryPoint","urlTemplate":"https:\/\/mrkbullbars.nl\/de\/?s={search_term_string}"},"query-input":{"@type":"PropertyValueSpecification","valueRequired":true,"valueName":"search_term_string"}}],"inLanguage":"de"}]}},"_links":{"self":[{"href":"https:\/\/mrkbullbars.nl\/de\/wp-json\/wp\/v2\/product\/8086","targetHints":{"allow":["GET"]}}],"collection":[{"href":"https:\/\/mrkbullbars.nl\/de\/wp-json\/wp\/v2\/product"}],"about":[{"href":"https:\/\/mrkbullbars.nl\/de\/wp-json\/wp\/v2\/types\/product"}],"replies":[{"embeddable":true,"href":"https:\/\/mrkbullbars.nl\/de\/wp-json\/wp\/v2\/comments?post=8086"}],"wp:featuredmedia":[{"embeddable":true,"href":"https:\/\/mrkbullbars.nl\/de\/wp-json\/wp\/v2\/media\/6185"}],"wp:attachment":[{"href":"https:\/\/mrkbullbars.nl\/de\/wp-json\/wp\/v2\/media?parent=8086"}],"wp:term":[{"taxonomy":"product_brand","embeddable":true,"href":"https:\/\/mrkbullbars.nl\/de\/wp-json\/wp\/v2\/product_brand?post=8086"},{"taxonomy":"product_cat","embeddable":true,"href":"https:\/\/mrkbullbars.nl\/de\/wp-json\/wp\/v2\/product_cat?post=8086"},{"taxonomy":"product_tag","embeddable":true,"href":"https:\/\/mrkbullbars.nl\/de\/wp-json\/wp\/v2\/product_tag?post=8086"}],"curies":[{"name":"wp","href":"https:\/\/api.w.org\/{rel}","templated":true}]}}