{"id":8090,"date":"2025-01-23T10:32:40","date_gmt":"2025-04-12T10:32:43","guid":{"rendered":"https:\/\/mrkbullbars.nl\/product\/led-leiste-150-watt-14940-lumen-9-30v-40cm-kabel-deutsch-stecker-trsw12270-30c\/"},"modified":"2025-04-12T12:32:43","modified_gmt":"2025-04-12T10:32:43","slug":"led-leiste-150-watt-14940-lumen-9-30v-40cm-kabel-deutsch-stecker-trsw12270-30c","status":"publish","type":"product","link":"https:\/\/mrkbullbars.nl\/de\/produkt\/led-leiste-150-watt-14940-lumen-9-30v-40cm-kabel-deutsch-stecker-trsw12270-30c\/","title":{"rendered":"LED-Leiste | 150 Watt | 14940 Lumen | 9-30V | 40cm. Kabel | Deutsch-Stecker TRSW12270-30C"},"content":{"rendered":"<h2>LED-Lichtleiste, ideal f\u00fcr den LKW<\/h2>\n<p>Diese 150W LED-Leiste mit 14940 Lumen ist ideal f\u00fcr die Montage an Ihrem LKW, 4&#215;4 Gel\u00e4ndewagen und Bagger.<br \/>Die LED-Leiste ist mit Cree LED ausgestattet, der besten LED auf dem Markt. Die LED-Leiste ist <a href=\"https:\/\/www.tralert.com\/verlichtingstermen\/ip-68\/\">IP68<\/a> und somit wasserdicht.<\/p>\n<p><strong>Pluszeichen<\/strong><\/p>\n<ul>\n<li>Lieferung mit verschiedenen Montagewinkeln und Anschlussmaterial<\/li>\n<li>Ist mit Cree-LEDs ausgestattet<\/li>\n<li>Diese LED-Leiste ist als Kombistrahler, Strahler und Flutlicht in einem konzipiert<\/li>\n<\/ul>\n<p>Durch die geringe H\u00f6he von nur 48,5mm (ohne Sockel) ist diese Lichtleiste sehr vielseitig einsetzbar. Von der Montage im Grill bis hin zum Einsatz auf Expeditionsfahrzeugen ist diese LED-Lichtleiste daf\u00fcr geeignet. <\/p>\n<p>Sehen Sie sich das gesamte <a href=\"https:\/\/www.tralert.com\/c\/led-bars\/\">LED-Leistensortiment<\/a> an, um eine gro\u00dfe Auswahl zu erhalten, oder kontaktieren Sie uns f\u00fcr eine Beratung.<\/p>\n","protected":false},"excerpt":{"rendered":"<p>LED-Lichtleiste, ideal f\u00fcr den LKW Diese 150W LED-Leiste mit 14940 Lumen ist ideal f\u00fcr die Montage an Ihrem LKW, 4&#215;4 Gel\u00e4ndewagen und Bagger.Die LED-Leiste ist mit Cree LED ausgestattet, der besten LED auf dem Markt. Die LED-Leiste ist IP68 und somit wasserdicht. Pluszeichen Lieferung mit verschiedenen Montagewinkeln und Anschlussmaterial Ist mit Cree-LEDs ausgestattet Diese LED-Leiste [&hellip;]<\/p>\n","protected":false},"featured_media":6311,"comment_status":"open","ping_status":"closed","template":"","meta":{"_acf_changed":false,"_genesis_hide_title":false,"_genesis_hide_breadcrumbs":false,"_genesis_hide_singular_image":false,"_genesis_hide_footer_widgets":false,"_genesis_custom_body_class":"","_genesis_custom_post_class":"","_genesis_layout":""},"product_brand":[],"product_cat":[301],"product_tag":[],"class_list":{"0":"post-8090","1":"product","2":"type-product","3":"status-publish","4":"has-post-thumbnail","6":"product_cat-led-leisten","7":"entry","9":"first","10":"instock","11":"taxable","12":"shipping-taxable","13":"purchasable","14":"product-type-simple"},"acf":[],"yoast_head":"<!-- This site is optimized with the Yoast SEO plugin v27.4 - https:\/\/yoast.com\/product\/yoast-seo-wordpress\/ -->\n<title>LED-Leiste | 150 Watt | 14940 Lumen | 9-30V | 40cm. Kabel | Deutsch-Stecker TRSW12270-30C - MrK Bullbars<\/title>\n<meta name=\"robots\" content=\"index, follow, max-snippet:-1, max-image-preview:large, max-video-preview:-1\" \/>\n<link rel=\"canonical\" href=\"https:\/\/mrkbullbars.nl\/de\/produkt\/led-leiste-150-watt-14940-lumen-9-30v-40cm-kabel-deutsch-stecker-trsw12270-30c\/\" \/>\n<meta property=\"og:locale\" content=\"de_DE\" \/>\n<meta property=\"og:type\" content=\"article\" \/>\n<meta property=\"og:title\" content=\"LED-Leiste | 150 Watt | 14940 Lumen | 9-30V | 40cm. Kabel | Deutsch-Stecker TRSW12270-30C - MrK Bullbars\" \/>\n<meta property=\"og:description\" content=\"LED-Lichtleiste, ideal f\u00fcr den LKW Diese 150W LED-Leiste mit 14940 Lumen ist ideal f\u00fcr die Montage an Ihrem LKW, 4&#215;4 Gel\u00e4ndewagen und Bagger.Die LED-Leiste ist mit Cree LED ausgestattet, der besten LED auf dem Markt. Die LED-Leiste ist IP68 und somit wasserdicht. Pluszeichen Lieferung mit verschiedenen Montagewinkeln und Anschlussmaterial Ist mit Cree-LEDs ausgestattet Diese LED-Leiste [&hellip;]\" \/>\n<meta property=\"og:url\" content=\"https:\/\/mrkbullbars.nl\/de\/produkt\/led-leiste-150-watt-14940-lumen-9-30v-40cm-kabel-deutsch-stecker-trsw12270-30c\/\" \/>\n<meta property=\"og:site_name\" content=\"MrK Bullbars\" \/>\n<meta name=\"twitter:card\" content=\"summary_large_image\" \/>\n<meta name=\"twitter:label1\" content=\"Gesch\u00e4tzte Lesezeit\" \/>\n\t<meta name=\"twitter:data1\" content=\"1\u00a0Minute\" \/>\n<script type=\"application\/ld+json\" class=\"yoast-schema-graph\">{\"@context\":\"https:\\\/\\\/schema.org\",\"@graph\":[{\"@type\":\"WebPage\",\"@id\":\"https:\\\/\\\/mrkbullbars.nl\\\/de\\\/produkt\\\/led-leiste-150-watt-14940-lumen-9-30v-40cm-kabel-deutsch-stecker-trsw12270-30c\\\/\",\"url\":\"https:\\\/\\\/mrkbullbars.nl\\\/de\\\/produkt\\\/led-leiste-150-watt-14940-lumen-9-30v-40cm-kabel-deutsch-stecker-trsw12270-30c\\\/\",\"name\":\"LED-Leiste | 150 Watt | 14940 Lumen | 9-30V | 40cm. Kabel | Deutsch-Stecker TRSW12270-30C - MrK Bullbars\",\"isPartOf\":{\"@id\":\"https:\\\/\\\/mrkbullbars.nl\\\/de\\\/#website\"},\"primaryImageOfPage\":{\"@id\":\"https:\\\/\\\/mrkbullbars.nl\\\/de\\\/produkt\\\/led-leiste-150-watt-14940-lumen-9-30v-40cm-kabel-deutsch-stecker-trsw12270-30c\\\/#primaryimage\"},\"image\":{\"@id\":\"https:\\\/\\\/mrkbullbars.nl\\\/de\\\/produkt\\\/led-leiste-150-watt-14940-lumen-9-30v-40cm-kabel-deutsch-stecker-trsw12270-30c\\\/#primaryimage\"},\"thumbnailUrl\":\"https:\\\/\\\/mrkbullbars.nl\\\/wp-content\\\/uploads\\\/2025\\\/01\\\/83dc3e4d-4b50-49da-b24c-53058c48fb9b-40914_2.webp\",\"datePublished\":\"2025-04-12T10:32:43+00:00\",\"breadcrumb\":{\"@id\":\"https:\\\/\\\/mrkbullbars.nl\\\/de\\\/produkt\\\/led-leiste-150-watt-14940-lumen-9-30v-40cm-kabel-deutsch-stecker-trsw12270-30c\\\/#breadcrumb\"},\"inLanguage\":\"de\",\"potentialAction\":[{\"@type\":\"ReadAction\",\"target\":[\"https:\\\/\\\/mrkbullbars.nl\\\/de\\\/produkt\\\/led-leiste-150-watt-14940-lumen-9-30v-40cm-kabel-deutsch-stecker-trsw12270-30c\\\/\"]}]},{\"@type\":\"ImageObject\",\"inLanguage\":\"de\",\"@id\":\"https:\\\/\\\/mrkbullbars.nl\\\/de\\\/produkt\\\/led-leiste-150-watt-14940-lumen-9-30v-40cm-kabel-deutsch-stecker-trsw12270-30c\\\/#primaryimage\",\"url\":\"https:\\\/\\\/mrkbullbars.nl\\\/wp-content\\\/uploads\\\/2025\\\/01\\\/83dc3e4d-4b50-49da-b24c-53058c48fb9b-40914_2.webp\",\"contentUrl\":\"https:\\\/\\\/mrkbullbars.nl\\\/wp-content\\\/uploads\\\/2025\\\/01\\\/83dc3e4d-4b50-49da-b24c-53058c48fb9b-40914_2.webp\",\"width\":500,\"height\":500},{\"@type\":\"BreadcrumbList\",\"@id\":\"https:\\\/\\\/mrkbullbars.nl\\\/de\\\/produkt\\\/led-leiste-150-watt-14940-lumen-9-30v-40cm-kabel-deutsch-stecker-trsw12270-30c\\\/#breadcrumb\",\"itemListElement\":[{\"@type\":\"ListItem\",\"position\":1,\"name\":\"Home\",\"item\":\"https:\\\/\\\/mrkbullbars.nl\\\/de\\\/\"},{\"@type\":\"ListItem\",\"position\":2,\"name\":\"Shop\",\"item\":\"https:\\\/\\\/mrkbullbars.nl\\\/de\\\/shop\\\/\"},{\"@type\":\"ListItem\",\"position\":3,\"name\":\"LED-Leiste | 150 Watt | 14940 Lumen | 9-30V | 40cm. Kabel | Deutsch-Stecker TRSW12270-30C\"}]},{\"@type\":\"WebSite\",\"@id\":\"https:\\\/\\\/mrkbullbars.nl\\\/de\\\/#website\",\"url\":\"https:\\\/\\\/mrkbullbars.nl\\\/de\\\/\",\"name\":\"MrK Bullbars\",\"description\":\"\",\"potentialAction\":[{\"@type\":\"SearchAction\",\"target\":{\"@type\":\"EntryPoint\",\"urlTemplate\":\"https:\\\/\\\/mrkbullbars.nl\\\/de\\\/?s={search_term_string}\"},\"query-input\":{\"@type\":\"PropertyValueSpecification\",\"valueRequired\":true,\"valueName\":\"search_term_string\"}}],\"inLanguage\":\"de\"}]}<\/script>\n<!-- \/ Yoast SEO plugin. -->","yoast_head_json":{"title":"LED-Leiste | 150 Watt | 14940 Lumen | 9-30V | 40cm. Kabel | Deutsch-Stecker TRSW12270-30C - MrK Bullbars","robots":{"index":"index","follow":"follow","max-snippet":"max-snippet:-1","max-image-preview":"max-image-preview:large","max-video-preview":"max-video-preview:-1"},"canonical":"https:\/\/mrkbullbars.nl\/de\/produkt\/led-leiste-150-watt-14940-lumen-9-30v-40cm-kabel-deutsch-stecker-trsw12270-30c\/","og_locale":"de_DE","og_type":"article","og_title":"LED-Leiste | 150 Watt | 14940 Lumen | 9-30V | 40cm. Kabel | Deutsch-Stecker TRSW12270-30C - MrK Bullbars","og_description":"LED-Lichtleiste, ideal f\u00fcr den LKW Diese 150W LED-Leiste mit 14940 Lumen ist ideal f\u00fcr die Montage an Ihrem LKW, 4&#215;4 Gel\u00e4ndewagen und Bagger.Die LED-Leiste ist mit Cree LED ausgestattet, der besten LED auf dem Markt. Die LED-Leiste ist IP68 und somit wasserdicht. Pluszeichen Lieferung mit verschiedenen Montagewinkeln und Anschlussmaterial Ist mit Cree-LEDs ausgestattet Diese LED-Leiste [&hellip;]","og_url":"https:\/\/mrkbullbars.nl\/de\/produkt\/led-leiste-150-watt-14940-lumen-9-30v-40cm-kabel-deutsch-stecker-trsw12270-30c\/","og_site_name":"MrK Bullbars","twitter_card":"summary_large_image","twitter_misc":{"Gesch\u00e4tzte Lesezeit":"1\u00a0Minute"},"schema":{"@context":"https:\/\/schema.org","@graph":[{"@type":"WebPage","@id":"https:\/\/mrkbullbars.nl\/de\/produkt\/led-leiste-150-watt-14940-lumen-9-30v-40cm-kabel-deutsch-stecker-trsw12270-30c\/","url":"https:\/\/mrkbullbars.nl\/de\/produkt\/led-leiste-150-watt-14940-lumen-9-30v-40cm-kabel-deutsch-stecker-trsw12270-30c\/","name":"LED-Leiste | 150 Watt | 14940 Lumen | 9-30V | 40cm. Kabel | Deutsch-Stecker TRSW12270-30C - MrK Bullbars","isPartOf":{"@id":"https:\/\/mrkbullbars.nl\/de\/#website"},"primaryImageOfPage":{"@id":"https:\/\/mrkbullbars.nl\/de\/produkt\/led-leiste-150-watt-14940-lumen-9-30v-40cm-kabel-deutsch-stecker-trsw12270-30c\/#primaryimage"},"image":{"@id":"https:\/\/mrkbullbars.nl\/de\/produkt\/led-leiste-150-watt-14940-lumen-9-30v-40cm-kabel-deutsch-stecker-trsw12270-30c\/#primaryimage"},"thumbnailUrl":"https:\/\/mrkbullbars.nl\/wp-content\/uploads\/2025\/01\/83dc3e4d-4b50-49da-b24c-53058c48fb9b-40914_2.webp","datePublished":"2025-04-12T10:32:43+00:00","breadcrumb":{"@id":"https:\/\/mrkbullbars.nl\/de\/produkt\/led-leiste-150-watt-14940-lumen-9-30v-40cm-kabel-deutsch-stecker-trsw12270-30c\/#breadcrumb"},"inLanguage":"de","potentialAction":[{"@type":"ReadAction","target":["https:\/\/mrkbullbars.nl\/de\/produkt\/led-leiste-150-watt-14940-lumen-9-30v-40cm-kabel-deutsch-stecker-trsw12270-30c\/"]}]},{"@type":"ImageObject","inLanguage":"de","@id":"https:\/\/mrkbullbars.nl\/de\/produkt\/led-leiste-150-watt-14940-lumen-9-30v-40cm-kabel-deutsch-stecker-trsw12270-30c\/#primaryimage","url":"https:\/\/mrkbullbars.nl\/wp-content\/uploads\/2025\/01\/83dc3e4d-4b50-49da-b24c-53058c48fb9b-40914_2.webp","contentUrl":"https:\/\/mrkbullbars.nl\/wp-content\/uploads\/2025\/01\/83dc3e4d-4b50-49da-b24c-53058c48fb9b-40914_2.webp","width":500,"height":500},{"@type":"BreadcrumbList","@id":"https:\/\/mrkbullbars.nl\/de\/produkt\/led-leiste-150-watt-14940-lumen-9-30v-40cm-kabel-deutsch-stecker-trsw12270-30c\/#breadcrumb","itemListElement":[{"@type":"ListItem","position":1,"name":"Home","item":"https:\/\/mrkbullbars.nl\/de\/"},{"@type":"ListItem","position":2,"name":"Shop","item":"https:\/\/mrkbullbars.nl\/de\/shop\/"},{"@type":"ListItem","position":3,"name":"LED-Leiste | 150 Watt | 14940 Lumen | 9-30V | 40cm. Kabel | Deutsch-Stecker TRSW12270-30C"}]},{"@type":"WebSite","@id":"https:\/\/mrkbullbars.nl\/de\/#website","url":"https:\/\/mrkbullbars.nl\/de\/","name":"MrK Bullbars","description":"","potentialAction":[{"@type":"SearchAction","target":{"@type":"EntryPoint","urlTemplate":"https:\/\/mrkbullbars.nl\/de\/?s={search_term_string}"},"query-input":{"@type":"PropertyValueSpecification","valueRequired":true,"valueName":"search_term_string"}}],"inLanguage":"de"}]}},"_links":{"self":[{"href":"https:\/\/mrkbullbars.nl\/de\/wp-json\/wp\/v2\/product\/8090","targetHints":{"allow":["GET"]}}],"collection":[{"href":"https:\/\/mrkbullbars.nl\/de\/wp-json\/wp\/v2\/product"}],"about":[{"href":"https:\/\/mrkbullbars.nl\/de\/wp-json\/wp\/v2\/types\/product"}],"replies":[{"embeddable":true,"href":"https:\/\/mrkbullbars.nl\/de\/wp-json\/wp\/v2\/comments?post=8090"}],"wp:featuredmedia":[{"embeddable":true,"href":"https:\/\/mrkbullbars.nl\/de\/wp-json\/wp\/v2\/media\/6311"}],"wp:attachment":[{"href":"https:\/\/mrkbullbars.nl\/de\/wp-json\/wp\/v2\/media?parent=8090"}],"wp:term":[{"taxonomy":"product_brand","embeddable":true,"href":"https:\/\/mrkbullbars.nl\/de\/wp-json\/wp\/v2\/product_brand?post=8090"},{"taxonomy":"product_cat","embeddable":true,"href":"https:\/\/mrkbullbars.nl\/de\/wp-json\/wp\/v2\/product_cat?post=8090"},{"taxonomy":"product_tag","embeddable":true,"href":"https:\/\/mrkbullbars.nl\/de\/wp-json\/wp\/v2\/product_tag?post=8090"}],"curies":[{"name":"wp","href":"https:\/\/api.w.org\/{rel}","templated":true}]}}