{"id":8096,"date":"2025-01-23T10:33:11","date_gmt":"2025-04-12T10:34:25","guid":{"rendered":"https:\/\/mrkbullbars.nl\/product\/led-leiste-mit-standlicht-180-watt-12000-lumen-9-30v-04-m-kabel-deutsch-stecker-trsw12277-12d\/"},"modified":"2025-04-12T12:34:25","modified_gmt":"2025-04-12T10:34:25","slug":"led-leiste-mit-standlicht-180-watt-12000-lumen-9-30v-04-m-kabel-deutsch-stecker-trsw12277-12d","status":"publish","type":"product","link":"https:\/\/mrkbullbars.nl\/de\/produkt\/led-leiste-mit-standlicht-180-watt-12000-lumen-9-30v-04-m-kabel-deutsch-stecker-trsw12277-12d\/","title":{"rendered":"LED-Leiste mit Standlicht | 180 Watt | 12000 Lumen | 9 &#8211; 30V | 0,4 m Kabel Deutsch-Stecker | TRSW12277-12D"},"content":{"rendered":"<h2>LED-Lichtleiste 12.000 Lumen<\/h2>\n<p>Diese gebogene 180-W-LED-Leiste mit 12.000 Lumen ist ideal f\u00fcr die Montage an Ihrem LKW, 4&#215;4-Gel\u00e4ndewagen und Bagger. Diese LED-Leiste ist mit Tagfahrlicht ausgestattet, das separat angeschlossen werden kann. Das robuste IP68-Aluminiumgeh\u00e4use sorgt f\u00fcr eine lange Lebensdauer.<\/p>\n<h2>LED-Leiste mit Standlicht<\/h2>\n<p>Diese 180W LED-Leiste mit 12.000 Lumen ist ideal f\u00fcr die Montage an LKWs, 4&#215;4-Nutzfahrzeugen oder Baggern. Die LED-Leiste mit Standlicht, auch Tagfahrlicht genannt, hat eine geschwungene Optik. Dadurch wird die Lichtstreuung bis zu 140 Grad gestreut.<\/p>\n<h2>LED-Leiste mit Standlicht mit Fernlicht Bild<\/h2>\n<p>Eine LED-Leiste mit Fernlicht sorgt f\u00fcr eine intensive, mittig platzierte Lichtverteilung. Es ist sehr wichtig, dass die LED-Leiste eine Blendung bei anderen Verkehrsteilnehmern verhindert. Daher k\u00f6nnen die LED-Leisten nur verwendet werden, wenn Sie alleine auf der Stra\u00dfe unterwegs sind. Zus\u00e4tzlich ist die LED-Leiste mit Tagfahrlicht ausgestattet. Dieser kann separat angeschlossen werden.<\/p>\n<h2>Lange Lebensdauer durch IP68-zertifiziertes Aluminiumgeh\u00e4use<\/h2>\n<p>Die LED-Leiste mit Standlicht ist mit einem Aluminiumgeh\u00e4use ausgestattet. Dar\u00fcber hinaus ist die LED-Leiste mit einem IP68-Standard ausgestattet. Dadurch bleibt die LED-Leiste auch unter Wasser unter den angegebenen Bedingungen verwendbar. Die Linse besteht aus Polycarbonat und ist, wie die anderen Materialien der LED-Leiste, von hoher Qualit\u00e4t.<\/p>\n<h2>Einfache Montage mit Deutsch Connector<\/h2>\n<p>Die LED-Leiste l\u00e4sst sich einfach an Ihrem Fahrzeug montieren. So ist die LED-Lichtleiste beispielsweise mit einem Deutsch Connector ausgestattet. Zus\u00e4tzlich wird die LED-Leiste mit Standlicht mit einem 40cm Kabel geliefert. Dadurch l\u00e4sst sich die Leuchte leicht an die \u00fcblichen Kabelb\u00e4ume anschlie\u00dfen.<\/p>\n<h2>LED-Leiste mit den erforderlichen Zertifikaten<\/h2>\n<p>Da die LED-Leiste mit allen erforderlichen Zertifikaten ausgestattet ist, ist sie vollst\u00e4ndig f\u00fcr den Einsatz auf niederl\u00e4ndischen Stra\u00dfen zugelassen. Die Lichtleiste ist mit einer CE-Kennzeichnung, einer E-Kennzeichnung und einem ECE-R10-Zertifikat versehen, was bedeutet, dass diese LED-Leiste die Ausr\u00fcstung Ihres Fahrzeugs nicht beeintr\u00e4chtigt.<\/p>\n<h2>TRALERT\u00ae, der Spezialist f\u00fcr LED-Fahrzeugbeleuchtung<\/h2>\n<p>Seit der Gr\u00fcndung im Jahr 2005 konzentriert sich TRALERT\u00ae ausschlie\u00dflich auf die Lieferung und Beratung von ausschlie\u00dflich LED-Fahrzeugbeleuchtungen. Im Laufe der Jahre haben wir unser Sortiment enorm erweitert. So auch in der <a href=\"https:\/\/www.tralert.com\/c\/led-bars\/\">Kategorie LED-Leiste<\/a> mit Standlicht. Dar\u00fcber hinaus sind wir bestrebt, unseren H\u00e4ndlern und Wiederverk\u00e4ufern einen exzellenten Service und einen professionellen technischen Support zu bieten.<\/p>\n<p>&nbsp;<\/p>\n<div class=\"content-box\">\n<p>Suchen: #LED Lichtbalken, #LED Balken gebogen, #LED Lichtbalken, #LED Lichtbalken, #LED Balken mit Standlicht, #LED Balken mit Tagfahrlicht, #ledbar #light+Balken<\/p>\n<\/div>\n","protected":false},"excerpt":{"rendered":"<p>LED-Lichtleiste 12.000 Lumen Diese gebogene 180-W-LED-Leiste mit 12.000 Lumen ist ideal f\u00fcr die Montage an Ihrem LKW, 4&#215;4-Gel\u00e4ndewagen und Bagger. Diese LED-Leiste ist mit Tagfahrlicht ausgestattet, das separat angeschlossen werden kann. Das robuste IP68-Aluminiumgeh\u00e4use sorgt f\u00fcr eine lange Lebensdauer. LED-Leiste mit Standlicht Diese 180W LED-Leiste mit 12.000 Lumen ist ideal f\u00fcr die Montage an LKWs, [&hellip;]<\/p>\n","protected":false},"featured_media":6359,"comment_status":"open","ping_status":"closed","template":"","meta":{"_acf_changed":false,"_genesis_hide_title":false,"_genesis_hide_breadcrumbs":false,"_genesis_hide_singular_image":false,"_genesis_hide_footer_widgets":false,"_genesis_custom_body_class":"","_genesis_custom_post_class":"","_genesis_layout":""},"product_brand":[],"product_cat":[301],"product_tag":[],"class_list":{"0":"post-8096","1":"product","2":"type-product","3":"status-publish","4":"has-post-thumbnail","6":"product_cat-led-leisten","7":"entry","9":"first","10":"instock","11":"taxable","12":"shipping-taxable","13":"purchasable","14":"product-type-simple"},"acf":[],"yoast_head":"<!-- This site is optimized with the Yoast SEO plugin v27.3 - https:\/\/yoast.com\/product\/yoast-seo-wordpress\/ -->\n<title>LED-Leiste mit Standlicht | 180 Watt | 12000 Lumen | 9 - 30V | 0,4 m Kabel Deutsch-Stecker | TRSW12277-12D - MrK Bullbars<\/title>\n<meta name=\"robots\" content=\"index, follow, max-snippet:-1, max-image-preview:large, max-video-preview:-1\" \/>\n<link rel=\"canonical\" href=\"https:\/\/mrkbullbars.nl\/de\/produkt\/led-leiste-mit-standlicht-180-watt-12000-lumen-9-30v-04-m-kabel-deutsch-stecker-trsw12277-12d\/\" \/>\n<meta property=\"og:locale\" content=\"de_DE\" \/>\n<meta property=\"og:type\" content=\"article\" \/>\n<meta property=\"og:title\" content=\"LED-Leiste mit Standlicht | 180 Watt | 12000 Lumen | 9 - 30V | 0,4 m Kabel Deutsch-Stecker | TRSW12277-12D - MrK Bullbars\" \/>\n<meta property=\"og:description\" content=\"LED-Lichtleiste 12.000 Lumen Diese gebogene 180-W-LED-Leiste mit 12.000 Lumen ist ideal f\u00fcr die Montage an Ihrem LKW, 4&#215;4-Gel\u00e4ndewagen und Bagger. Diese LED-Leiste ist mit Tagfahrlicht ausgestattet, das separat angeschlossen werden kann. Das robuste IP68-Aluminiumgeh\u00e4use sorgt f\u00fcr eine lange Lebensdauer. LED-Leiste mit Standlicht Diese 180W LED-Leiste mit 12.000 Lumen ist ideal f\u00fcr die Montage an LKWs, [&hellip;]\" \/>\n<meta property=\"og:url\" content=\"https:\/\/mrkbullbars.nl\/de\/produkt\/led-leiste-mit-standlicht-180-watt-12000-lumen-9-30v-04-m-kabel-deutsch-stecker-trsw12277-12d\/\" \/>\n<meta property=\"og:site_name\" content=\"MrK Bullbars\" \/>\n<meta name=\"twitter:card\" content=\"summary_large_image\" \/>\n<meta name=\"twitter:label1\" content=\"Gesch\u00e4tzte Lesezeit\" \/>\n\t<meta name=\"twitter:data1\" content=\"2\u00a0Minuten\" \/>\n<script type=\"application\/ld+json\" class=\"yoast-schema-graph\">{\"@context\":\"https:\\\/\\\/schema.org\",\"@graph\":[{\"@type\":\"WebPage\",\"@id\":\"https:\\\/\\\/mrkbullbars.nl\\\/de\\\/produkt\\\/led-leiste-mit-standlicht-180-watt-12000-lumen-9-30v-04-m-kabel-deutsch-stecker-trsw12277-12d\\\/\",\"url\":\"https:\\\/\\\/mrkbullbars.nl\\\/de\\\/produkt\\\/led-leiste-mit-standlicht-180-watt-12000-lumen-9-30v-04-m-kabel-deutsch-stecker-trsw12277-12d\\\/\",\"name\":\"LED-Leiste mit Standlicht | 180 Watt | 12000 Lumen | 9 - 30V | 0,4 m Kabel Deutsch-Stecker | TRSW12277-12D - MrK Bullbars\",\"isPartOf\":{\"@id\":\"https:\\\/\\\/mrkbullbars.nl\\\/de\\\/#website\"},\"primaryImageOfPage\":{\"@id\":\"https:\\\/\\\/mrkbullbars.nl\\\/de\\\/produkt\\\/led-leiste-mit-standlicht-180-watt-12000-lumen-9-30v-04-m-kabel-deutsch-stecker-trsw12277-12d\\\/#primaryimage\"},\"image\":{\"@id\":\"https:\\\/\\\/mrkbullbars.nl\\\/de\\\/produkt\\\/led-leiste-mit-standlicht-180-watt-12000-lumen-9-30v-04-m-kabel-deutsch-stecker-trsw12277-12d\\\/#primaryimage\"},\"thumbnailUrl\":\"https:\\\/\\\/mrkbullbars.nl\\\/wp-content\\\/uploads\\\/2025\\\/01\\\/c3c4e857-7a7d-4231-a104-2209f8b26635-41993_2.webp\",\"datePublished\":\"2025-04-12T10:34:25+00:00\",\"breadcrumb\":{\"@id\":\"https:\\\/\\\/mrkbullbars.nl\\\/de\\\/produkt\\\/led-leiste-mit-standlicht-180-watt-12000-lumen-9-30v-04-m-kabel-deutsch-stecker-trsw12277-12d\\\/#breadcrumb\"},\"inLanguage\":\"de\",\"potentialAction\":[{\"@type\":\"ReadAction\",\"target\":[\"https:\\\/\\\/mrkbullbars.nl\\\/de\\\/produkt\\\/led-leiste-mit-standlicht-180-watt-12000-lumen-9-30v-04-m-kabel-deutsch-stecker-trsw12277-12d\\\/\"]}]},{\"@type\":\"ImageObject\",\"inLanguage\":\"de\",\"@id\":\"https:\\\/\\\/mrkbullbars.nl\\\/de\\\/produkt\\\/led-leiste-mit-standlicht-180-watt-12000-lumen-9-30v-04-m-kabel-deutsch-stecker-trsw12277-12d\\\/#primaryimage\",\"url\":\"https:\\\/\\\/mrkbullbars.nl\\\/wp-content\\\/uploads\\\/2025\\\/01\\\/c3c4e857-7a7d-4231-a104-2209f8b26635-41993_2.webp\",\"contentUrl\":\"https:\\\/\\\/mrkbullbars.nl\\\/wp-content\\\/uploads\\\/2025\\\/01\\\/c3c4e857-7a7d-4231-a104-2209f8b26635-41993_2.webp\",\"width\":500,\"height\":500},{\"@type\":\"BreadcrumbList\",\"@id\":\"https:\\\/\\\/mrkbullbars.nl\\\/de\\\/produkt\\\/led-leiste-mit-standlicht-180-watt-12000-lumen-9-30v-04-m-kabel-deutsch-stecker-trsw12277-12d\\\/#breadcrumb\",\"itemListElement\":[{\"@type\":\"ListItem\",\"position\":1,\"name\":\"Home\",\"item\":\"https:\\\/\\\/mrkbullbars.nl\\\/de\\\/\"},{\"@type\":\"ListItem\",\"position\":2,\"name\":\"Shop\",\"item\":\"https:\\\/\\\/mrkbullbars.nl\\\/de\\\/shop\\\/\"},{\"@type\":\"ListItem\",\"position\":3,\"name\":\"LED-Leiste mit Standlicht | 180 Watt | 12000 Lumen | 9 &#8211; 30V | 0,4 m Kabel Deutsch-Stecker | TRSW12277-12D\"}]},{\"@type\":\"WebSite\",\"@id\":\"https:\\\/\\\/mrkbullbars.nl\\\/de\\\/#website\",\"url\":\"https:\\\/\\\/mrkbullbars.nl\\\/de\\\/\",\"name\":\"MrK Bullbars\",\"description\":\"\",\"potentialAction\":[{\"@type\":\"SearchAction\",\"target\":{\"@type\":\"EntryPoint\",\"urlTemplate\":\"https:\\\/\\\/mrkbullbars.nl\\\/de\\\/?s={search_term_string}\"},\"query-input\":{\"@type\":\"PropertyValueSpecification\",\"valueRequired\":true,\"valueName\":\"search_term_string\"}}],\"inLanguage\":\"de\"}]}<\/script>\n<!-- \/ Yoast SEO plugin. -->","yoast_head_json":{"title":"LED-Leiste mit Standlicht | 180 Watt | 12000 Lumen | 9 - 30V | 0,4 m Kabel Deutsch-Stecker | TRSW12277-12D - MrK Bullbars","robots":{"index":"index","follow":"follow","max-snippet":"max-snippet:-1","max-image-preview":"max-image-preview:large","max-video-preview":"max-video-preview:-1"},"canonical":"https:\/\/mrkbullbars.nl\/de\/produkt\/led-leiste-mit-standlicht-180-watt-12000-lumen-9-30v-04-m-kabel-deutsch-stecker-trsw12277-12d\/","og_locale":"de_DE","og_type":"article","og_title":"LED-Leiste mit Standlicht | 180 Watt | 12000 Lumen | 9 - 30V | 0,4 m Kabel Deutsch-Stecker | TRSW12277-12D - MrK Bullbars","og_description":"LED-Lichtleiste 12.000 Lumen Diese gebogene 180-W-LED-Leiste mit 12.000 Lumen ist ideal f\u00fcr die Montage an Ihrem LKW, 4&#215;4-Gel\u00e4ndewagen und Bagger. Diese LED-Leiste ist mit Tagfahrlicht ausgestattet, das separat angeschlossen werden kann. Das robuste IP68-Aluminiumgeh\u00e4use sorgt f\u00fcr eine lange Lebensdauer. LED-Leiste mit Standlicht Diese 180W LED-Leiste mit 12.000 Lumen ist ideal f\u00fcr die Montage an LKWs, [&hellip;]","og_url":"https:\/\/mrkbullbars.nl\/de\/produkt\/led-leiste-mit-standlicht-180-watt-12000-lumen-9-30v-04-m-kabel-deutsch-stecker-trsw12277-12d\/","og_site_name":"MrK Bullbars","twitter_card":"summary_large_image","twitter_misc":{"Gesch\u00e4tzte Lesezeit":"2\u00a0Minuten"},"schema":{"@context":"https:\/\/schema.org","@graph":[{"@type":"WebPage","@id":"https:\/\/mrkbullbars.nl\/de\/produkt\/led-leiste-mit-standlicht-180-watt-12000-lumen-9-30v-04-m-kabel-deutsch-stecker-trsw12277-12d\/","url":"https:\/\/mrkbullbars.nl\/de\/produkt\/led-leiste-mit-standlicht-180-watt-12000-lumen-9-30v-04-m-kabel-deutsch-stecker-trsw12277-12d\/","name":"LED-Leiste mit Standlicht | 180 Watt | 12000 Lumen | 9 - 30V | 0,4 m Kabel Deutsch-Stecker | TRSW12277-12D - MrK Bullbars","isPartOf":{"@id":"https:\/\/mrkbullbars.nl\/de\/#website"},"primaryImageOfPage":{"@id":"https:\/\/mrkbullbars.nl\/de\/produkt\/led-leiste-mit-standlicht-180-watt-12000-lumen-9-30v-04-m-kabel-deutsch-stecker-trsw12277-12d\/#primaryimage"},"image":{"@id":"https:\/\/mrkbullbars.nl\/de\/produkt\/led-leiste-mit-standlicht-180-watt-12000-lumen-9-30v-04-m-kabel-deutsch-stecker-trsw12277-12d\/#primaryimage"},"thumbnailUrl":"https:\/\/mrkbullbars.nl\/wp-content\/uploads\/2025\/01\/c3c4e857-7a7d-4231-a104-2209f8b26635-41993_2.webp","datePublished":"2025-04-12T10:34:25+00:00","breadcrumb":{"@id":"https:\/\/mrkbullbars.nl\/de\/produkt\/led-leiste-mit-standlicht-180-watt-12000-lumen-9-30v-04-m-kabel-deutsch-stecker-trsw12277-12d\/#breadcrumb"},"inLanguage":"de","potentialAction":[{"@type":"ReadAction","target":["https:\/\/mrkbullbars.nl\/de\/produkt\/led-leiste-mit-standlicht-180-watt-12000-lumen-9-30v-04-m-kabel-deutsch-stecker-trsw12277-12d\/"]}]},{"@type":"ImageObject","inLanguage":"de","@id":"https:\/\/mrkbullbars.nl\/de\/produkt\/led-leiste-mit-standlicht-180-watt-12000-lumen-9-30v-04-m-kabel-deutsch-stecker-trsw12277-12d\/#primaryimage","url":"https:\/\/mrkbullbars.nl\/wp-content\/uploads\/2025\/01\/c3c4e857-7a7d-4231-a104-2209f8b26635-41993_2.webp","contentUrl":"https:\/\/mrkbullbars.nl\/wp-content\/uploads\/2025\/01\/c3c4e857-7a7d-4231-a104-2209f8b26635-41993_2.webp","width":500,"height":500},{"@type":"BreadcrumbList","@id":"https:\/\/mrkbullbars.nl\/de\/produkt\/led-leiste-mit-standlicht-180-watt-12000-lumen-9-30v-04-m-kabel-deutsch-stecker-trsw12277-12d\/#breadcrumb","itemListElement":[{"@type":"ListItem","position":1,"name":"Home","item":"https:\/\/mrkbullbars.nl\/de\/"},{"@type":"ListItem","position":2,"name":"Shop","item":"https:\/\/mrkbullbars.nl\/de\/shop\/"},{"@type":"ListItem","position":3,"name":"LED-Leiste mit Standlicht | 180 Watt | 12000 Lumen | 9 &#8211; 30V | 0,4 m Kabel Deutsch-Stecker | TRSW12277-12D"}]},{"@type":"WebSite","@id":"https:\/\/mrkbullbars.nl\/de\/#website","url":"https:\/\/mrkbullbars.nl\/de\/","name":"MrK Bullbars","description":"","potentialAction":[{"@type":"SearchAction","target":{"@type":"EntryPoint","urlTemplate":"https:\/\/mrkbullbars.nl\/de\/?s={search_term_string}"},"query-input":{"@type":"PropertyValueSpecification","valueRequired":true,"valueName":"search_term_string"}}],"inLanguage":"de"}]}},"_links":{"self":[{"href":"https:\/\/mrkbullbars.nl\/de\/wp-json\/wp\/v2\/product\/8096","targetHints":{"allow":["GET"]}}],"collection":[{"href":"https:\/\/mrkbullbars.nl\/de\/wp-json\/wp\/v2\/product"}],"about":[{"href":"https:\/\/mrkbullbars.nl\/de\/wp-json\/wp\/v2\/types\/product"}],"replies":[{"embeddable":true,"href":"https:\/\/mrkbullbars.nl\/de\/wp-json\/wp\/v2\/comments?post=8096"}],"wp:featuredmedia":[{"embeddable":true,"href":"https:\/\/mrkbullbars.nl\/de\/wp-json\/wp\/v2\/media\/6359"}],"wp:attachment":[{"href":"https:\/\/mrkbullbars.nl\/de\/wp-json\/wp\/v2\/media?parent=8096"}],"wp:term":[{"taxonomy":"product_brand","embeddable":true,"href":"https:\/\/mrkbullbars.nl\/de\/wp-json\/wp\/v2\/product_brand?post=8096"},{"taxonomy":"product_cat","embeddable":true,"href":"https:\/\/mrkbullbars.nl\/de\/wp-json\/wp\/v2\/product_cat?post=8096"},{"taxonomy":"product_tag","embeddable":true,"href":"https:\/\/mrkbullbars.nl\/de\/wp-json\/wp\/v2\/product_tag?post=8096"}],"curies":[{"name":"wp","href":"https:\/\/api.w.org\/{rel}","templated":true}]}}