{"id":8098,"date":"2025-01-23T10:33:26","date_gmt":"2025-04-12T10:34:59","guid":{"rendered":"https:\/\/mrkbullbars.nl\/product\/led-leiste-240-watt-16000-lumen-9-30v-40cm-kabel-deutsch-stecker-trsw12277-16d\/"},"modified":"2025-04-12T12:34:59","modified_gmt":"2025-04-12T10:34:59","slug":"led-leiste-240-watt-16000-lumen-9-30v-40cm-kabel-deutsch-stecker-trsw12277-16d","status":"publish","type":"product","link":"https:\/\/mrkbullbars.nl\/de\/produkt\/led-leiste-240-watt-16000-lumen-9-30v-40cm-kabel-deutsch-stecker-trsw12277-16d\/","title":{"rendered":"LED-Leiste | 240 Watt | 16000 Lumen | 9-30V | 40cm. Kabel | Deutsch-Stecker TRSW12277-16D"},"content":{"rendered":"<h2>LED-Leiste 240 Watt<\/h2>\n<p>LED-Leiste 240 Watt mit gebogenen Kurven. Diese LED-Leiste ist ideal f\u00fcr die Montage an LKWs, 4&#215;4-Gel\u00e4ndewagen und Baggern. Kann diese LED-Leiste 24 V verarbeiten? Ja, diese LED-Leiste ist f\u00fcr 9-30 V geeignet. Diese LED-Leiste ist mit Tagfahrlicht ausgestattet. Diese kann separat an die LED-Leiste angeschlossen werden. Das robuste IP68-Aluminiumgeh\u00e4use sorgt f\u00fcr eine lange Lebensdauer.<\/p>\n<h2>LED-Leiste 240 Watt mit 16000 Lumen<\/h2>\n<p>Diese leistungsstarke LED-Leiste hat 16000 Lumen. Durch die hohe Lumenleistung sorgt die LED-Leiste f\u00fcr ein riesiges Lichtbild, das das gesamte Stra\u00dfendach ausleuchtet. Durch die Mehrspannung (9-30V) ist die LED-Leiste in der Lage, Spitzenspannungen standzuhalten. Dies, in Kombination mit dem starken Geh\u00e4use und den verwendeten Materialien, macht die Lichtleiste zu einer, die \u00fcber einen l\u00e4ngeren Zeitraum h\u00e4lt.<\/p>\n<p><img loading=\"lazy\" decoding=\"async\" alt=\"LED-Leiste 240 Watt\" height=\"562\" src=\"https:\/\/cdn.webshopapp.com\/shops\/297521\/files\/381537383\/led-bar.jpg\" width=\"1920\"><\/p>\n<h2>Die bei TRALERT\u00ae erh\u00e4ltlichen LED-Leisten<\/h2>\n<p>Die TRALERT-Reihe\u00ae besteht aus mehreren LED-Leisten, darunter die oben abgebildete LED-Leiste 240 Watt mit 16000 Lumen. Neben dieser Lichtleiste sind LED-Lichtleisten in verschiedenen Ausf\u00fchrungen und Anwendungen erh\u00e4ltlich. Dadurch sind die LED-Leisten f\u00fcr verschiedene Fahrzeuge einsetzbar. Als Spezialist und bedeutender Anbieter von LED-Fahrzeugbeleuchtung liefern wir hochwertige LED-Produkte zu guten Preisen. Dar\u00fcber hinaus k\u00f6nnen Sie unser technisches Wissen jederzeit nach dem Kauf nutzen. Wenn Sie oder Ihr Kunde Fragen zu den gekauften Produkten haben, k\u00f6nnen Sie diesen Kunden gerne an unseren Helpdesk verweisen. Unsere technischen Experten helfen Ihnen gerne bei der Beantwortung dieser Fragen.  &nbsp;<\/p>\n<h2>Das gesamte Sortiment ab Lager lieferbar<\/h2>\n<p>Als Anbieter von LED-Fahrzeugbeleuchtung setzen wir alles daran, Sie so gut wie m\u00f6glich zu entlasten. Eine unserer St\u00e4rken ist die Lieferung ab Lager. Das hei\u00dft, wenn Sie \u00fcber unser H\u00e4ndlerportal eine LED-Leiste bestellen, die auf Lager ist, wird diese am n\u00e4chsten Tag an Sie geliefert. Auf diese Weise k\u00f6nnen Sie nach der Bestellung schnell mit der Installation Ihrer neuen LED-Beleuchtung beginnen.<\/p>\n<h2>LED-Leiste 240 Watt erf\u00fcllt alle Zertifikate<\/h2>\n<p>Beim Verkauf unserer Produkte legen wir gro\u00dfen Wert darauf, dass sie von hervorragender Qualit\u00e4t sind. Aus diesem Grund wird unser Sortiment durchgef\u00fchrt und getestet, bevor die Produkte des Sortiments auf dem H\u00e4ndlerportal erscheinen. Auf diese Weise k\u00f6nnen wir Ihnen versichern, dass der Kauf einer LED-Leiste von TRALERT\u00ae den Qualit\u00e4tsstandards entspricht, die Sie f\u00fcr sie festgelegt haben. Zus\u00e4tzlich sind die LED-Leisten mit verschiedenen Zertifikaten versehen. Nehmen Sie als Beispiel die LED-Leiste 240 Watt (TRSW12277-16D). Diese LED-Leiste ist mit einem wasserdichten IP68-Geh\u00e4use ausgestattet.<\/p>\n<h2>LED-Leiste 24V?<\/h2>\n<p>Kann diese LED-Leiste 24 V verarbeiten? Die Spannung dieser LED-Leiste reicht von 9-30 V. Das bedeutet, dass die LED-Leiste eine Spannung innerhalb dieser angegebenen Spannung verarbeiten kann. Diese Lampe kann also durchaus mit 24V umgehen.<\/p>\n<p><strong>Neugierig auf unser komplettes <a href=\"https:\/\/shop.tralert.com\/nl\/led-verlichting\/led-bars\/\">LED-Bar-Sortiment<\/a>?<\/strong><\/p>\n<p>&nbsp;<\/p>\n<p>Suchergebnisse: #light+bar<\/p>\n","protected":false},"excerpt":{"rendered":"<p>LED-Leiste 240 Watt LED-Leiste 240 Watt mit gebogenen Kurven. Diese LED-Leiste ist ideal f\u00fcr die Montage an LKWs, 4&#215;4-Gel\u00e4ndewagen und Baggern. Kann diese LED-Leiste 24 V verarbeiten? Ja, diese LED-Leiste ist f\u00fcr 9-30 V geeignet. Diese LED-Leiste ist mit Tagfahrlicht ausgestattet. Diese kann separat an die LED-Leiste angeschlossen werden. Das robuste IP68-Aluminiumgeh\u00e4use sorgt f\u00fcr eine [&hellip;]<\/p>\n","protected":false},"featured_media":6381,"comment_status":"open","ping_status":"closed","template":"","meta":{"_acf_changed":false,"_genesis_hide_title":false,"_genesis_hide_breadcrumbs":false,"_genesis_hide_singular_image":false,"_genesis_hide_footer_widgets":false,"_genesis_custom_body_class":"","_genesis_custom_post_class":"","_genesis_layout":""},"product_brand":[],"product_cat":[301],"product_tag":[],"class_list":{"0":"post-8098","1":"product","2":"type-product","3":"status-publish","4":"has-post-thumbnail","6":"product_cat-led-leisten","7":"entry","9":"first","10":"instock","11":"taxable","12":"shipping-taxable","13":"purchasable","14":"product-type-simple"},"acf":[],"yoast_head":"<!-- This site is optimized with the Yoast SEO plugin v27.4 - https:\/\/yoast.com\/product\/yoast-seo-wordpress\/ -->\n<title>LED-Leiste | 240 Watt | 16000 Lumen | 9-30V | 40cm. Kabel | Deutsch-Stecker TRSW12277-16D - MrK Bullbars<\/title>\n<meta name=\"robots\" content=\"index, follow, max-snippet:-1, max-image-preview:large, max-video-preview:-1\" \/>\n<link rel=\"canonical\" href=\"https:\/\/mrkbullbars.nl\/de\/produkt\/led-leiste-240-watt-16000-lumen-9-30v-40cm-kabel-deutsch-stecker-trsw12277-16d\/\" \/>\n<meta property=\"og:locale\" content=\"de_DE\" \/>\n<meta property=\"og:type\" content=\"article\" \/>\n<meta property=\"og:title\" content=\"LED-Leiste | 240 Watt | 16000 Lumen | 9-30V | 40cm. Kabel | Deutsch-Stecker TRSW12277-16D - MrK Bullbars\" \/>\n<meta property=\"og:description\" content=\"LED-Leiste 240 Watt LED-Leiste 240 Watt mit gebogenen Kurven. Diese LED-Leiste ist ideal f\u00fcr die Montage an LKWs, 4&#215;4-Gel\u00e4ndewagen und Baggern. Kann diese LED-Leiste 24 V verarbeiten? Ja, diese LED-Leiste ist f\u00fcr 9-30 V geeignet. Diese LED-Leiste ist mit Tagfahrlicht ausgestattet. Diese kann separat an die LED-Leiste angeschlossen werden. Das robuste IP68-Aluminiumgeh\u00e4use sorgt f\u00fcr eine [&hellip;]\" \/>\n<meta property=\"og:url\" content=\"https:\/\/mrkbullbars.nl\/de\/produkt\/led-leiste-240-watt-16000-lumen-9-30v-40cm-kabel-deutsch-stecker-trsw12277-16d\/\" \/>\n<meta property=\"og:site_name\" content=\"MrK Bullbars\" \/>\n<meta property=\"og:image\" content=\"https:\/\/cdn.webshopapp.com\/shops\/297521\/files\/381537383\/led-bar.jpg\" \/>\n<meta name=\"twitter:card\" content=\"summary_large_image\" \/>\n<meta name=\"twitter:label1\" content=\"Gesch\u00e4tzte Lesezeit\" \/>\n\t<meta name=\"twitter:data1\" content=\"2\u00a0Minuten\" \/>\n<script type=\"application\/ld+json\" class=\"yoast-schema-graph\">{\"@context\":\"https:\\\/\\\/schema.org\",\"@graph\":[{\"@type\":\"WebPage\",\"@id\":\"https:\\\/\\\/mrkbullbars.nl\\\/de\\\/produkt\\\/led-leiste-240-watt-16000-lumen-9-30v-40cm-kabel-deutsch-stecker-trsw12277-16d\\\/\",\"url\":\"https:\\\/\\\/mrkbullbars.nl\\\/de\\\/produkt\\\/led-leiste-240-watt-16000-lumen-9-30v-40cm-kabel-deutsch-stecker-trsw12277-16d\\\/\",\"name\":\"LED-Leiste | 240 Watt | 16000 Lumen | 9-30V | 40cm. Kabel | Deutsch-Stecker TRSW12277-16D - MrK Bullbars\",\"isPartOf\":{\"@id\":\"https:\\\/\\\/mrkbullbars.nl\\\/de\\\/#website\"},\"primaryImageOfPage\":{\"@id\":\"https:\\\/\\\/mrkbullbars.nl\\\/de\\\/produkt\\\/led-leiste-240-watt-16000-lumen-9-30v-40cm-kabel-deutsch-stecker-trsw12277-16d\\\/#primaryimage\"},\"image\":{\"@id\":\"https:\\\/\\\/mrkbullbars.nl\\\/de\\\/produkt\\\/led-leiste-240-watt-16000-lumen-9-30v-40cm-kabel-deutsch-stecker-trsw12277-16d\\\/#primaryimage\"},\"thumbnailUrl\":\"https:\\\/\\\/mrkbullbars.nl\\\/wp-content\\\/uploads\\\/2025\\\/01\\\/069d0cbc-2acc-4bd3-8430-7be038d65af7-41479-nl.webp\",\"datePublished\":\"2025-04-12T10:34:59+00:00\",\"breadcrumb\":{\"@id\":\"https:\\\/\\\/mrkbullbars.nl\\\/de\\\/produkt\\\/led-leiste-240-watt-16000-lumen-9-30v-40cm-kabel-deutsch-stecker-trsw12277-16d\\\/#breadcrumb\"},\"inLanguage\":\"de\",\"potentialAction\":[{\"@type\":\"ReadAction\",\"target\":[\"https:\\\/\\\/mrkbullbars.nl\\\/de\\\/produkt\\\/led-leiste-240-watt-16000-lumen-9-30v-40cm-kabel-deutsch-stecker-trsw12277-16d\\\/\"]}]},{\"@type\":\"ImageObject\",\"inLanguage\":\"de\",\"@id\":\"https:\\\/\\\/mrkbullbars.nl\\\/de\\\/produkt\\\/led-leiste-240-watt-16000-lumen-9-30v-40cm-kabel-deutsch-stecker-trsw12277-16d\\\/#primaryimage\",\"url\":\"https:\\\/\\\/mrkbullbars.nl\\\/wp-content\\\/uploads\\\/2025\\\/01\\\/069d0cbc-2acc-4bd3-8430-7be038d65af7-41479-nl.webp\",\"contentUrl\":\"https:\\\/\\\/mrkbullbars.nl\\\/wp-content\\\/uploads\\\/2025\\\/01\\\/069d0cbc-2acc-4bd3-8430-7be038d65af7-41479-nl.webp\",\"width\":800,\"height\":267},{\"@type\":\"BreadcrumbList\",\"@id\":\"https:\\\/\\\/mrkbullbars.nl\\\/de\\\/produkt\\\/led-leiste-240-watt-16000-lumen-9-30v-40cm-kabel-deutsch-stecker-trsw12277-16d\\\/#breadcrumb\",\"itemListElement\":[{\"@type\":\"ListItem\",\"position\":1,\"name\":\"Home\",\"item\":\"https:\\\/\\\/mrkbullbars.nl\\\/de\\\/\"},{\"@type\":\"ListItem\",\"position\":2,\"name\":\"Shop\",\"item\":\"https:\\\/\\\/mrkbullbars.nl\\\/de\\\/shop\\\/\"},{\"@type\":\"ListItem\",\"position\":3,\"name\":\"LED-Leiste | 240 Watt | 16000 Lumen | 9-30V | 40cm. Kabel | Deutsch-Stecker TRSW12277-16D\"}]},{\"@type\":\"WebSite\",\"@id\":\"https:\\\/\\\/mrkbullbars.nl\\\/de\\\/#website\",\"url\":\"https:\\\/\\\/mrkbullbars.nl\\\/de\\\/\",\"name\":\"MrK Bullbars\",\"description\":\"\",\"potentialAction\":[{\"@type\":\"SearchAction\",\"target\":{\"@type\":\"EntryPoint\",\"urlTemplate\":\"https:\\\/\\\/mrkbullbars.nl\\\/de\\\/?s={search_term_string}\"},\"query-input\":{\"@type\":\"PropertyValueSpecification\",\"valueRequired\":true,\"valueName\":\"search_term_string\"}}],\"inLanguage\":\"de\"}]}<\/script>\n<!-- \/ Yoast SEO plugin. -->","yoast_head_json":{"title":"LED-Leiste | 240 Watt | 16000 Lumen | 9-30V | 40cm. Kabel | Deutsch-Stecker TRSW12277-16D - MrK Bullbars","robots":{"index":"index","follow":"follow","max-snippet":"max-snippet:-1","max-image-preview":"max-image-preview:large","max-video-preview":"max-video-preview:-1"},"canonical":"https:\/\/mrkbullbars.nl\/de\/produkt\/led-leiste-240-watt-16000-lumen-9-30v-40cm-kabel-deutsch-stecker-trsw12277-16d\/","og_locale":"de_DE","og_type":"article","og_title":"LED-Leiste | 240 Watt | 16000 Lumen | 9-30V | 40cm. Kabel | Deutsch-Stecker TRSW12277-16D - MrK Bullbars","og_description":"LED-Leiste 240 Watt LED-Leiste 240 Watt mit gebogenen Kurven. Diese LED-Leiste ist ideal f\u00fcr die Montage an LKWs, 4&#215;4-Gel\u00e4ndewagen und Baggern. Kann diese LED-Leiste 24 V verarbeiten? Ja, diese LED-Leiste ist f\u00fcr 9-30 V geeignet. Diese LED-Leiste ist mit Tagfahrlicht ausgestattet. Diese kann separat an die LED-Leiste angeschlossen werden. Das robuste IP68-Aluminiumgeh\u00e4use sorgt f\u00fcr eine [&hellip;]","og_url":"https:\/\/mrkbullbars.nl\/de\/produkt\/led-leiste-240-watt-16000-lumen-9-30v-40cm-kabel-deutsch-stecker-trsw12277-16d\/","og_site_name":"MrK Bullbars","og_image":[{"url":"https:\/\/cdn.webshopapp.com\/shops\/297521\/files\/381537383\/led-bar.jpg","type":"","width":"","height":""}],"twitter_card":"summary_large_image","twitter_misc":{"Gesch\u00e4tzte Lesezeit":"2\u00a0Minuten"},"schema":{"@context":"https:\/\/schema.org","@graph":[{"@type":"WebPage","@id":"https:\/\/mrkbullbars.nl\/de\/produkt\/led-leiste-240-watt-16000-lumen-9-30v-40cm-kabel-deutsch-stecker-trsw12277-16d\/","url":"https:\/\/mrkbullbars.nl\/de\/produkt\/led-leiste-240-watt-16000-lumen-9-30v-40cm-kabel-deutsch-stecker-trsw12277-16d\/","name":"LED-Leiste | 240 Watt | 16000 Lumen | 9-30V | 40cm. Kabel | Deutsch-Stecker TRSW12277-16D - MrK Bullbars","isPartOf":{"@id":"https:\/\/mrkbullbars.nl\/de\/#website"},"primaryImageOfPage":{"@id":"https:\/\/mrkbullbars.nl\/de\/produkt\/led-leiste-240-watt-16000-lumen-9-30v-40cm-kabel-deutsch-stecker-trsw12277-16d\/#primaryimage"},"image":{"@id":"https:\/\/mrkbullbars.nl\/de\/produkt\/led-leiste-240-watt-16000-lumen-9-30v-40cm-kabel-deutsch-stecker-trsw12277-16d\/#primaryimage"},"thumbnailUrl":"https:\/\/mrkbullbars.nl\/wp-content\/uploads\/2025\/01\/069d0cbc-2acc-4bd3-8430-7be038d65af7-41479-nl.webp","datePublished":"2025-04-12T10:34:59+00:00","breadcrumb":{"@id":"https:\/\/mrkbullbars.nl\/de\/produkt\/led-leiste-240-watt-16000-lumen-9-30v-40cm-kabel-deutsch-stecker-trsw12277-16d\/#breadcrumb"},"inLanguage":"de","potentialAction":[{"@type":"ReadAction","target":["https:\/\/mrkbullbars.nl\/de\/produkt\/led-leiste-240-watt-16000-lumen-9-30v-40cm-kabel-deutsch-stecker-trsw12277-16d\/"]}]},{"@type":"ImageObject","inLanguage":"de","@id":"https:\/\/mrkbullbars.nl\/de\/produkt\/led-leiste-240-watt-16000-lumen-9-30v-40cm-kabel-deutsch-stecker-trsw12277-16d\/#primaryimage","url":"https:\/\/mrkbullbars.nl\/wp-content\/uploads\/2025\/01\/069d0cbc-2acc-4bd3-8430-7be038d65af7-41479-nl.webp","contentUrl":"https:\/\/mrkbullbars.nl\/wp-content\/uploads\/2025\/01\/069d0cbc-2acc-4bd3-8430-7be038d65af7-41479-nl.webp","width":800,"height":267},{"@type":"BreadcrumbList","@id":"https:\/\/mrkbullbars.nl\/de\/produkt\/led-leiste-240-watt-16000-lumen-9-30v-40cm-kabel-deutsch-stecker-trsw12277-16d\/#breadcrumb","itemListElement":[{"@type":"ListItem","position":1,"name":"Home","item":"https:\/\/mrkbullbars.nl\/de\/"},{"@type":"ListItem","position":2,"name":"Shop","item":"https:\/\/mrkbullbars.nl\/de\/shop\/"},{"@type":"ListItem","position":3,"name":"LED-Leiste | 240 Watt | 16000 Lumen | 9-30V | 40cm. Kabel | Deutsch-Stecker TRSW12277-16D"}]},{"@type":"WebSite","@id":"https:\/\/mrkbullbars.nl\/de\/#website","url":"https:\/\/mrkbullbars.nl\/de\/","name":"MrK Bullbars","description":"","potentialAction":[{"@type":"SearchAction","target":{"@type":"EntryPoint","urlTemplate":"https:\/\/mrkbullbars.nl\/de\/?s={search_term_string}"},"query-input":{"@type":"PropertyValueSpecification","valueRequired":true,"valueName":"search_term_string"}}],"inLanguage":"de"}]}},"_links":{"self":[{"href":"https:\/\/mrkbullbars.nl\/de\/wp-json\/wp\/v2\/product\/8098","targetHints":{"allow":["GET"]}}],"collection":[{"href":"https:\/\/mrkbullbars.nl\/de\/wp-json\/wp\/v2\/product"}],"about":[{"href":"https:\/\/mrkbullbars.nl\/de\/wp-json\/wp\/v2\/types\/product"}],"replies":[{"embeddable":true,"href":"https:\/\/mrkbullbars.nl\/de\/wp-json\/wp\/v2\/comments?post=8098"}],"wp:featuredmedia":[{"embeddable":true,"href":"https:\/\/mrkbullbars.nl\/de\/wp-json\/wp\/v2\/media\/6381"}],"wp:attachment":[{"href":"https:\/\/mrkbullbars.nl\/de\/wp-json\/wp\/v2\/media?parent=8098"}],"wp:term":[{"taxonomy":"product_brand","embeddable":true,"href":"https:\/\/mrkbullbars.nl\/de\/wp-json\/wp\/v2\/product_brand?post=8098"},{"taxonomy":"product_cat","embeddable":true,"href":"https:\/\/mrkbullbars.nl\/de\/wp-json\/wp\/v2\/product_cat?post=8098"},{"taxonomy":"product_tag","embeddable":true,"href":"https:\/\/mrkbullbars.nl\/de\/wp-json\/wp\/v2\/product_tag?post=8098"}],"curies":[{"name":"wp","href":"https:\/\/api.w.org\/{rel}","templated":true}]}}