{"id":8110,"date":"2025-01-23T10:34:38","date_gmt":"2025-04-12T10:38:44","guid":{"rendered":"https:\/\/mrkbullbars.nl\/product\/led-leiste-200-watt-8000-lumen-9-30v-40cm-kabel-deutsch-stecker-trsw12281-40d\/"},"modified":"2025-04-12T12:38:44","modified_gmt":"2025-04-12T10:38:44","slug":"led-leiste-200-watt-8000-lumen-9-30v-40cm-kabel-deutsch-stecker-trsw12281-40d","status":"publish","type":"product","link":"https:\/\/mrkbullbars.nl\/de\/produkt\/led-leiste-200-watt-8000-lumen-9-30v-40cm-kabel-deutsch-stecker-trsw12281-40d\/","title":{"rendered":"LED-Leiste | 200 Watt | 8000 Lumen | 9-30V | 40cm. Kabel | Deutsch-Stecker TRSW12281-40D"},"content":{"rendered":"<h2>LED-Lichtleiste 200V &#8211; 8000 Lumen<\/h2>\n<p>Diese 200-W-LED-Leiste mit 8000 <a href=\"https:\/\/www.tralert.com\/verlichtingstermen\/lumen\/\">Lumen<\/a> ist ideal f\u00fcr die Montage an Ihrem LKW, 4&#215;4-Gel\u00e4ndewagen und Bagger. Das robuste <a href=\"https:\/\/www.tralert.com\/verlichtingstermen\/ip-68\/\">IP68-Aluminiumgeh\u00e4use<\/a> sorgt f\u00fcr eine lange Lebensdauer.<\/p>\n<p>&#8212;&#8212;&#8212;&#8212;<\/p>\n<p>Suchanfragen: #TRSW12281-40D, #TRSW122814.<\/p>\n<p>&nbsp;<\/p>\n<p>Eine LED-Leiste speziell f\u00fcr 24V? Das gibt es in unserem Sortiment eigentlich nicht, denn wir statten die LED-Leisten mit einer Multi-Voltage-Unterst\u00fctzung aus. Das bedeutet, dass die Lightbar sowohl f\u00fcr 12 V als auch f\u00fcr 24 V geeignet ist. Es ist also egal, ob du die LED-Leiste an deinem Auto oder an deinem LKW montierst. Sie haben sogar die M\u00f6glichkeit, die LED-Leiste 24 V von Ihrem LKW zu zerlegen und wieder an die 12 V Ihres Autos anzuschlie\u00dfen.    <\/p>\n<h2>Warum ist diese LED-Leiste auf dem 24-V-Markt bekannt?<\/h2>\n<p>Dies liegt daran, dass diese LED-Leiste oft von Ihrer LKW-Werkstatt auf LKWs montiert wird. Der Grund daf\u00fcr ist unter anderem in dem schlanken Geh\u00e4use zu finden. Ein schlankes Geh\u00e4use sorgt f\u00fcr weniger Luftwiderstand beim Fahren Ihres Fahrzeugs. Dar\u00fcber hinaus l\u00e4sst sich diese Lichtleiste auch wunderbar in Ihren Grill integrieren. Das liegt unter anderem an dieser d\u00fcnnen Bauweise. Da Lkw immer mit einer 24-Volt-Spannung ausgestattet sind, haben wir diese LED-Leiste in 24-V-Leiste umbenannt. M\u00f6chten Sie diese Lichtleiste an einem Auto montieren? Auch das ist kein Problem.       &nbsp;<\/p>\n<h2>Installieren Sie eine LED-Leiste im K\u00fchlergrill auf dem Dach oder in der Sto\u00dfstange Ihres 24-V-Fahrzeugs.<\/h2>\n<p>Das Sch\u00f6ne an 24-V-Fahrzeugen ist vor allem der Platz, der f\u00fcr die Montage zus\u00e4tzlicher Beleuchtung vorhanden ist. Wie Sie wissen, sind Lastkraftwagen und Hubarbeitsb\u00fchnen viel gr\u00f6\u00dfer als Autos. Das bedeutet automatisch mehr Platz f\u00fcr LED-Leisten oder andere zus\u00e4tzliche Beleuchtung. In den Niederlanden werden LED-Leisten haupts\u00e4chlich als zus\u00e4tzliche Beleuchtung angebracht. Das ist ganz logisch, wenn man bedenkt, dass die Niederlande \u00fcber gut beleuchtete Stra\u00dfen und Arbeitsumgebungen verf\u00fcgen. Anders ist das in den skandinavischen L\u00e4ndern. Hier sind die dunklen Tage l\u00e4nger und die Stra\u00dfen weniger gut beleuchtet. Eine LED-Leiste 24v kann also einen ordentlichen Unterschied zwischen angenehmem und unangenehmem Fahren ausmachen. W        <\/p>\n<h2>Anschluss einer LED-Lichtleiste mit 24 Volt. Ist das schwierig? <\/h2>\n<p>Dies ist eigentlich nicht anders, als wenn Sie eine <a href=\"https:\/\/www.tralert.com\/c\/led-bars\/\">LED-Lichtleiste<\/a> mit 12 V an Ihr Auto anschlie\u00dfen. Schauen Sie sich genau an, wo die Stromversorgung Ihres LKWs verarbeitet wird. In 9 von 10 F\u00e4llen m\u00f6chten Sie Ihre LED-Leiste an das Hauptlicht Ihres Lkw anschlie\u00dfen. Das bedeutet, dass Sie nach den Stromkabeln suchen m\u00fcssen, an die Ihr Fernlicht angeschlossen ist. Bei der Montage k\u00f6nnen verschiedene 24V-Anschl\u00fcsse verwendet werden. In der Regel gilt das f\u00fcr praktisch alle Lkw-Marken nach dem gleichen Prinzip. Allerdings kann Ihr 24v Fahrzeug nat\u00fcrlich auch anders sein. Pr\u00fcfen Sie immer genau, wie Ihr Lkw in Bezug auf die Verkabelung aufgebaut ist. Dies ist der Fall, bevor Sie mit dem Anschluss an das 24-V-Netzteil beginnen.        <\/p>\n<h2>Haben Sie Fragen zum Thema 24V LED-Leisten? wenden Sie sich bitte an die LED-Spezialisten von TRALERT\u00ae <\/h2>\n<p>Wir sind hier, um Ihnen zu helfen. Nat\u00fcrlich mit allen Fragen rund um die LED-Beleuchtung f\u00fcr Ihren Lkw. Sie k\u00f6nnen sich auch an uns wenden, um Lichtleisten zu montieren und an Ihr 24-V-Stromnetz anzuschlie\u00dfen. Dank unseres umfangreichen H\u00e4ndlernetzes k\u00f6nnen wir Sie immer mit einem spezialisierten Techniker in Verbindung bringen, der sich gerne um Ihre spezifische Situation k\u00fcmmert.   <\/p>\n<p>&nbsp;<\/p>\n","protected":false},"excerpt":{"rendered":"<p>LED-Lichtleiste 200V &#8211; 8000 Lumen Diese 200-W-LED-Leiste mit 8000 Lumen ist ideal f\u00fcr die Montage an Ihrem LKW, 4&#215;4-Gel\u00e4ndewagen und Bagger. Das robuste IP68-Aluminiumgeh\u00e4use sorgt f\u00fcr eine lange Lebensdauer. &#8212;&#8212;&#8212;&#8212; Suchanfragen: #TRSW12281-40D, #TRSW122814. &nbsp; Eine LED-Leiste speziell f\u00fcr 24V? Das gibt es in unserem Sortiment eigentlich nicht, denn wir statten die LED-Leisten mit einer Multi-Voltage-Unterst\u00fctzung [&hellip;]<\/p>\n","protected":false},"featured_media":6477,"comment_status":"open","ping_status":"closed","template":"","meta":{"_acf_changed":false,"_genesis_hide_title":false,"_genesis_hide_breadcrumbs":false,"_genesis_hide_singular_image":false,"_genesis_hide_footer_widgets":false,"_genesis_custom_body_class":"","_genesis_custom_post_class":"","_genesis_layout":""},"product_brand":[],"product_cat":[301],"product_tag":[],"class_list":{"0":"post-8110","1":"product","2":"type-product","3":"status-publish","4":"has-post-thumbnail","6":"product_cat-led-leisten","7":"entry","9":"first","10":"instock","11":"taxable","12":"shipping-taxable","13":"purchasable","14":"product-type-simple"},"acf":[],"yoast_head":"<!-- This site is optimized with the Yoast SEO plugin v27.4 - https:\/\/yoast.com\/product\/yoast-seo-wordpress\/ -->\n<title>LED-Leiste | 200 Watt | 8000 Lumen | 9-30V | 40cm. Kabel | Deutsch-Stecker TRSW12281-40D - MrK Bullbars<\/title>\n<meta name=\"robots\" content=\"index, follow, max-snippet:-1, max-image-preview:large, max-video-preview:-1\" \/>\n<link rel=\"canonical\" href=\"https:\/\/mrkbullbars.nl\/de\/produkt\/led-leiste-200-watt-8000-lumen-9-30v-40cm-kabel-deutsch-stecker-trsw12281-40d\/\" \/>\n<meta property=\"og:locale\" content=\"de_DE\" \/>\n<meta property=\"og:type\" content=\"article\" \/>\n<meta property=\"og:title\" content=\"LED-Leiste | 200 Watt | 8000 Lumen | 9-30V | 40cm. Kabel | Deutsch-Stecker TRSW12281-40D - MrK Bullbars\" \/>\n<meta property=\"og:description\" content=\"LED-Lichtleiste 200V &#8211; 8000 Lumen Diese 200-W-LED-Leiste mit 8000 Lumen ist ideal f\u00fcr die Montage an Ihrem LKW, 4&#215;4-Gel\u00e4ndewagen und Bagger. Das robuste IP68-Aluminiumgeh\u00e4use sorgt f\u00fcr eine lange Lebensdauer. &#8212;&#8212;&#8212;&#8212; Suchanfragen: #TRSW12281-40D, #TRSW122814. &nbsp; Eine LED-Leiste speziell f\u00fcr 24V? Das gibt es in unserem Sortiment eigentlich nicht, denn wir statten die LED-Leisten mit einer Multi-Voltage-Unterst\u00fctzung [&hellip;]\" \/>\n<meta property=\"og:url\" content=\"https:\/\/mrkbullbars.nl\/de\/produkt\/led-leiste-200-watt-8000-lumen-9-30v-40cm-kabel-deutsch-stecker-trsw12281-40d\/\" \/>\n<meta property=\"og:site_name\" content=\"MrK Bullbars\" \/>\n<meta name=\"twitter:card\" content=\"summary_large_image\" \/>\n<meta name=\"twitter:label1\" content=\"Gesch\u00e4tzte Lesezeit\" \/>\n\t<meta name=\"twitter:data1\" content=\"3\u00a0Minuten\" \/>\n<script type=\"application\/ld+json\" class=\"yoast-schema-graph\">{\"@context\":\"https:\\\/\\\/schema.org\",\"@graph\":[{\"@type\":\"WebPage\",\"@id\":\"https:\\\/\\\/mrkbullbars.nl\\\/de\\\/produkt\\\/led-leiste-200-watt-8000-lumen-9-30v-40cm-kabel-deutsch-stecker-trsw12281-40d\\\/\",\"url\":\"https:\\\/\\\/mrkbullbars.nl\\\/de\\\/produkt\\\/led-leiste-200-watt-8000-lumen-9-30v-40cm-kabel-deutsch-stecker-trsw12281-40d\\\/\",\"name\":\"LED-Leiste | 200 Watt | 8000 Lumen | 9-30V | 40cm. Kabel | Deutsch-Stecker TRSW12281-40D - MrK Bullbars\",\"isPartOf\":{\"@id\":\"https:\\\/\\\/mrkbullbars.nl\\\/de\\\/#website\"},\"primaryImageOfPage\":{\"@id\":\"https:\\\/\\\/mrkbullbars.nl\\\/de\\\/produkt\\\/led-leiste-200-watt-8000-lumen-9-30v-40cm-kabel-deutsch-stecker-trsw12281-40d\\\/#primaryimage\"},\"image\":{\"@id\":\"https:\\\/\\\/mrkbullbars.nl\\\/de\\\/produkt\\\/led-leiste-200-watt-8000-lumen-9-30v-40cm-kabel-deutsch-stecker-trsw12281-40d\\\/#primaryimage\"},\"thumbnailUrl\":\"https:\\\/\\\/mrkbullbars.nl\\\/wp-content\\\/uploads\\\/2025\\\/01\\\/551cb7f0-f627-46bc-9ede-f6f045e4f5d8-40632_2.webp\",\"datePublished\":\"2025-04-12T10:38:44+00:00\",\"breadcrumb\":{\"@id\":\"https:\\\/\\\/mrkbullbars.nl\\\/de\\\/produkt\\\/led-leiste-200-watt-8000-lumen-9-30v-40cm-kabel-deutsch-stecker-trsw12281-40d\\\/#breadcrumb\"},\"inLanguage\":\"de\",\"potentialAction\":[{\"@type\":\"ReadAction\",\"target\":[\"https:\\\/\\\/mrkbullbars.nl\\\/de\\\/produkt\\\/led-leiste-200-watt-8000-lumen-9-30v-40cm-kabel-deutsch-stecker-trsw12281-40d\\\/\"]}]},{\"@type\":\"ImageObject\",\"inLanguage\":\"de\",\"@id\":\"https:\\\/\\\/mrkbullbars.nl\\\/de\\\/produkt\\\/led-leiste-200-watt-8000-lumen-9-30v-40cm-kabel-deutsch-stecker-trsw12281-40d\\\/#primaryimage\",\"url\":\"https:\\\/\\\/mrkbullbars.nl\\\/wp-content\\\/uploads\\\/2025\\\/01\\\/551cb7f0-f627-46bc-9ede-f6f045e4f5d8-40632_2.webp\",\"contentUrl\":\"https:\\\/\\\/mrkbullbars.nl\\\/wp-content\\\/uploads\\\/2025\\\/01\\\/551cb7f0-f627-46bc-9ede-f6f045e4f5d8-40632_2.webp\",\"width\":500,\"height\":500},{\"@type\":\"BreadcrumbList\",\"@id\":\"https:\\\/\\\/mrkbullbars.nl\\\/de\\\/produkt\\\/led-leiste-200-watt-8000-lumen-9-30v-40cm-kabel-deutsch-stecker-trsw12281-40d\\\/#breadcrumb\",\"itemListElement\":[{\"@type\":\"ListItem\",\"position\":1,\"name\":\"Home\",\"item\":\"https:\\\/\\\/mrkbullbars.nl\\\/de\\\/\"},{\"@type\":\"ListItem\",\"position\":2,\"name\":\"Shop\",\"item\":\"https:\\\/\\\/mrkbullbars.nl\\\/de\\\/shop\\\/\"},{\"@type\":\"ListItem\",\"position\":3,\"name\":\"LED-Leiste | 200 Watt | 8000 Lumen | 9-30V | 40cm. Kabel | Deutsch-Stecker TRSW12281-40D\"}]},{\"@type\":\"WebSite\",\"@id\":\"https:\\\/\\\/mrkbullbars.nl\\\/de\\\/#website\",\"url\":\"https:\\\/\\\/mrkbullbars.nl\\\/de\\\/\",\"name\":\"MrK Bullbars\",\"description\":\"\",\"potentialAction\":[{\"@type\":\"SearchAction\",\"target\":{\"@type\":\"EntryPoint\",\"urlTemplate\":\"https:\\\/\\\/mrkbullbars.nl\\\/de\\\/?s={search_term_string}\"},\"query-input\":{\"@type\":\"PropertyValueSpecification\",\"valueRequired\":true,\"valueName\":\"search_term_string\"}}],\"inLanguage\":\"de\"}]}<\/script>\n<!-- \/ Yoast SEO plugin. -->","yoast_head_json":{"title":"LED-Leiste | 200 Watt | 8000 Lumen | 9-30V | 40cm. Kabel | Deutsch-Stecker TRSW12281-40D - MrK Bullbars","robots":{"index":"index","follow":"follow","max-snippet":"max-snippet:-1","max-image-preview":"max-image-preview:large","max-video-preview":"max-video-preview:-1"},"canonical":"https:\/\/mrkbullbars.nl\/de\/produkt\/led-leiste-200-watt-8000-lumen-9-30v-40cm-kabel-deutsch-stecker-trsw12281-40d\/","og_locale":"de_DE","og_type":"article","og_title":"LED-Leiste | 200 Watt | 8000 Lumen | 9-30V | 40cm. Kabel | Deutsch-Stecker TRSW12281-40D - MrK Bullbars","og_description":"LED-Lichtleiste 200V &#8211; 8000 Lumen Diese 200-W-LED-Leiste mit 8000 Lumen ist ideal f\u00fcr die Montage an Ihrem LKW, 4&#215;4-Gel\u00e4ndewagen und Bagger. Das robuste IP68-Aluminiumgeh\u00e4use sorgt f\u00fcr eine lange Lebensdauer. &#8212;&#8212;&#8212;&#8212; Suchanfragen: #TRSW12281-40D, #TRSW122814. &nbsp; Eine LED-Leiste speziell f\u00fcr 24V? Das gibt es in unserem Sortiment eigentlich nicht, denn wir statten die LED-Leisten mit einer Multi-Voltage-Unterst\u00fctzung [&hellip;]","og_url":"https:\/\/mrkbullbars.nl\/de\/produkt\/led-leiste-200-watt-8000-lumen-9-30v-40cm-kabel-deutsch-stecker-trsw12281-40d\/","og_site_name":"MrK Bullbars","twitter_card":"summary_large_image","twitter_misc":{"Gesch\u00e4tzte Lesezeit":"3\u00a0Minuten"},"schema":{"@context":"https:\/\/schema.org","@graph":[{"@type":"WebPage","@id":"https:\/\/mrkbullbars.nl\/de\/produkt\/led-leiste-200-watt-8000-lumen-9-30v-40cm-kabel-deutsch-stecker-trsw12281-40d\/","url":"https:\/\/mrkbullbars.nl\/de\/produkt\/led-leiste-200-watt-8000-lumen-9-30v-40cm-kabel-deutsch-stecker-trsw12281-40d\/","name":"LED-Leiste | 200 Watt | 8000 Lumen | 9-30V | 40cm. Kabel | Deutsch-Stecker TRSW12281-40D - MrK Bullbars","isPartOf":{"@id":"https:\/\/mrkbullbars.nl\/de\/#website"},"primaryImageOfPage":{"@id":"https:\/\/mrkbullbars.nl\/de\/produkt\/led-leiste-200-watt-8000-lumen-9-30v-40cm-kabel-deutsch-stecker-trsw12281-40d\/#primaryimage"},"image":{"@id":"https:\/\/mrkbullbars.nl\/de\/produkt\/led-leiste-200-watt-8000-lumen-9-30v-40cm-kabel-deutsch-stecker-trsw12281-40d\/#primaryimage"},"thumbnailUrl":"https:\/\/mrkbullbars.nl\/wp-content\/uploads\/2025\/01\/551cb7f0-f627-46bc-9ede-f6f045e4f5d8-40632_2.webp","datePublished":"2025-04-12T10:38:44+00:00","breadcrumb":{"@id":"https:\/\/mrkbullbars.nl\/de\/produkt\/led-leiste-200-watt-8000-lumen-9-30v-40cm-kabel-deutsch-stecker-trsw12281-40d\/#breadcrumb"},"inLanguage":"de","potentialAction":[{"@type":"ReadAction","target":["https:\/\/mrkbullbars.nl\/de\/produkt\/led-leiste-200-watt-8000-lumen-9-30v-40cm-kabel-deutsch-stecker-trsw12281-40d\/"]}]},{"@type":"ImageObject","inLanguage":"de","@id":"https:\/\/mrkbullbars.nl\/de\/produkt\/led-leiste-200-watt-8000-lumen-9-30v-40cm-kabel-deutsch-stecker-trsw12281-40d\/#primaryimage","url":"https:\/\/mrkbullbars.nl\/wp-content\/uploads\/2025\/01\/551cb7f0-f627-46bc-9ede-f6f045e4f5d8-40632_2.webp","contentUrl":"https:\/\/mrkbullbars.nl\/wp-content\/uploads\/2025\/01\/551cb7f0-f627-46bc-9ede-f6f045e4f5d8-40632_2.webp","width":500,"height":500},{"@type":"BreadcrumbList","@id":"https:\/\/mrkbullbars.nl\/de\/produkt\/led-leiste-200-watt-8000-lumen-9-30v-40cm-kabel-deutsch-stecker-trsw12281-40d\/#breadcrumb","itemListElement":[{"@type":"ListItem","position":1,"name":"Home","item":"https:\/\/mrkbullbars.nl\/de\/"},{"@type":"ListItem","position":2,"name":"Shop","item":"https:\/\/mrkbullbars.nl\/de\/shop\/"},{"@type":"ListItem","position":3,"name":"LED-Leiste | 200 Watt | 8000 Lumen | 9-30V | 40cm. Kabel | Deutsch-Stecker TRSW12281-40D"}]},{"@type":"WebSite","@id":"https:\/\/mrkbullbars.nl\/de\/#website","url":"https:\/\/mrkbullbars.nl\/de\/","name":"MrK Bullbars","description":"","potentialAction":[{"@type":"SearchAction","target":{"@type":"EntryPoint","urlTemplate":"https:\/\/mrkbullbars.nl\/de\/?s={search_term_string}"},"query-input":{"@type":"PropertyValueSpecification","valueRequired":true,"valueName":"search_term_string"}}],"inLanguage":"de"}]}},"_links":{"self":[{"href":"https:\/\/mrkbullbars.nl\/de\/wp-json\/wp\/v2\/product\/8110","targetHints":{"allow":["GET"]}}],"collection":[{"href":"https:\/\/mrkbullbars.nl\/de\/wp-json\/wp\/v2\/product"}],"about":[{"href":"https:\/\/mrkbullbars.nl\/de\/wp-json\/wp\/v2\/types\/product"}],"replies":[{"embeddable":true,"href":"https:\/\/mrkbullbars.nl\/de\/wp-json\/wp\/v2\/comments?post=8110"}],"wp:featuredmedia":[{"embeddable":true,"href":"https:\/\/mrkbullbars.nl\/de\/wp-json\/wp\/v2\/media\/6477"}],"wp:attachment":[{"href":"https:\/\/mrkbullbars.nl\/de\/wp-json\/wp\/v2\/media?parent=8110"}],"wp:term":[{"taxonomy":"product_brand","embeddable":true,"href":"https:\/\/mrkbullbars.nl\/de\/wp-json\/wp\/v2\/product_brand?post=8110"},{"taxonomy":"product_cat","embeddable":true,"href":"https:\/\/mrkbullbars.nl\/de\/wp-json\/wp\/v2\/product_cat?post=8110"},{"taxonomy":"product_tag","embeddable":true,"href":"https:\/\/mrkbullbars.nl\/de\/wp-json\/wp\/v2\/product_tag?post=8110"}],"curies":[{"name":"wp","href":"https:\/\/api.w.org\/{rel}","templated":true}]}}