{"id":8112,"date":"2025-04-12T12:39:19","date_gmt":"2025-04-12T10:39:19","guid":{"rendered":"https:\/\/mrkbullbars.nl\/product\/led-leiste-250-watt-10000-lumen-9-30v-40cm-kabel-deutsch-stecker-trsw12281-50d\/"},"modified":"2025-04-12T12:39:19","modified_gmt":"2025-04-12T10:39:19","slug":"led-leiste-250-watt-10000-lumen-9-30v-40cm-kabel-deutsch-stecker-trsw12281-50d","status":"publish","type":"product","link":"https:\/\/mrkbullbars.nl\/de\/produkt\/led-leiste-250-watt-10000-lumen-9-30v-40cm-kabel-deutsch-stecker-trsw12281-50d\/","title":{"rendered":"LED-Leiste | 250 Watt | 10000 Lumen | 9-30V | 40cm. Kabel | Deutsch-Stecker TRSW12281-50D"},"content":{"rendered":"<p>Diese 250 Watt mit 10000 Lumen LED-Lampe ist ideal f\u00fcr den Einsatz an verschiedenen Fahrzeugen. Das liegt an der 9 bis 30 Volt Multivoltage. Beispiele, auf die diese Lampe angewendet werden kann, sind z. B. Lastkraftwagen, 4 x 4 Autos und Bagger. Die Leuchte ist mit einem Fernlicht ausgestattet. Ein Fernlicht darf auf \u00f6ffentlichen Stra\u00dfen verwendet werden, aber nicht in allen Situationen. Es kann mit dem Fernlicht eines Pkw verglichen werden. Sie d\u00fcrfen es also nicht benutzen, wenn Sie sich in der N\u00e4he eines anderen Verkehrsteilnehmers befinden.<\/p>\n<p><img loading=\"lazy\" decoding=\"async\" src=\"https:\/\/cdn.webshopapp.com\/shops\/297521\/files\/391503405\/250-10000-lumen-led-lamp.jpg\" alt=\"250 10000 Lumen LED-Lampe\" width=\"1920\" height=\"500\"><\/p>\n<p>\n\n<h2 class=\"wp-block-heading\" id=\"h-250-watt-met-10000-lumen-led-lamp-wat-zegt-dit\">250 Watt mit 10000 Lumen LED-Lampe, was sagt das aus?<\/h2>\n<p><\/p>\n<p>Beim Kauf einer Beleuchtung k\u00f6nnen Sie auf viele verschiedene Details sto\u00dfen. Wo fr\u00fcher die Wattzahl viel \u00fcber die Lampe aussagte, sind nun viele weitere Begriffe hinzugekommen. Diese LED-Lampe hat eine Leistung von 250 Watt. Die Wattzahl gibt an, wie viel Leistung pro Zeiteinheit ben\u00f6tigt wird, damit die Beleuchtung funktioniert. Das Lumen gibt an, wie viel Licht eine Lampe abgibt. Diese LED-Lampe hat 10000 Lumen. Die 10000 Lumen sagen also mehr dar\u00fcber aus, wie viel Licht eine LED-Lampe abgibt, als die 250 Watt. Bei dieser Beleuchtung m\u00fcssen Sie sich keine Sorgen um die Spannung machen. Die Lampe ist mit einer Mehrfachspannung von 9 bis 30 Volt ausgestattet. Das bedeutet, dass die Lampe mit den unterschiedlichen Spannungen arbeitet.<\/p>\n<p><\/p>\n<h2 class=\"wp-block-heading\">Andere Modelle<\/h2>\n<p><\/p>\n<p>Neben diesem Modell hat TRALERT\u00ae auch andere <a href=\"https:\/\/shop.tralert.com\/nl\/led-verlichting\/led-bars\/\">LED-Leisten<\/a> im Sortiment, jede mit ihrer eigenen Funktion. So gibt es zum Beispiel mehrere Bars mit zweifarbigem Tagfahrlicht. Diese fallen unter die neue Generation der LED-Leisten und hei\u00dfen The Shadow und The Skytrack. Diese Lampe ist Teil der Serie 81 von TRALERT. \u00ae Dies ist der gr\u00f6\u00dfte in einer Reihe von vier. Dieser ist 1275 mm lang. Die anderen Lampen sind 1054 mm, 794 mm und 544 mm lang. Es gibt also eine gro\u00dfe Auswahl im TRALERT-Sortiment\u00ae.<\/p>\n<p><\/p>\n<p>Suchergebnisse: #250 10000<\/p>\n<p><\/p><\/p>\n","protected":false},"excerpt":{"rendered":"<p>Diese 250 Watt mit 10000 Lumen LED-Lampe ist ideal f\u00fcr den Einsatz an verschiedenen Fahrzeugen. Das liegt an der 9 bis 30 Volt Multivoltage. Beispiele, auf die diese Lampe angewendet werden kann, sind z. B. Lastkraftwagen, 4 x 4 Autos und Bagger. Die Leuchte ist mit einem Fernlicht ausgestattet. Ein Fernlicht darf auf \u00f6ffentlichen Stra\u00dfen [&hellip;]<\/p>\n","protected":false},"featured_media":6496,"comment_status":"open","ping_status":"closed","template":"","meta":{"_acf_changed":false,"_genesis_hide_title":false,"_genesis_hide_breadcrumbs":false,"_genesis_hide_singular_image":false,"_genesis_hide_footer_widgets":false,"_genesis_custom_body_class":"","_genesis_custom_post_class":"","_genesis_layout":""},"product_brand":[],"product_cat":[301],"product_tag":[],"class_list":{"0":"post-8112","1":"product","2":"type-product","3":"status-publish","4":"has-post-thumbnail","6":"product_cat-led-leisten","7":"entry","9":"first","10":"instock","11":"taxable","12":"shipping-taxable","13":"purchasable","14":"product-type-simple"},"acf":[],"yoast_head":"<!-- This site is optimized with the Yoast SEO plugin v27.3 - https:\/\/yoast.com\/product\/yoast-seo-wordpress\/ -->\n<title>LED-Leiste | 250 Watt | 10000 Lumen | 9-30V | 40cm. Kabel | Deutsch-Stecker TRSW12281-50D - MrK Bullbars<\/title>\n<meta name=\"robots\" content=\"index, follow, max-snippet:-1, max-image-preview:large, max-video-preview:-1\" \/>\n<link rel=\"canonical\" href=\"https:\/\/mrkbullbars.nl\/de\/produkt\/led-leiste-250-watt-10000-lumen-9-30v-40cm-kabel-deutsch-stecker-trsw12281-50d\/\" \/>\n<meta property=\"og:locale\" content=\"de_DE\" \/>\n<meta property=\"og:type\" content=\"article\" \/>\n<meta property=\"og:title\" content=\"LED-Leiste | 250 Watt | 10000 Lumen | 9-30V | 40cm. Kabel | Deutsch-Stecker TRSW12281-50D - MrK Bullbars\" \/>\n<meta property=\"og:description\" content=\"Diese 250 Watt mit 10000 Lumen LED-Lampe ist ideal f\u00fcr den Einsatz an verschiedenen Fahrzeugen. Das liegt an der 9 bis 30 Volt Multivoltage. Beispiele, auf die diese Lampe angewendet werden kann, sind z. B. Lastkraftwagen, 4 x 4 Autos und Bagger. Die Leuchte ist mit einem Fernlicht ausgestattet. Ein Fernlicht darf auf \u00f6ffentlichen Stra\u00dfen [&hellip;]\" \/>\n<meta property=\"og:url\" content=\"https:\/\/mrkbullbars.nl\/de\/produkt\/led-leiste-250-watt-10000-lumen-9-30v-40cm-kabel-deutsch-stecker-trsw12281-50d\/\" \/>\n<meta property=\"og:site_name\" content=\"MrK Bullbars\" \/>\n<meta property=\"og:image\" content=\"https:\/\/mrkbullbars.nl\/wp-content\/uploads\/2025\/01\/845fcaea-e395-4e80-aac6-558f7b5acaf3-40820_2.webp\" \/>\n\t<meta property=\"og:image:width\" content=\"500\" \/>\n\t<meta property=\"og:image:height\" content=\"500\" \/>\n\t<meta property=\"og:image:type\" content=\"image\/webp\" \/>\n<meta name=\"twitter:card\" content=\"summary_large_image\" \/>\n<meta name=\"twitter:label1\" content=\"Gesch\u00e4tzte Lesezeit\" \/>\n\t<meta name=\"twitter:data1\" content=\"1\u00a0Minute\" \/>\n<script type=\"application\/ld+json\" class=\"yoast-schema-graph\">{\"@context\":\"https:\\\/\\\/schema.org\",\"@graph\":[{\"@type\":\"WebPage\",\"@id\":\"https:\\\/\\\/mrkbullbars.nl\\\/de\\\/produkt\\\/led-leiste-250-watt-10000-lumen-9-30v-40cm-kabel-deutsch-stecker-trsw12281-50d\\\/\",\"url\":\"https:\\\/\\\/mrkbullbars.nl\\\/de\\\/produkt\\\/led-leiste-250-watt-10000-lumen-9-30v-40cm-kabel-deutsch-stecker-trsw12281-50d\\\/\",\"name\":\"LED-Leiste | 250 Watt | 10000 Lumen | 9-30V | 40cm. Kabel | Deutsch-Stecker TRSW12281-50D - MrK Bullbars\",\"isPartOf\":{\"@id\":\"https:\\\/\\\/mrkbullbars.nl\\\/de\\\/#website\"},\"primaryImageOfPage\":{\"@id\":\"https:\\\/\\\/mrkbullbars.nl\\\/de\\\/produkt\\\/led-leiste-250-watt-10000-lumen-9-30v-40cm-kabel-deutsch-stecker-trsw12281-50d\\\/#primaryimage\"},\"image\":{\"@id\":\"https:\\\/\\\/mrkbullbars.nl\\\/de\\\/produkt\\\/led-leiste-250-watt-10000-lumen-9-30v-40cm-kabel-deutsch-stecker-trsw12281-50d\\\/#primaryimage\"},\"thumbnailUrl\":\"https:\\\/\\\/mrkbullbars.nl\\\/wp-content\\\/uploads\\\/2025\\\/01\\\/845fcaea-e395-4e80-aac6-558f7b5acaf3-40820_2.webp\",\"datePublished\":\"2025-04-12T10:39:19+00:00\",\"breadcrumb\":{\"@id\":\"https:\\\/\\\/mrkbullbars.nl\\\/de\\\/produkt\\\/led-leiste-250-watt-10000-lumen-9-30v-40cm-kabel-deutsch-stecker-trsw12281-50d\\\/#breadcrumb\"},\"inLanguage\":\"de\",\"potentialAction\":[{\"@type\":\"ReadAction\",\"target\":[\"https:\\\/\\\/mrkbullbars.nl\\\/de\\\/produkt\\\/led-leiste-250-watt-10000-lumen-9-30v-40cm-kabel-deutsch-stecker-trsw12281-50d\\\/\"]}]},{\"@type\":\"ImageObject\",\"inLanguage\":\"de\",\"@id\":\"https:\\\/\\\/mrkbullbars.nl\\\/de\\\/produkt\\\/led-leiste-250-watt-10000-lumen-9-30v-40cm-kabel-deutsch-stecker-trsw12281-50d\\\/#primaryimage\",\"url\":\"https:\\\/\\\/mrkbullbars.nl\\\/wp-content\\\/uploads\\\/2025\\\/01\\\/845fcaea-e395-4e80-aac6-558f7b5acaf3-40820_2.webp\",\"contentUrl\":\"https:\\\/\\\/mrkbullbars.nl\\\/wp-content\\\/uploads\\\/2025\\\/01\\\/845fcaea-e395-4e80-aac6-558f7b5acaf3-40820_2.webp\",\"width\":500,\"height\":500},{\"@type\":\"BreadcrumbList\",\"@id\":\"https:\\\/\\\/mrkbullbars.nl\\\/de\\\/produkt\\\/led-leiste-250-watt-10000-lumen-9-30v-40cm-kabel-deutsch-stecker-trsw12281-50d\\\/#breadcrumb\",\"itemListElement\":[{\"@type\":\"ListItem\",\"position\":1,\"name\":\"Home\",\"item\":\"https:\\\/\\\/mrkbullbars.nl\\\/de\\\/\"},{\"@type\":\"ListItem\",\"position\":2,\"name\":\"Shop\",\"item\":\"https:\\\/\\\/mrkbullbars.nl\\\/de\\\/shop\\\/\"},{\"@type\":\"ListItem\",\"position\":3,\"name\":\"LED-Leiste | 250 Watt | 10000 Lumen | 9-30V | 40cm. Kabel | Deutsch-Stecker TRSW12281-50D\"}]},{\"@type\":\"WebSite\",\"@id\":\"https:\\\/\\\/mrkbullbars.nl\\\/de\\\/#website\",\"url\":\"https:\\\/\\\/mrkbullbars.nl\\\/de\\\/\",\"name\":\"MrK Bullbars\",\"description\":\"\",\"potentialAction\":[{\"@type\":\"SearchAction\",\"target\":{\"@type\":\"EntryPoint\",\"urlTemplate\":\"https:\\\/\\\/mrkbullbars.nl\\\/de\\\/?s={search_term_string}\"},\"query-input\":{\"@type\":\"PropertyValueSpecification\",\"valueRequired\":true,\"valueName\":\"search_term_string\"}}],\"inLanguage\":\"de\"}]}<\/script>\n<!-- \/ Yoast SEO plugin. -->","yoast_head_json":{"title":"LED-Leiste | 250 Watt | 10000 Lumen | 9-30V | 40cm. Kabel | Deutsch-Stecker TRSW12281-50D - MrK Bullbars","robots":{"index":"index","follow":"follow","max-snippet":"max-snippet:-1","max-image-preview":"max-image-preview:large","max-video-preview":"max-video-preview:-1"},"canonical":"https:\/\/mrkbullbars.nl\/de\/produkt\/led-leiste-250-watt-10000-lumen-9-30v-40cm-kabel-deutsch-stecker-trsw12281-50d\/","og_locale":"de_DE","og_type":"article","og_title":"LED-Leiste | 250 Watt | 10000 Lumen | 9-30V | 40cm. Kabel | Deutsch-Stecker TRSW12281-50D - MrK Bullbars","og_description":"Diese 250 Watt mit 10000 Lumen LED-Lampe ist ideal f\u00fcr den Einsatz an verschiedenen Fahrzeugen. Das liegt an der 9 bis 30 Volt Multivoltage. Beispiele, auf die diese Lampe angewendet werden kann, sind z. B. Lastkraftwagen, 4 x 4 Autos und Bagger. Die Leuchte ist mit einem Fernlicht ausgestattet. Ein Fernlicht darf auf \u00f6ffentlichen Stra\u00dfen [&hellip;]","og_url":"https:\/\/mrkbullbars.nl\/de\/produkt\/led-leiste-250-watt-10000-lumen-9-30v-40cm-kabel-deutsch-stecker-trsw12281-50d\/","og_site_name":"MrK Bullbars","og_image":[{"width":500,"height":500,"url":"https:\/\/mrkbullbars.nl\/wp-content\/uploads\/2025\/01\/845fcaea-e395-4e80-aac6-558f7b5acaf3-40820_2.webp","type":"image\/webp"}],"twitter_card":"summary_large_image","twitter_misc":{"Gesch\u00e4tzte Lesezeit":"1\u00a0Minute"},"schema":{"@context":"https:\/\/schema.org","@graph":[{"@type":"WebPage","@id":"https:\/\/mrkbullbars.nl\/de\/produkt\/led-leiste-250-watt-10000-lumen-9-30v-40cm-kabel-deutsch-stecker-trsw12281-50d\/","url":"https:\/\/mrkbullbars.nl\/de\/produkt\/led-leiste-250-watt-10000-lumen-9-30v-40cm-kabel-deutsch-stecker-trsw12281-50d\/","name":"LED-Leiste | 250 Watt | 10000 Lumen | 9-30V | 40cm. Kabel | Deutsch-Stecker TRSW12281-50D - MrK Bullbars","isPartOf":{"@id":"https:\/\/mrkbullbars.nl\/de\/#website"},"primaryImageOfPage":{"@id":"https:\/\/mrkbullbars.nl\/de\/produkt\/led-leiste-250-watt-10000-lumen-9-30v-40cm-kabel-deutsch-stecker-trsw12281-50d\/#primaryimage"},"image":{"@id":"https:\/\/mrkbullbars.nl\/de\/produkt\/led-leiste-250-watt-10000-lumen-9-30v-40cm-kabel-deutsch-stecker-trsw12281-50d\/#primaryimage"},"thumbnailUrl":"https:\/\/mrkbullbars.nl\/wp-content\/uploads\/2025\/01\/845fcaea-e395-4e80-aac6-558f7b5acaf3-40820_2.webp","datePublished":"2025-04-12T10:39:19+00:00","breadcrumb":{"@id":"https:\/\/mrkbullbars.nl\/de\/produkt\/led-leiste-250-watt-10000-lumen-9-30v-40cm-kabel-deutsch-stecker-trsw12281-50d\/#breadcrumb"},"inLanguage":"de","potentialAction":[{"@type":"ReadAction","target":["https:\/\/mrkbullbars.nl\/de\/produkt\/led-leiste-250-watt-10000-lumen-9-30v-40cm-kabel-deutsch-stecker-trsw12281-50d\/"]}]},{"@type":"ImageObject","inLanguage":"de","@id":"https:\/\/mrkbullbars.nl\/de\/produkt\/led-leiste-250-watt-10000-lumen-9-30v-40cm-kabel-deutsch-stecker-trsw12281-50d\/#primaryimage","url":"https:\/\/mrkbullbars.nl\/wp-content\/uploads\/2025\/01\/845fcaea-e395-4e80-aac6-558f7b5acaf3-40820_2.webp","contentUrl":"https:\/\/mrkbullbars.nl\/wp-content\/uploads\/2025\/01\/845fcaea-e395-4e80-aac6-558f7b5acaf3-40820_2.webp","width":500,"height":500},{"@type":"BreadcrumbList","@id":"https:\/\/mrkbullbars.nl\/de\/produkt\/led-leiste-250-watt-10000-lumen-9-30v-40cm-kabel-deutsch-stecker-trsw12281-50d\/#breadcrumb","itemListElement":[{"@type":"ListItem","position":1,"name":"Home","item":"https:\/\/mrkbullbars.nl\/de\/"},{"@type":"ListItem","position":2,"name":"Shop","item":"https:\/\/mrkbullbars.nl\/de\/shop\/"},{"@type":"ListItem","position":3,"name":"LED-Leiste | 250 Watt | 10000 Lumen | 9-30V | 40cm. Kabel | Deutsch-Stecker TRSW12281-50D"}]},{"@type":"WebSite","@id":"https:\/\/mrkbullbars.nl\/de\/#website","url":"https:\/\/mrkbullbars.nl\/de\/","name":"MrK Bullbars","description":"","potentialAction":[{"@type":"SearchAction","target":{"@type":"EntryPoint","urlTemplate":"https:\/\/mrkbullbars.nl\/de\/?s={search_term_string}"},"query-input":{"@type":"PropertyValueSpecification","valueRequired":true,"valueName":"search_term_string"}}],"inLanguage":"de"}]}},"_links":{"self":[{"href":"https:\/\/mrkbullbars.nl\/de\/wp-json\/wp\/v2\/product\/8112","targetHints":{"allow":["GET"]}}],"collection":[{"href":"https:\/\/mrkbullbars.nl\/de\/wp-json\/wp\/v2\/product"}],"about":[{"href":"https:\/\/mrkbullbars.nl\/de\/wp-json\/wp\/v2\/types\/product"}],"replies":[{"embeddable":true,"href":"https:\/\/mrkbullbars.nl\/de\/wp-json\/wp\/v2\/comments?post=8112"}],"wp:featuredmedia":[{"embeddable":true,"href":"https:\/\/mrkbullbars.nl\/de\/wp-json\/wp\/v2\/media\/6496"}],"wp:attachment":[{"href":"https:\/\/mrkbullbars.nl\/de\/wp-json\/wp\/v2\/media?parent=8112"}],"wp:term":[{"taxonomy":"product_brand","embeddable":true,"href":"https:\/\/mrkbullbars.nl\/de\/wp-json\/wp\/v2\/product_brand?post=8112"},{"taxonomy":"product_cat","embeddable":true,"href":"https:\/\/mrkbullbars.nl\/de\/wp-json\/wp\/v2\/product_cat?post=8112"},{"taxonomy":"product_tag","embeddable":true,"href":"https:\/\/mrkbullbars.nl\/de\/wp-json\/wp\/v2\/product_tag?post=8112"}],"curies":[{"name":"wp","href":"https:\/\/api.w.org\/{rel}","templated":true}]}}