{"id":8118,"date":"2025-01-23T10:36:17","date_gmt":"2025-04-12T10:40:58","guid":{"rendered":"https:\/\/mrkbullbars.nl\/product\/led-ypsilon-12led-gelb-weiss-mit-blitz-8000lm-3m-kabel-wd-12080-1\/"},"modified":"2025-04-12T12:40:58","modified_gmt":"2025-04-12T10:40:58","slug":"led-ypsilon-12led-gelb-weiss-mit-blitz-8000lm-3m-kabel-wd-12080-1","status":"publish","type":"product","link":"https:\/\/mrkbullbars.nl\/de\/produkt\/led-ypsilon-12led-gelb-weiss-mit-blitz-8000lm-3m-kabel-wd-12080-1\/","title":{"rendered":"LED Ypsilon 12LED gelb\/wei\u00df mit Blitz 8000lm \/ 3m Kabel | WD-12080.1"},"content":{"rendered":"<p>Lernen Sie die TRALERT\u00ae Ypsilon Serie 12LED kennen. Das Upgrade f\u00fcr Ihr Fahrzeug in Sachen Optik und Funktionalit\u00e4t. Die Ypsilon Serie besteht aus zwei Modellen, von denen dies die gro\u00dfe Variante ist. Der WD-12080.1 verf\u00fcgt \u00fcber satte 8.000 Lumen Lichtleistung, mit denen Sie die Stra\u00dfe unter allen Bedingungen optimal ausleuchten k\u00f6nnen.<\/p>\n<p>Einzigartig an dieser Serie ist das zweifarbige Tagfahrlicht und die integrierte Blitzfunktion. Der gelbe Blitz in den markanten Y-Formen ist mit vier Blinkmustern versehen, um ihn hervorzuheben. F\u00fcr diese neue Serie wurden nur die besten Materialien verwendet, wie z.B. das robuste Geh\u00e4use aus Aluminiumdruckguss (ADC12). Das macht den TRALERT\u00ae Ypsilon Serie 12LED zu dem Scheinwerfer, auf den Sie sich verlassen k\u00f6nnen.<\/p>\n","protected":false},"excerpt":{"rendered":"<p>Lernen Sie die TRALERT\u00ae Ypsilon Serie 12LED kennen. Das Upgrade f\u00fcr Ihr Fahrzeug in Sachen Optik und Funktionalit\u00e4t. Die Ypsilon Serie besteht aus zwei Modellen, von denen dies die gro\u00dfe Variante ist. Der WD-12080.1 verf\u00fcgt \u00fcber satte 8.000 Lumen Lichtleistung, mit denen Sie die Stra\u00dfe unter allen Bedingungen optimal ausleuchten k\u00f6nnen. Einzigartig an dieser Serie [&hellip;]<\/p>\n","protected":false},"featured_media":0,"comment_status":"open","ping_status":"closed","template":"","meta":{"_acf_changed":false,"_genesis_hide_title":false,"_genesis_hide_breadcrumbs":false,"_genesis_hide_singular_image":false,"_genesis_hide_footer_widgets":false,"_genesis_custom_body_class":"","_genesis_custom_post_class":"","_genesis_layout":""},"product_brand":[],"product_cat":[335],"product_tag":[],"class_list":{"0":"post-8118","1":"product","2":"type-product","3":"status-publish","5":"product_cat-led-strahler-de","6":"entry","8":"first","9":"instock","10":"taxable","11":"shipping-taxable","12":"purchasable","13":"product-type-simple"},"acf":[],"yoast_head":"<!-- This site is optimized with the Yoast SEO plugin v27.3 - https:\/\/yoast.com\/product\/yoast-seo-wordpress\/ -->\n<title>LED Ypsilon 12LED gelb\/wei\u00df mit Blitz 8000lm \/ 3m Kabel | WD-12080.1 - MrK Bullbars<\/title>\n<meta name=\"robots\" content=\"index, follow, max-snippet:-1, max-image-preview:large, max-video-preview:-1\" \/>\n<link rel=\"canonical\" href=\"https:\/\/mrkbullbars.nl\/de\/produkt\/led-ypsilon-12led-gelb-weiss-mit-blitz-8000lm-3m-kabel-wd-12080-1\/\" \/>\n<meta property=\"og:locale\" content=\"de_DE\" \/>\n<meta property=\"og:type\" content=\"article\" \/>\n<meta property=\"og:title\" content=\"LED Ypsilon 12LED gelb\/wei\u00df mit Blitz 8000lm \/ 3m Kabel | WD-12080.1 - MrK Bullbars\" \/>\n<meta property=\"og:description\" content=\"Lernen Sie die TRALERT\u00ae Ypsilon Serie 12LED kennen. Das Upgrade f\u00fcr Ihr Fahrzeug in Sachen Optik und Funktionalit\u00e4t. Die Ypsilon Serie besteht aus zwei Modellen, von denen dies die gro\u00dfe Variante ist. Der WD-12080.1 verf\u00fcgt \u00fcber satte 8.000 Lumen Lichtleistung, mit denen Sie die Stra\u00dfe unter allen Bedingungen optimal ausleuchten k\u00f6nnen. Einzigartig an dieser Serie [&hellip;]\" \/>\n<meta property=\"og:url\" content=\"https:\/\/mrkbullbars.nl\/de\/produkt\/led-ypsilon-12led-gelb-weiss-mit-blitz-8000lm-3m-kabel-wd-12080-1\/\" \/>\n<meta property=\"og:site_name\" content=\"MrK Bullbars\" \/>\n<meta name=\"twitter:card\" content=\"summary_large_image\" \/>\n<meta name=\"twitter:label1\" content=\"Gesch\u00e4tzte Lesezeit\" \/>\n\t<meta name=\"twitter:data1\" content=\"1\u00a0Minute\" \/>\n<script type=\"application\/ld+json\" class=\"yoast-schema-graph\">{\"@context\":\"https:\\\/\\\/schema.org\",\"@graph\":[{\"@type\":\"WebPage\",\"@id\":\"https:\\\/\\\/mrkbullbars.nl\\\/de\\\/produkt\\\/led-ypsilon-12led-gelb-weiss-mit-blitz-8000lm-3m-kabel-wd-12080-1\\\/\",\"url\":\"https:\\\/\\\/mrkbullbars.nl\\\/de\\\/produkt\\\/led-ypsilon-12led-gelb-weiss-mit-blitz-8000lm-3m-kabel-wd-12080-1\\\/\",\"name\":\"LED Ypsilon 12LED gelb\\\/wei\u00df mit Blitz 8000lm \\\/ 3m Kabel | WD-12080.1 - MrK Bullbars\",\"isPartOf\":{\"@id\":\"https:\\\/\\\/mrkbullbars.nl\\\/de\\\/#website\"},\"datePublished\":\"2025-04-12T10:40:58+00:00\",\"breadcrumb\":{\"@id\":\"https:\\\/\\\/mrkbullbars.nl\\\/de\\\/produkt\\\/led-ypsilon-12led-gelb-weiss-mit-blitz-8000lm-3m-kabel-wd-12080-1\\\/#breadcrumb\"},\"inLanguage\":\"de\",\"potentialAction\":[{\"@type\":\"ReadAction\",\"target\":[\"https:\\\/\\\/mrkbullbars.nl\\\/de\\\/produkt\\\/led-ypsilon-12led-gelb-weiss-mit-blitz-8000lm-3m-kabel-wd-12080-1\\\/\"]}]},{\"@type\":\"BreadcrumbList\",\"@id\":\"https:\\\/\\\/mrkbullbars.nl\\\/de\\\/produkt\\\/led-ypsilon-12led-gelb-weiss-mit-blitz-8000lm-3m-kabel-wd-12080-1\\\/#breadcrumb\",\"itemListElement\":[{\"@type\":\"ListItem\",\"position\":1,\"name\":\"Home\",\"item\":\"https:\\\/\\\/mrkbullbars.nl\\\/de\\\/\"},{\"@type\":\"ListItem\",\"position\":2,\"name\":\"Shop\",\"item\":\"https:\\\/\\\/mrkbullbars.nl\\\/de\\\/shop\\\/\"},{\"@type\":\"ListItem\",\"position\":3,\"name\":\"LED Ypsilon 12LED gelb\\\/wei\u00df mit Blitz 8000lm \\\/ 3m Kabel | WD-12080.1\"}]},{\"@type\":\"WebSite\",\"@id\":\"https:\\\/\\\/mrkbullbars.nl\\\/de\\\/#website\",\"url\":\"https:\\\/\\\/mrkbullbars.nl\\\/de\\\/\",\"name\":\"MrK Bullbars\",\"description\":\"\",\"potentialAction\":[{\"@type\":\"SearchAction\",\"target\":{\"@type\":\"EntryPoint\",\"urlTemplate\":\"https:\\\/\\\/mrkbullbars.nl\\\/de\\\/?s={search_term_string}\"},\"query-input\":{\"@type\":\"PropertyValueSpecification\",\"valueRequired\":true,\"valueName\":\"search_term_string\"}}],\"inLanguage\":\"de\"}]}<\/script>\n<!-- \/ Yoast SEO plugin. -->","yoast_head_json":{"title":"LED Ypsilon 12LED gelb\/wei\u00df mit Blitz 8000lm \/ 3m Kabel | WD-12080.1 - MrK Bullbars","robots":{"index":"index","follow":"follow","max-snippet":"max-snippet:-1","max-image-preview":"max-image-preview:large","max-video-preview":"max-video-preview:-1"},"canonical":"https:\/\/mrkbullbars.nl\/de\/produkt\/led-ypsilon-12led-gelb-weiss-mit-blitz-8000lm-3m-kabel-wd-12080-1\/","og_locale":"de_DE","og_type":"article","og_title":"LED Ypsilon 12LED gelb\/wei\u00df mit Blitz 8000lm \/ 3m Kabel | WD-12080.1 - MrK Bullbars","og_description":"Lernen Sie die TRALERT\u00ae Ypsilon Serie 12LED kennen. Das Upgrade f\u00fcr Ihr Fahrzeug in Sachen Optik und Funktionalit\u00e4t. Die Ypsilon Serie besteht aus zwei Modellen, von denen dies die gro\u00dfe Variante ist. Der WD-12080.1 verf\u00fcgt \u00fcber satte 8.000 Lumen Lichtleistung, mit denen Sie die Stra\u00dfe unter allen Bedingungen optimal ausleuchten k\u00f6nnen. Einzigartig an dieser Serie [&hellip;]","og_url":"https:\/\/mrkbullbars.nl\/de\/produkt\/led-ypsilon-12led-gelb-weiss-mit-blitz-8000lm-3m-kabel-wd-12080-1\/","og_site_name":"MrK Bullbars","twitter_card":"summary_large_image","twitter_misc":{"Gesch\u00e4tzte Lesezeit":"1\u00a0Minute"},"schema":{"@context":"https:\/\/schema.org","@graph":[{"@type":"WebPage","@id":"https:\/\/mrkbullbars.nl\/de\/produkt\/led-ypsilon-12led-gelb-weiss-mit-blitz-8000lm-3m-kabel-wd-12080-1\/","url":"https:\/\/mrkbullbars.nl\/de\/produkt\/led-ypsilon-12led-gelb-weiss-mit-blitz-8000lm-3m-kabel-wd-12080-1\/","name":"LED Ypsilon 12LED gelb\/wei\u00df mit Blitz 8000lm \/ 3m Kabel | WD-12080.1 - MrK Bullbars","isPartOf":{"@id":"https:\/\/mrkbullbars.nl\/de\/#website"},"datePublished":"2025-04-12T10:40:58+00:00","breadcrumb":{"@id":"https:\/\/mrkbullbars.nl\/de\/produkt\/led-ypsilon-12led-gelb-weiss-mit-blitz-8000lm-3m-kabel-wd-12080-1\/#breadcrumb"},"inLanguage":"de","potentialAction":[{"@type":"ReadAction","target":["https:\/\/mrkbullbars.nl\/de\/produkt\/led-ypsilon-12led-gelb-weiss-mit-blitz-8000lm-3m-kabel-wd-12080-1\/"]}]},{"@type":"BreadcrumbList","@id":"https:\/\/mrkbullbars.nl\/de\/produkt\/led-ypsilon-12led-gelb-weiss-mit-blitz-8000lm-3m-kabel-wd-12080-1\/#breadcrumb","itemListElement":[{"@type":"ListItem","position":1,"name":"Home","item":"https:\/\/mrkbullbars.nl\/de\/"},{"@type":"ListItem","position":2,"name":"Shop","item":"https:\/\/mrkbullbars.nl\/de\/shop\/"},{"@type":"ListItem","position":3,"name":"LED Ypsilon 12LED gelb\/wei\u00df mit Blitz 8000lm \/ 3m Kabel | WD-12080.1"}]},{"@type":"WebSite","@id":"https:\/\/mrkbullbars.nl\/de\/#website","url":"https:\/\/mrkbullbars.nl\/de\/","name":"MrK Bullbars","description":"","potentialAction":[{"@type":"SearchAction","target":{"@type":"EntryPoint","urlTemplate":"https:\/\/mrkbullbars.nl\/de\/?s={search_term_string}"},"query-input":{"@type":"PropertyValueSpecification","valueRequired":true,"valueName":"search_term_string"}}],"inLanguage":"de"}]}},"_links":{"self":[{"href":"https:\/\/mrkbullbars.nl\/de\/wp-json\/wp\/v2\/product\/8118","targetHints":{"allow":["GET"]}}],"collection":[{"href":"https:\/\/mrkbullbars.nl\/de\/wp-json\/wp\/v2\/product"}],"about":[{"href":"https:\/\/mrkbullbars.nl\/de\/wp-json\/wp\/v2\/types\/product"}],"replies":[{"embeddable":true,"href":"https:\/\/mrkbullbars.nl\/de\/wp-json\/wp\/v2\/comments?post=8118"}],"wp:attachment":[{"href":"https:\/\/mrkbullbars.nl\/de\/wp-json\/wp\/v2\/media?parent=8118"}],"wp:term":[{"taxonomy":"product_brand","embeddable":true,"href":"https:\/\/mrkbullbars.nl\/de\/wp-json\/wp\/v2\/product_brand?post=8118"},{"taxonomy":"product_cat","embeddable":true,"href":"https:\/\/mrkbullbars.nl\/de\/wp-json\/wp\/v2\/product_cat?post=8118"},{"taxonomy":"product_tag","embeddable":true,"href":"https:\/\/mrkbullbars.nl\/de\/wp-json\/wp\/v2\/product_tag?post=8118"}],"curies":[{"name":"wp","href":"https:\/\/api.w.org\/{rel}","templated":true}]}}