{"id":8122,"date":"2025-01-23T10:37:01","date_gmt":"2025-04-12T10:42:05","guid":{"rendered":"https:\/\/mrkbullbars.nl\/product\/nova-series-led-strahler-weiss-9-36v-150w-13600lm-wd-15013w\/"},"modified":"2025-04-12T12:42:05","modified_gmt":"2025-04-12T10:42:05","slug":"nova-series-led-strahler-weiss-9-36v-150w-13600lm-wd-15013w","status":"publish","type":"product","link":"https:\/\/mrkbullbars.nl\/de\/produkt\/nova-series-led-strahler-weiss-9-36v-150w-13600lm-wd-15013w\/","title":{"rendered":"Nova Series LED-Strahler wei\u00df 9\/36V \/ 150W \/ 13600lm | WD-15013W"},"content":{"rendered":"<p>Neu im LED-Strahler-Sortiment: die TRALERT\u00ae Nova Serie. Das Upgrade f\u00fcr Ihr Fahrzeug in Sachen Optik und Funktionalit\u00e4t. Die Nova-Serie besteht aus zwei Modellen: einer Variante mit schwarzem Geh\u00e4use (WD-15013) und einer Variante mit wei\u00dfem Geh\u00e4use (WD-15013W). Beide Strahler haben eine Lichtleistung von nicht weniger als 13.600 Lumen, was zu einer hervorragenden Sichtbarkeit unter allen Bedingungen f\u00fchrt.<\/p>\n<p>Auch diese LED-Strahlerserie von TRALERT\u00ae ist mit zweifarbigem Tagfahrlicht und eingebauter Blitzfunktion ausgestattet. Sie haben die Wahl zwischen gelbem oder wei\u00dfem Tagfahrlicht. Der gelbe Blitz in seiner markanten runden Form zeichnet sich durch vier Blinkmuster aus, die ihn hervorheben. Damit ist der Scheinwerfer die ideale Kombination aus Stil und Funktionalit\u00e4t f\u00fcr Ihren Truck oder 4&#215;4.<\/p>\n","protected":false},"excerpt":{"rendered":"<p>Neu im LED-Strahler-Sortiment: die TRALERT\u00ae Nova Serie. Das Upgrade f\u00fcr Ihr Fahrzeug in Sachen Optik und Funktionalit\u00e4t. Die Nova-Serie besteht aus zwei Modellen: einer Variante mit schwarzem Geh\u00e4use (WD-15013) und einer Variante mit wei\u00dfem Geh\u00e4use (WD-15013W). Beide Strahler haben eine Lichtleistung von nicht weniger als 13.600 Lumen, was zu einer hervorragenden Sichtbarkeit unter allen Bedingungen [&hellip;]<\/p>\n","protected":false},"featured_media":6597,"comment_status":"open","ping_status":"closed","template":"","meta":{"_acf_changed":false,"_genesis_hide_title":false,"_genesis_hide_breadcrumbs":false,"_genesis_hide_singular_image":false,"_genesis_hide_footer_widgets":false,"_genesis_custom_body_class":"","_genesis_custom_post_class":"","_genesis_layout":""},"product_brand":[],"product_cat":[335],"product_tag":[],"class_list":{"0":"post-8122","1":"product","2":"type-product","3":"status-publish","4":"has-post-thumbnail","6":"product_cat-led-strahler-de","7":"entry","9":"first","10":"instock","11":"taxable","12":"shipping-taxable","13":"purchasable","14":"product-type-simple"},"acf":[],"yoast_head":"<!-- This site is optimized with the Yoast SEO plugin v27.3 - https:\/\/yoast.com\/product\/yoast-seo-wordpress\/ -->\n<title>Nova Series LED-Strahler wei\u00df 9\/36V \/ 150W \/ 13600lm | WD-15013W - MrK Bullbars<\/title>\n<meta name=\"robots\" content=\"index, follow, max-snippet:-1, max-image-preview:large, max-video-preview:-1\" \/>\n<link rel=\"canonical\" href=\"https:\/\/mrkbullbars.nl\/de\/produkt\/nova-series-led-strahler-weiss-9-36v-150w-13600lm-wd-15013w\/\" \/>\n<meta property=\"og:locale\" content=\"de_DE\" \/>\n<meta property=\"og:type\" content=\"article\" \/>\n<meta property=\"og:title\" content=\"Nova Series LED-Strahler wei\u00df 9\/36V \/ 150W \/ 13600lm | WD-15013W - MrK Bullbars\" \/>\n<meta property=\"og:description\" content=\"Neu im LED-Strahler-Sortiment: die TRALERT\u00ae Nova Serie. Das Upgrade f\u00fcr Ihr Fahrzeug in Sachen Optik und Funktionalit\u00e4t. Die Nova-Serie besteht aus zwei Modellen: einer Variante mit schwarzem Geh\u00e4use (WD-15013) und einer Variante mit wei\u00dfem Geh\u00e4use (WD-15013W). Beide Strahler haben eine Lichtleistung von nicht weniger als 13.600 Lumen, was zu einer hervorragenden Sichtbarkeit unter allen Bedingungen [&hellip;]\" \/>\n<meta property=\"og:url\" content=\"https:\/\/mrkbullbars.nl\/de\/produkt\/nova-series-led-strahler-weiss-9-36v-150w-13600lm-wd-15013w\/\" \/>\n<meta property=\"og:site_name\" content=\"MrK Bullbars\" \/>\n<meta name=\"twitter:card\" content=\"summary_large_image\" \/>\n<meta name=\"twitter:label1\" content=\"Gesch\u00e4tzte Lesezeit\" \/>\n\t<meta name=\"twitter:data1\" content=\"1\u00a0Minute\" \/>\n<script type=\"application\/ld+json\" class=\"yoast-schema-graph\">{\"@context\":\"https:\\\/\\\/schema.org\",\"@graph\":[{\"@type\":\"WebPage\",\"@id\":\"https:\\\/\\\/mrkbullbars.nl\\\/de\\\/produkt\\\/nova-series-led-strahler-weiss-9-36v-150w-13600lm-wd-15013w\\\/\",\"url\":\"https:\\\/\\\/mrkbullbars.nl\\\/de\\\/produkt\\\/nova-series-led-strahler-weiss-9-36v-150w-13600lm-wd-15013w\\\/\",\"name\":\"Nova Series LED-Strahler wei\u00df 9\\\/36V \\\/ 150W \\\/ 13600lm | WD-15013W - MrK Bullbars\",\"isPartOf\":{\"@id\":\"https:\\\/\\\/mrkbullbars.nl\\\/de\\\/#website\"},\"primaryImageOfPage\":{\"@id\":\"https:\\\/\\\/mrkbullbars.nl\\\/de\\\/produkt\\\/nova-series-led-strahler-weiss-9-36v-150w-13600lm-wd-15013w\\\/#primaryimage\"},\"image\":{\"@id\":\"https:\\\/\\\/mrkbullbars.nl\\\/de\\\/produkt\\\/nova-series-led-strahler-weiss-9-36v-150w-13600lm-wd-15013w\\\/#primaryimage\"},\"thumbnailUrl\":\"https:\\\/\\\/mrkbullbars.nl\\\/wp-content\\\/uploads\\\/2025\\\/01\\\/d0b64d28-2f7f-488a-9081-4d9734292b76-57240-NL.webp\",\"datePublished\":\"2025-04-12T10:42:05+00:00\",\"breadcrumb\":{\"@id\":\"https:\\\/\\\/mrkbullbars.nl\\\/de\\\/produkt\\\/nova-series-led-strahler-weiss-9-36v-150w-13600lm-wd-15013w\\\/#breadcrumb\"},\"inLanguage\":\"de\",\"potentialAction\":[{\"@type\":\"ReadAction\",\"target\":[\"https:\\\/\\\/mrkbullbars.nl\\\/de\\\/produkt\\\/nova-series-led-strahler-weiss-9-36v-150w-13600lm-wd-15013w\\\/\"]}]},{\"@type\":\"ImageObject\",\"inLanguage\":\"de\",\"@id\":\"https:\\\/\\\/mrkbullbars.nl\\\/de\\\/produkt\\\/nova-series-led-strahler-weiss-9-36v-150w-13600lm-wd-15013w\\\/#primaryimage\",\"url\":\"https:\\\/\\\/mrkbullbars.nl\\\/wp-content\\\/uploads\\\/2025\\\/01\\\/d0b64d28-2f7f-488a-9081-4d9734292b76-57240-NL.webp\",\"contentUrl\":\"https:\\\/\\\/mrkbullbars.nl\\\/wp-content\\\/uploads\\\/2025\\\/01\\\/d0b64d28-2f7f-488a-9081-4d9734292b76-57240-NL.webp\",\"width\":800,\"height\":800},{\"@type\":\"BreadcrumbList\",\"@id\":\"https:\\\/\\\/mrkbullbars.nl\\\/de\\\/produkt\\\/nova-series-led-strahler-weiss-9-36v-150w-13600lm-wd-15013w\\\/#breadcrumb\",\"itemListElement\":[{\"@type\":\"ListItem\",\"position\":1,\"name\":\"Home\",\"item\":\"https:\\\/\\\/mrkbullbars.nl\\\/de\\\/\"},{\"@type\":\"ListItem\",\"position\":2,\"name\":\"Shop\",\"item\":\"https:\\\/\\\/mrkbullbars.nl\\\/de\\\/shop\\\/\"},{\"@type\":\"ListItem\",\"position\":3,\"name\":\"Nova Series LED-Strahler wei\u00df 9\\\/36V \\\/ 150W \\\/ 13600lm | WD-15013W\"}]},{\"@type\":\"WebSite\",\"@id\":\"https:\\\/\\\/mrkbullbars.nl\\\/de\\\/#website\",\"url\":\"https:\\\/\\\/mrkbullbars.nl\\\/de\\\/\",\"name\":\"MrK Bullbars\",\"description\":\"\",\"potentialAction\":[{\"@type\":\"SearchAction\",\"target\":{\"@type\":\"EntryPoint\",\"urlTemplate\":\"https:\\\/\\\/mrkbullbars.nl\\\/de\\\/?s={search_term_string}\"},\"query-input\":{\"@type\":\"PropertyValueSpecification\",\"valueRequired\":true,\"valueName\":\"search_term_string\"}}],\"inLanguage\":\"de\"}]}<\/script>\n<!-- \/ Yoast SEO plugin. -->","yoast_head_json":{"title":"Nova Series LED-Strahler wei\u00df 9\/36V \/ 150W \/ 13600lm | WD-15013W - MrK Bullbars","robots":{"index":"index","follow":"follow","max-snippet":"max-snippet:-1","max-image-preview":"max-image-preview:large","max-video-preview":"max-video-preview:-1"},"canonical":"https:\/\/mrkbullbars.nl\/de\/produkt\/nova-series-led-strahler-weiss-9-36v-150w-13600lm-wd-15013w\/","og_locale":"de_DE","og_type":"article","og_title":"Nova Series LED-Strahler wei\u00df 9\/36V \/ 150W \/ 13600lm | WD-15013W - MrK Bullbars","og_description":"Neu im LED-Strahler-Sortiment: die TRALERT\u00ae Nova Serie. Das Upgrade f\u00fcr Ihr Fahrzeug in Sachen Optik und Funktionalit\u00e4t. Die Nova-Serie besteht aus zwei Modellen: einer Variante mit schwarzem Geh\u00e4use (WD-15013) und einer Variante mit wei\u00dfem Geh\u00e4use (WD-15013W). Beide Strahler haben eine Lichtleistung von nicht weniger als 13.600 Lumen, was zu einer hervorragenden Sichtbarkeit unter allen Bedingungen [&hellip;]","og_url":"https:\/\/mrkbullbars.nl\/de\/produkt\/nova-series-led-strahler-weiss-9-36v-150w-13600lm-wd-15013w\/","og_site_name":"MrK Bullbars","twitter_card":"summary_large_image","twitter_misc":{"Gesch\u00e4tzte Lesezeit":"1\u00a0Minute"},"schema":{"@context":"https:\/\/schema.org","@graph":[{"@type":"WebPage","@id":"https:\/\/mrkbullbars.nl\/de\/produkt\/nova-series-led-strahler-weiss-9-36v-150w-13600lm-wd-15013w\/","url":"https:\/\/mrkbullbars.nl\/de\/produkt\/nova-series-led-strahler-weiss-9-36v-150w-13600lm-wd-15013w\/","name":"Nova Series LED-Strahler wei\u00df 9\/36V \/ 150W \/ 13600lm | WD-15013W - MrK Bullbars","isPartOf":{"@id":"https:\/\/mrkbullbars.nl\/de\/#website"},"primaryImageOfPage":{"@id":"https:\/\/mrkbullbars.nl\/de\/produkt\/nova-series-led-strahler-weiss-9-36v-150w-13600lm-wd-15013w\/#primaryimage"},"image":{"@id":"https:\/\/mrkbullbars.nl\/de\/produkt\/nova-series-led-strahler-weiss-9-36v-150w-13600lm-wd-15013w\/#primaryimage"},"thumbnailUrl":"https:\/\/mrkbullbars.nl\/wp-content\/uploads\/2025\/01\/d0b64d28-2f7f-488a-9081-4d9734292b76-57240-NL.webp","datePublished":"2025-04-12T10:42:05+00:00","breadcrumb":{"@id":"https:\/\/mrkbullbars.nl\/de\/produkt\/nova-series-led-strahler-weiss-9-36v-150w-13600lm-wd-15013w\/#breadcrumb"},"inLanguage":"de","potentialAction":[{"@type":"ReadAction","target":["https:\/\/mrkbullbars.nl\/de\/produkt\/nova-series-led-strahler-weiss-9-36v-150w-13600lm-wd-15013w\/"]}]},{"@type":"ImageObject","inLanguage":"de","@id":"https:\/\/mrkbullbars.nl\/de\/produkt\/nova-series-led-strahler-weiss-9-36v-150w-13600lm-wd-15013w\/#primaryimage","url":"https:\/\/mrkbullbars.nl\/wp-content\/uploads\/2025\/01\/d0b64d28-2f7f-488a-9081-4d9734292b76-57240-NL.webp","contentUrl":"https:\/\/mrkbullbars.nl\/wp-content\/uploads\/2025\/01\/d0b64d28-2f7f-488a-9081-4d9734292b76-57240-NL.webp","width":800,"height":800},{"@type":"BreadcrumbList","@id":"https:\/\/mrkbullbars.nl\/de\/produkt\/nova-series-led-strahler-weiss-9-36v-150w-13600lm-wd-15013w\/#breadcrumb","itemListElement":[{"@type":"ListItem","position":1,"name":"Home","item":"https:\/\/mrkbullbars.nl\/de\/"},{"@type":"ListItem","position":2,"name":"Shop","item":"https:\/\/mrkbullbars.nl\/de\/shop\/"},{"@type":"ListItem","position":3,"name":"Nova Series LED-Strahler wei\u00df 9\/36V \/ 150W \/ 13600lm | WD-15013W"}]},{"@type":"WebSite","@id":"https:\/\/mrkbullbars.nl\/de\/#website","url":"https:\/\/mrkbullbars.nl\/de\/","name":"MrK Bullbars","description":"","potentialAction":[{"@type":"SearchAction","target":{"@type":"EntryPoint","urlTemplate":"https:\/\/mrkbullbars.nl\/de\/?s={search_term_string}"},"query-input":{"@type":"PropertyValueSpecification","valueRequired":true,"valueName":"search_term_string"}}],"inLanguage":"de"}]}},"_links":{"self":[{"href":"https:\/\/mrkbullbars.nl\/de\/wp-json\/wp\/v2\/product\/8122","targetHints":{"allow":["GET"]}}],"collection":[{"href":"https:\/\/mrkbullbars.nl\/de\/wp-json\/wp\/v2\/product"}],"about":[{"href":"https:\/\/mrkbullbars.nl\/de\/wp-json\/wp\/v2\/types\/product"}],"replies":[{"embeddable":true,"href":"https:\/\/mrkbullbars.nl\/de\/wp-json\/wp\/v2\/comments?post=8122"}],"wp:featuredmedia":[{"embeddable":true,"href":"https:\/\/mrkbullbars.nl\/de\/wp-json\/wp\/v2\/media\/6597"}],"wp:attachment":[{"href":"https:\/\/mrkbullbars.nl\/de\/wp-json\/wp\/v2\/media?parent=8122"}],"wp:term":[{"taxonomy":"product_brand","embeddable":true,"href":"https:\/\/mrkbullbars.nl\/de\/wp-json\/wp\/v2\/product_brand?post=8122"},{"taxonomy":"product_cat","embeddable":true,"href":"https:\/\/mrkbullbars.nl\/de\/wp-json\/wp\/v2\/product_cat?post=8122"},{"taxonomy":"product_tag","embeddable":true,"href":"https:\/\/mrkbullbars.nl\/de\/wp-json\/wp\/v2\/product_tag?post=8122"}],"curies":[{"name":"wp","href":"https:\/\/api.w.org\/{rel}","templated":true}]}}