{"id":8124,"date":"2025-01-23T10:37:39","date_gmt":"2025-04-12T10:42:37","guid":{"rendered":"https:\/\/mrkbullbars.nl\/product\/led-strahler-phantom-schwarz-wd-16016\/"},"modified":"2025-04-12T12:42:37","modified_gmt":"2025-04-12T10:42:37","slug":"led-strahler-phantom-schwarz-wd-16016","status":"publish","type":"product","link":"https:\/\/mrkbullbars.nl\/de\/produkt\/led-strahler-phantom-schwarz-wd-16016\/","title":{"rendered":"LED-Strahler Phantom schwarz | WD-16016"},"content":{"rendered":"<p>[elementor-template id=&#8220;33064&#8243;]<\/p>\n<p>Neu im LED-Strahlerprogramm: die TRALERT\u00ae Phantom Serie. Der Scheinwerfer, wenn Ihr Fahrzeug in Sachen Optik und Funktionalit\u00e4t nur das Beste verdient oder verlangt. Ein echter Hingucker durch seine dunkle Optik und das einzigartig gestaltete Tagfahrlicht. Die Phantom Serie besteht aus zwei Modellen: einer Variante mit schwarzem Geh\u00e4use (WD-16016) und einer Variante mit wei\u00dfem Geh\u00e4use (WD-16016W). Beide Strahler haben eine Lichtleistung von nicht weniger als 16.000 Lumen, was zu einer hervorragenden Sichtbarkeit unter allen Bedingungen f\u00fchrt.<\/p>\n<p>Auch diese LED-Strahlerserie von TRALERT\u00ae ist mit zweifarbigen Tagfahrleuchten ausgestattet. Sie haben die Wahl zwischen gelbem oder wei\u00dfem Tagfahrlicht. Die Phantom-Serie wird au\u00dferdem standardm\u00e4\u00dfig mit zwei Montagehalterungen geliefert: eine f\u00fcr die Montage an der Unterseite und eine f\u00fcr die Montage an der R\u00fcckseite. Dadurch l\u00e4sst sich der WD-16016(W) einfach an fast alle Lkw-Marken montieren.<\/p>\n<div id=\"gtx-trans\" style=\"position: absolute; left: -24px; top: -5.5px;\">\n<div class=\"gtx-trans-icon\">&nbsp;<\/div>\n<\/div>\n","protected":false},"excerpt":{"rendered":"<p>[elementor-template id=&#8220;33064&#8243;] Neu im LED-Strahlerprogramm: die TRALERT\u00ae Phantom Serie. Der Scheinwerfer, wenn Ihr Fahrzeug in Sachen Optik und Funktionalit\u00e4t nur das Beste verdient oder verlangt. Ein echter Hingucker durch seine dunkle Optik und das einzigartig gestaltete Tagfahrlicht. Die Phantom Serie besteht aus zwei Modellen: einer Variante mit schwarzem Geh\u00e4use (WD-16016) und einer Variante mit wei\u00dfem [&hellip;]<\/p>\n","protected":false},"featured_media":6625,"comment_status":"open","ping_status":"closed","template":"","meta":{"_acf_changed":false,"_genesis_hide_title":false,"_genesis_hide_breadcrumbs":false,"_genesis_hide_singular_image":false,"_genesis_hide_footer_widgets":false,"_genesis_custom_body_class":"","_genesis_custom_post_class":"","_genesis_layout":""},"product_brand":[],"product_cat":[335],"product_tag":[],"class_list":{"0":"post-8124","1":"product","2":"type-product","3":"status-publish","4":"has-post-thumbnail","6":"product_cat-led-strahler-de","7":"entry","9":"first","10":"instock","11":"taxable","12":"shipping-taxable","13":"purchasable","14":"product-type-simple"},"acf":[],"yoast_head":"<!-- This site is optimized with the Yoast SEO plugin v27.5 - https:\/\/yoast.com\/product\/yoast-seo-wordpress\/ -->\n<title>LED-Strahler Phantom schwarz | WD-16016 - MrK Bullbars<\/title>\n<meta name=\"robots\" content=\"index, follow, max-snippet:-1, max-image-preview:large, max-video-preview:-1\" \/>\n<link rel=\"canonical\" href=\"https:\/\/mrkbullbars.nl\/de\/produkt\/led-strahler-phantom-schwarz-wd-16016\/\" \/>\n<meta property=\"og:locale\" content=\"de_DE\" \/>\n<meta property=\"og:type\" content=\"article\" \/>\n<meta property=\"og:title\" content=\"LED-Strahler Phantom schwarz | WD-16016 - MrK Bullbars\" \/>\n<meta property=\"og:description\" content=\"[elementor-template id=&#8220;33064&#8243;] Neu im LED-Strahlerprogramm: die TRALERT\u00ae Phantom Serie. Der Scheinwerfer, wenn Ihr Fahrzeug in Sachen Optik und Funktionalit\u00e4t nur das Beste verdient oder verlangt. Ein echter Hingucker durch seine dunkle Optik und das einzigartig gestaltete Tagfahrlicht. Die Phantom Serie besteht aus zwei Modellen: einer Variante mit schwarzem Geh\u00e4use (WD-16016) und einer Variante mit wei\u00dfem [&hellip;]\" \/>\n<meta property=\"og:url\" content=\"https:\/\/mrkbullbars.nl\/de\/produkt\/led-strahler-phantom-schwarz-wd-16016\/\" \/>\n<meta property=\"og:site_name\" content=\"MrK Bullbars\" \/>\n<meta name=\"twitter:card\" content=\"summary_large_image\" \/>\n<meta name=\"twitter:label1\" content=\"Gesch\u00e4tzte Lesezeit\" \/>\n\t<meta name=\"twitter:data1\" content=\"1\u00a0Minute\" \/>\n<script type=\"application\/ld+json\" class=\"yoast-schema-graph\">{\"@context\":\"https:\\\/\\\/schema.org\",\"@graph\":[{\"@type\":\"WebPage\",\"@id\":\"https:\\\/\\\/mrkbullbars.nl\\\/de\\\/produkt\\\/led-strahler-phantom-schwarz-wd-16016\\\/\",\"url\":\"https:\\\/\\\/mrkbullbars.nl\\\/de\\\/produkt\\\/led-strahler-phantom-schwarz-wd-16016\\\/\",\"name\":\"LED-Strahler Phantom schwarz | WD-16016 - MrK Bullbars\",\"isPartOf\":{\"@id\":\"https:\\\/\\\/mrkbullbars.nl\\\/de\\\/#website\"},\"primaryImageOfPage\":{\"@id\":\"https:\\\/\\\/mrkbullbars.nl\\\/de\\\/produkt\\\/led-strahler-phantom-schwarz-wd-16016\\\/#primaryimage\"},\"image\":{\"@id\":\"https:\\\/\\\/mrkbullbars.nl\\\/de\\\/produkt\\\/led-strahler-phantom-schwarz-wd-16016\\\/#primaryimage\"},\"thumbnailUrl\":\"https:\\\/\\\/mrkbullbars.nl\\\/wp-content\\\/uploads\\\/2025\\\/01\\\/ba85b188-9ecc-46fa-9c0c-5ebfbd4c35d5-58219-NL.webp\",\"datePublished\":\"2025-04-12T10:42:37+00:00\",\"breadcrumb\":{\"@id\":\"https:\\\/\\\/mrkbullbars.nl\\\/de\\\/produkt\\\/led-strahler-phantom-schwarz-wd-16016\\\/#breadcrumb\"},\"inLanguage\":\"de\",\"potentialAction\":[{\"@type\":\"ReadAction\",\"target\":[\"https:\\\/\\\/mrkbullbars.nl\\\/de\\\/produkt\\\/led-strahler-phantom-schwarz-wd-16016\\\/\"]}]},{\"@type\":\"ImageObject\",\"inLanguage\":\"de\",\"@id\":\"https:\\\/\\\/mrkbullbars.nl\\\/de\\\/produkt\\\/led-strahler-phantom-schwarz-wd-16016\\\/#primaryimage\",\"url\":\"https:\\\/\\\/mrkbullbars.nl\\\/wp-content\\\/uploads\\\/2025\\\/01\\\/ba85b188-9ecc-46fa-9c0c-5ebfbd4c35d5-58219-NL.webp\",\"contentUrl\":\"https:\\\/\\\/mrkbullbars.nl\\\/wp-content\\\/uploads\\\/2025\\\/01\\\/ba85b188-9ecc-46fa-9c0c-5ebfbd4c35d5-58219-NL.webp\",\"width\":800,\"height\":800},{\"@type\":\"BreadcrumbList\",\"@id\":\"https:\\\/\\\/mrkbullbars.nl\\\/de\\\/produkt\\\/led-strahler-phantom-schwarz-wd-16016\\\/#breadcrumb\",\"itemListElement\":[{\"@type\":\"ListItem\",\"position\":1,\"name\":\"Home\",\"item\":\"https:\\\/\\\/mrkbullbars.nl\\\/de\\\/\"},{\"@type\":\"ListItem\",\"position\":2,\"name\":\"Shop\",\"item\":\"https:\\\/\\\/mrkbullbars.nl\\\/de\\\/shop\\\/\"},{\"@type\":\"ListItem\",\"position\":3,\"name\":\"LED-Strahler Phantom schwarz | WD-16016\"}]},{\"@type\":\"WebSite\",\"@id\":\"https:\\\/\\\/mrkbullbars.nl\\\/de\\\/#website\",\"url\":\"https:\\\/\\\/mrkbullbars.nl\\\/de\\\/\",\"name\":\"MrK Bullbars\",\"description\":\"\",\"potentialAction\":[{\"@type\":\"SearchAction\",\"target\":{\"@type\":\"EntryPoint\",\"urlTemplate\":\"https:\\\/\\\/mrkbullbars.nl\\\/de\\\/?s={search_term_string}\"},\"query-input\":{\"@type\":\"PropertyValueSpecification\",\"valueRequired\":true,\"valueName\":\"search_term_string\"}}],\"inLanguage\":\"de\"}]}<\/script>\n<!-- \/ Yoast SEO plugin. -->","yoast_head_json":{"title":"LED-Strahler Phantom schwarz | WD-16016 - MrK Bullbars","robots":{"index":"index","follow":"follow","max-snippet":"max-snippet:-1","max-image-preview":"max-image-preview:large","max-video-preview":"max-video-preview:-1"},"canonical":"https:\/\/mrkbullbars.nl\/de\/produkt\/led-strahler-phantom-schwarz-wd-16016\/","og_locale":"de_DE","og_type":"article","og_title":"LED-Strahler Phantom schwarz | WD-16016 - MrK Bullbars","og_description":"[elementor-template id=&#8220;33064&#8243;] Neu im LED-Strahlerprogramm: die TRALERT\u00ae Phantom Serie. Der Scheinwerfer, wenn Ihr Fahrzeug in Sachen Optik und Funktionalit\u00e4t nur das Beste verdient oder verlangt. Ein echter Hingucker durch seine dunkle Optik und das einzigartig gestaltete Tagfahrlicht. Die Phantom Serie besteht aus zwei Modellen: einer Variante mit schwarzem Geh\u00e4use (WD-16016) und einer Variante mit wei\u00dfem [&hellip;]","og_url":"https:\/\/mrkbullbars.nl\/de\/produkt\/led-strahler-phantom-schwarz-wd-16016\/","og_site_name":"MrK Bullbars","twitter_card":"summary_large_image","twitter_misc":{"Gesch\u00e4tzte Lesezeit":"1\u00a0Minute"},"schema":{"@context":"https:\/\/schema.org","@graph":[{"@type":"WebPage","@id":"https:\/\/mrkbullbars.nl\/de\/produkt\/led-strahler-phantom-schwarz-wd-16016\/","url":"https:\/\/mrkbullbars.nl\/de\/produkt\/led-strahler-phantom-schwarz-wd-16016\/","name":"LED-Strahler Phantom schwarz | WD-16016 - MrK Bullbars","isPartOf":{"@id":"https:\/\/mrkbullbars.nl\/de\/#website"},"primaryImageOfPage":{"@id":"https:\/\/mrkbullbars.nl\/de\/produkt\/led-strahler-phantom-schwarz-wd-16016\/#primaryimage"},"image":{"@id":"https:\/\/mrkbullbars.nl\/de\/produkt\/led-strahler-phantom-schwarz-wd-16016\/#primaryimage"},"thumbnailUrl":"https:\/\/mrkbullbars.nl\/wp-content\/uploads\/2025\/01\/ba85b188-9ecc-46fa-9c0c-5ebfbd4c35d5-58219-NL.webp","datePublished":"2025-04-12T10:42:37+00:00","breadcrumb":{"@id":"https:\/\/mrkbullbars.nl\/de\/produkt\/led-strahler-phantom-schwarz-wd-16016\/#breadcrumb"},"inLanguage":"de","potentialAction":[{"@type":"ReadAction","target":["https:\/\/mrkbullbars.nl\/de\/produkt\/led-strahler-phantom-schwarz-wd-16016\/"]}]},{"@type":"ImageObject","inLanguage":"de","@id":"https:\/\/mrkbullbars.nl\/de\/produkt\/led-strahler-phantom-schwarz-wd-16016\/#primaryimage","url":"https:\/\/mrkbullbars.nl\/wp-content\/uploads\/2025\/01\/ba85b188-9ecc-46fa-9c0c-5ebfbd4c35d5-58219-NL.webp","contentUrl":"https:\/\/mrkbullbars.nl\/wp-content\/uploads\/2025\/01\/ba85b188-9ecc-46fa-9c0c-5ebfbd4c35d5-58219-NL.webp","width":800,"height":800},{"@type":"BreadcrumbList","@id":"https:\/\/mrkbullbars.nl\/de\/produkt\/led-strahler-phantom-schwarz-wd-16016\/#breadcrumb","itemListElement":[{"@type":"ListItem","position":1,"name":"Home","item":"https:\/\/mrkbullbars.nl\/de\/"},{"@type":"ListItem","position":2,"name":"Shop","item":"https:\/\/mrkbullbars.nl\/de\/shop\/"},{"@type":"ListItem","position":3,"name":"LED-Strahler Phantom schwarz | WD-16016"}]},{"@type":"WebSite","@id":"https:\/\/mrkbullbars.nl\/de\/#website","url":"https:\/\/mrkbullbars.nl\/de\/","name":"MrK Bullbars","description":"","potentialAction":[{"@type":"SearchAction","target":{"@type":"EntryPoint","urlTemplate":"https:\/\/mrkbullbars.nl\/de\/?s={search_term_string}"},"query-input":{"@type":"PropertyValueSpecification","valueRequired":true,"valueName":"search_term_string"}}],"inLanguage":"de"}]}},"_links":{"self":[{"href":"https:\/\/mrkbullbars.nl\/de\/wp-json\/wp\/v2\/product\/8124","targetHints":{"allow":["GET"]}}],"collection":[{"href":"https:\/\/mrkbullbars.nl\/de\/wp-json\/wp\/v2\/product"}],"about":[{"href":"https:\/\/mrkbullbars.nl\/de\/wp-json\/wp\/v2\/types\/product"}],"replies":[{"embeddable":true,"href":"https:\/\/mrkbullbars.nl\/de\/wp-json\/wp\/v2\/comments?post=8124"}],"wp:featuredmedia":[{"embeddable":true,"href":"https:\/\/mrkbullbars.nl\/de\/wp-json\/wp\/v2\/media\/6625"}],"wp:attachment":[{"href":"https:\/\/mrkbullbars.nl\/de\/wp-json\/wp\/v2\/media?parent=8124"}],"wp:term":[{"taxonomy":"product_brand","embeddable":true,"href":"https:\/\/mrkbullbars.nl\/de\/wp-json\/wp\/v2\/product_brand?post=8124"},{"taxonomy":"product_cat","embeddable":true,"href":"https:\/\/mrkbullbars.nl\/de\/wp-json\/wp\/v2\/product_cat?post=8124"},{"taxonomy":"product_tag","embeddable":true,"href":"https:\/\/mrkbullbars.nl\/de\/wp-json\/wp\/v2\/product_tag?post=8124"}],"curies":[{"name":"wp","href":"https:\/\/api.w.org\/{rel}","templated":true}]}}