{"id":8127,"date":"2025-01-23T10:38:58","date_gmt":"2025-04-12T10:43:37","guid":{"rendered":"https:\/\/mrkbullbars.nl\/product\/atlas-320-led-strahler-bernstein-weiss-3000-lumen-48-watt-3m-kabel-wd-4830\/"},"modified":"2025-04-12T12:43:37","modified_gmt":"2025-04-12T10:43:37","slug":"atlas-320-led-strahler-bernstein-weiss-3000-lumen-48-watt-3m-kabel-wd-4830","status":"publish","type":"product","link":"https:\/\/mrkbullbars.nl\/de\/produkt\/atlas-320-led-strahler-bernstein-weiss-3000-lumen-48-watt-3m-kabel-wd-4830\/","title":{"rendered":"Atlas 320 LED-Strahler | Bernstein\/Wei\u00df 3000 Lumen | 48 Watt | 3m. Kabel | WD-4830"},"content":{"rendered":"<p class=\"p1\">Vervollst\u00e4ndigen Sie Ihren Truck mit dem TRALERT<sup>\u00ae<\/sup> Atlas 320 <a href=\"https:\/\/www.tralert.com\/c\/led-verstralers\/\">LED-Scheinwerfer<\/a> (Art.-Nr. WD-4830). Dieser LED-Strahler mit den g\u00e4ngigen Abmessungen ist mit leistungsstarken LEDs mit einer Gesamtlichtleistung von 3000 Lumen ausgestattet. Dar\u00fcber hinaus ist der Atlas 320 mit zweifarbigen Tagfahrleuchten ausgestattet, was diesen Scheinwerfer zu einem sch\u00f6nen Upgrade f\u00fcr Ihren Lkw in Bezug auf Aussehen und Funktionalit\u00e4t macht.  <\/p>\n<p class=\"p2\">Dieser LED-Strahler ist so konzipiert, dass er unter allen Bedingungen maximale Leistung erbringt. Dies spiegelt sich z.B. im <a href=\"https:\/\/www.tralert.com\/blog\/het-complete-overzicht-van-ip-waarden\/\">IP-Wert<\/a> von IP69K wider. Das bedeutet, dass es hochdruckspr\u00fchfest ist. Auch die EMV-Entst\u00f6rung ist auf h\u00f6chstem Niveau. Damit ist der Atlas 320 sehr gut f\u00fcr alle modernen Lkw geeignet.    <\/p>\n","protected":false},"excerpt":{"rendered":"<p>Vervollst\u00e4ndigen Sie Ihren Truck mit dem TRALERT\u00ae Atlas 320 LED-Scheinwerfer (Art.-Nr. WD-4830). Dieser LED-Strahler mit den g\u00e4ngigen Abmessungen ist mit leistungsstarken LEDs mit einer Gesamtlichtleistung von 3000 Lumen ausgestattet. Dar\u00fcber hinaus ist der Atlas 320 mit zweifarbigen Tagfahrleuchten ausgestattet, was diesen Scheinwerfer zu einem sch\u00f6nen Upgrade f\u00fcr Ihren Lkw in Bezug auf Aussehen und Funktionalit\u00e4t [&hellip;]<\/p>\n","protected":false},"featured_media":6681,"comment_status":"open","ping_status":"closed","template":"","meta":{"_acf_changed":false,"_genesis_hide_title":false,"_genesis_hide_breadcrumbs":false,"_genesis_hide_singular_image":false,"_genesis_hide_footer_widgets":false,"_genesis_custom_body_class":"","_genesis_custom_post_class":"","_genesis_layout":""},"product_brand":[],"product_cat":[335],"product_tag":[],"class_list":{"0":"post-8127","1":"product","2":"type-product","3":"status-publish","4":"has-post-thumbnail","6":"product_cat-led-strahler-de","7":"entry","9":"first","10":"instock","11":"taxable","12":"shipping-taxable","13":"purchasable","14":"product-type-simple"},"acf":[],"yoast_head":"<!-- This site is optimized with the Yoast SEO plugin v27.3 - https:\/\/yoast.com\/product\/yoast-seo-wordpress\/ -->\n<title>Atlas 320 LED-Strahler | Bernstein\/Wei\u00df 3000 Lumen | 48 Watt | 3m. Kabel | WD-4830 - MrK Bullbars<\/title>\n<meta name=\"robots\" content=\"index, follow, max-snippet:-1, max-image-preview:large, max-video-preview:-1\" \/>\n<link rel=\"canonical\" href=\"https:\/\/mrkbullbars.nl\/de\/produkt\/atlas-320-led-strahler-bernstein-weiss-3000-lumen-48-watt-3m-kabel-wd-4830\/\" \/>\n<meta property=\"og:locale\" content=\"de_DE\" \/>\n<meta property=\"og:type\" content=\"article\" \/>\n<meta property=\"og:title\" content=\"Atlas 320 LED-Strahler | Bernstein\/Wei\u00df 3000 Lumen | 48 Watt | 3m. Kabel | WD-4830 - MrK Bullbars\" \/>\n<meta property=\"og:description\" content=\"Vervollst\u00e4ndigen Sie Ihren Truck mit dem TRALERT\u00ae Atlas 320 LED-Scheinwerfer (Art.-Nr. WD-4830). Dieser LED-Strahler mit den g\u00e4ngigen Abmessungen ist mit leistungsstarken LEDs mit einer Gesamtlichtleistung von 3000 Lumen ausgestattet. Dar\u00fcber hinaus ist der Atlas 320 mit zweifarbigen Tagfahrleuchten ausgestattet, was diesen Scheinwerfer zu einem sch\u00f6nen Upgrade f\u00fcr Ihren Lkw in Bezug auf Aussehen und Funktionalit\u00e4t [&hellip;]\" \/>\n<meta property=\"og:url\" content=\"https:\/\/mrkbullbars.nl\/de\/produkt\/atlas-320-led-strahler-bernstein-weiss-3000-lumen-48-watt-3m-kabel-wd-4830\/\" \/>\n<meta property=\"og:site_name\" content=\"MrK Bullbars\" \/>\n<meta name=\"twitter:card\" content=\"summary_large_image\" \/>\n<meta name=\"twitter:label1\" content=\"Gesch\u00e4tzte Lesezeit\" \/>\n\t<meta name=\"twitter:data1\" content=\"1\u00a0Minute\" \/>\n<script type=\"application\/ld+json\" class=\"yoast-schema-graph\">{\"@context\":\"https:\\\/\\\/schema.org\",\"@graph\":[{\"@type\":\"WebPage\",\"@id\":\"https:\\\/\\\/mrkbullbars.nl\\\/de\\\/produkt\\\/atlas-320-led-strahler-bernstein-weiss-3000-lumen-48-watt-3m-kabel-wd-4830\\\/\",\"url\":\"https:\\\/\\\/mrkbullbars.nl\\\/de\\\/produkt\\\/atlas-320-led-strahler-bernstein-weiss-3000-lumen-48-watt-3m-kabel-wd-4830\\\/\",\"name\":\"Atlas 320 LED-Strahler | Bernstein\\\/Wei\u00df 3000 Lumen | 48 Watt | 3m. Kabel | WD-4830 - MrK Bullbars\",\"isPartOf\":{\"@id\":\"https:\\\/\\\/mrkbullbars.nl\\\/de\\\/#website\"},\"primaryImageOfPage\":{\"@id\":\"https:\\\/\\\/mrkbullbars.nl\\\/de\\\/produkt\\\/atlas-320-led-strahler-bernstein-weiss-3000-lumen-48-watt-3m-kabel-wd-4830\\\/#primaryimage\"},\"image\":{\"@id\":\"https:\\\/\\\/mrkbullbars.nl\\\/de\\\/produkt\\\/atlas-320-led-strahler-bernstein-weiss-3000-lumen-48-watt-3m-kabel-wd-4830\\\/#primaryimage\"},\"thumbnailUrl\":\"https:\\\/\\\/mrkbullbars.nl\\\/wp-content\\\/uploads\\\/2025\\\/01\\\/de8795d6-a9f0-4bc6-aad6-f256f7a00656-40840-nl.webp\",\"datePublished\":\"2025-04-12T10:43:37+00:00\",\"breadcrumb\":{\"@id\":\"https:\\\/\\\/mrkbullbars.nl\\\/de\\\/produkt\\\/atlas-320-led-strahler-bernstein-weiss-3000-lumen-48-watt-3m-kabel-wd-4830\\\/#breadcrumb\"},\"inLanguage\":\"de\",\"potentialAction\":[{\"@type\":\"ReadAction\",\"target\":[\"https:\\\/\\\/mrkbullbars.nl\\\/de\\\/produkt\\\/atlas-320-led-strahler-bernstein-weiss-3000-lumen-48-watt-3m-kabel-wd-4830\\\/\"]}]},{\"@type\":\"ImageObject\",\"inLanguage\":\"de\",\"@id\":\"https:\\\/\\\/mrkbullbars.nl\\\/de\\\/produkt\\\/atlas-320-led-strahler-bernstein-weiss-3000-lumen-48-watt-3m-kabel-wd-4830\\\/#primaryimage\",\"url\":\"https:\\\/\\\/mrkbullbars.nl\\\/wp-content\\\/uploads\\\/2025\\\/01\\\/de8795d6-a9f0-4bc6-aad6-f256f7a00656-40840-nl.webp\",\"contentUrl\":\"https:\\\/\\\/mrkbullbars.nl\\\/wp-content\\\/uploads\\\/2025\\\/01\\\/de8795d6-a9f0-4bc6-aad6-f256f7a00656-40840-nl.webp\",\"width\":800,\"height\":800},{\"@type\":\"BreadcrumbList\",\"@id\":\"https:\\\/\\\/mrkbullbars.nl\\\/de\\\/produkt\\\/atlas-320-led-strahler-bernstein-weiss-3000-lumen-48-watt-3m-kabel-wd-4830\\\/#breadcrumb\",\"itemListElement\":[{\"@type\":\"ListItem\",\"position\":1,\"name\":\"Home\",\"item\":\"https:\\\/\\\/mrkbullbars.nl\\\/de\\\/\"},{\"@type\":\"ListItem\",\"position\":2,\"name\":\"Shop\",\"item\":\"https:\\\/\\\/mrkbullbars.nl\\\/de\\\/shop\\\/\"},{\"@type\":\"ListItem\",\"position\":3,\"name\":\"Atlas 320 LED-Strahler | Bernstein\\\/Wei\u00df 3000 Lumen | 48 Watt | 3m. Kabel | WD-4830\"}]},{\"@type\":\"WebSite\",\"@id\":\"https:\\\/\\\/mrkbullbars.nl\\\/de\\\/#website\",\"url\":\"https:\\\/\\\/mrkbullbars.nl\\\/de\\\/\",\"name\":\"MrK Bullbars\",\"description\":\"\",\"potentialAction\":[{\"@type\":\"SearchAction\",\"target\":{\"@type\":\"EntryPoint\",\"urlTemplate\":\"https:\\\/\\\/mrkbullbars.nl\\\/de\\\/?s={search_term_string}\"},\"query-input\":{\"@type\":\"PropertyValueSpecification\",\"valueRequired\":true,\"valueName\":\"search_term_string\"}}],\"inLanguage\":\"de\"}]}<\/script>\n<!-- \/ Yoast SEO plugin. -->","yoast_head_json":{"title":"Atlas 320 LED-Strahler | Bernstein\/Wei\u00df 3000 Lumen | 48 Watt | 3m. Kabel | WD-4830 - MrK Bullbars","robots":{"index":"index","follow":"follow","max-snippet":"max-snippet:-1","max-image-preview":"max-image-preview:large","max-video-preview":"max-video-preview:-1"},"canonical":"https:\/\/mrkbullbars.nl\/de\/produkt\/atlas-320-led-strahler-bernstein-weiss-3000-lumen-48-watt-3m-kabel-wd-4830\/","og_locale":"de_DE","og_type":"article","og_title":"Atlas 320 LED-Strahler | Bernstein\/Wei\u00df 3000 Lumen | 48 Watt | 3m. Kabel | WD-4830 - MrK Bullbars","og_description":"Vervollst\u00e4ndigen Sie Ihren Truck mit dem TRALERT\u00ae Atlas 320 LED-Scheinwerfer (Art.-Nr. WD-4830). Dieser LED-Strahler mit den g\u00e4ngigen Abmessungen ist mit leistungsstarken LEDs mit einer Gesamtlichtleistung von 3000 Lumen ausgestattet. Dar\u00fcber hinaus ist der Atlas 320 mit zweifarbigen Tagfahrleuchten ausgestattet, was diesen Scheinwerfer zu einem sch\u00f6nen Upgrade f\u00fcr Ihren Lkw in Bezug auf Aussehen und Funktionalit\u00e4t [&hellip;]","og_url":"https:\/\/mrkbullbars.nl\/de\/produkt\/atlas-320-led-strahler-bernstein-weiss-3000-lumen-48-watt-3m-kabel-wd-4830\/","og_site_name":"MrK Bullbars","twitter_card":"summary_large_image","twitter_misc":{"Gesch\u00e4tzte Lesezeit":"1\u00a0Minute"},"schema":{"@context":"https:\/\/schema.org","@graph":[{"@type":"WebPage","@id":"https:\/\/mrkbullbars.nl\/de\/produkt\/atlas-320-led-strahler-bernstein-weiss-3000-lumen-48-watt-3m-kabel-wd-4830\/","url":"https:\/\/mrkbullbars.nl\/de\/produkt\/atlas-320-led-strahler-bernstein-weiss-3000-lumen-48-watt-3m-kabel-wd-4830\/","name":"Atlas 320 LED-Strahler | Bernstein\/Wei\u00df 3000 Lumen | 48 Watt | 3m. Kabel | WD-4830 - MrK Bullbars","isPartOf":{"@id":"https:\/\/mrkbullbars.nl\/de\/#website"},"primaryImageOfPage":{"@id":"https:\/\/mrkbullbars.nl\/de\/produkt\/atlas-320-led-strahler-bernstein-weiss-3000-lumen-48-watt-3m-kabel-wd-4830\/#primaryimage"},"image":{"@id":"https:\/\/mrkbullbars.nl\/de\/produkt\/atlas-320-led-strahler-bernstein-weiss-3000-lumen-48-watt-3m-kabel-wd-4830\/#primaryimage"},"thumbnailUrl":"https:\/\/mrkbullbars.nl\/wp-content\/uploads\/2025\/01\/de8795d6-a9f0-4bc6-aad6-f256f7a00656-40840-nl.webp","datePublished":"2025-04-12T10:43:37+00:00","breadcrumb":{"@id":"https:\/\/mrkbullbars.nl\/de\/produkt\/atlas-320-led-strahler-bernstein-weiss-3000-lumen-48-watt-3m-kabel-wd-4830\/#breadcrumb"},"inLanguage":"de","potentialAction":[{"@type":"ReadAction","target":["https:\/\/mrkbullbars.nl\/de\/produkt\/atlas-320-led-strahler-bernstein-weiss-3000-lumen-48-watt-3m-kabel-wd-4830\/"]}]},{"@type":"ImageObject","inLanguage":"de","@id":"https:\/\/mrkbullbars.nl\/de\/produkt\/atlas-320-led-strahler-bernstein-weiss-3000-lumen-48-watt-3m-kabel-wd-4830\/#primaryimage","url":"https:\/\/mrkbullbars.nl\/wp-content\/uploads\/2025\/01\/de8795d6-a9f0-4bc6-aad6-f256f7a00656-40840-nl.webp","contentUrl":"https:\/\/mrkbullbars.nl\/wp-content\/uploads\/2025\/01\/de8795d6-a9f0-4bc6-aad6-f256f7a00656-40840-nl.webp","width":800,"height":800},{"@type":"BreadcrumbList","@id":"https:\/\/mrkbullbars.nl\/de\/produkt\/atlas-320-led-strahler-bernstein-weiss-3000-lumen-48-watt-3m-kabel-wd-4830\/#breadcrumb","itemListElement":[{"@type":"ListItem","position":1,"name":"Home","item":"https:\/\/mrkbullbars.nl\/de\/"},{"@type":"ListItem","position":2,"name":"Shop","item":"https:\/\/mrkbullbars.nl\/de\/shop\/"},{"@type":"ListItem","position":3,"name":"Atlas 320 LED-Strahler | Bernstein\/Wei\u00df 3000 Lumen | 48 Watt | 3m. Kabel | WD-4830"}]},{"@type":"WebSite","@id":"https:\/\/mrkbullbars.nl\/de\/#website","url":"https:\/\/mrkbullbars.nl\/de\/","name":"MrK Bullbars","description":"","potentialAction":[{"@type":"SearchAction","target":{"@type":"EntryPoint","urlTemplate":"https:\/\/mrkbullbars.nl\/de\/?s={search_term_string}"},"query-input":{"@type":"PropertyValueSpecification","valueRequired":true,"valueName":"search_term_string"}}],"inLanguage":"de"}]}},"_links":{"self":[{"href":"https:\/\/mrkbullbars.nl\/de\/wp-json\/wp\/v2\/product\/8127","targetHints":{"allow":["GET"]}}],"collection":[{"href":"https:\/\/mrkbullbars.nl\/de\/wp-json\/wp\/v2\/product"}],"about":[{"href":"https:\/\/mrkbullbars.nl\/de\/wp-json\/wp\/v2\/types\/product"}],"replies":[{"embeddable":true,"href":"https:\/\/mrkbullbars.nl\/de\/wp-json\/wp\/v2\/comments?post=8127"}],"wp:featuredmedia":[{"embeddable":true,"href":"https:\/\/mrkbullbars.nl\/de\/wp-json\/wp\/v2\/media\/6681"}],"wp:attachment":[{"href":"https:\/\/mrkbullbars.nl\/de\/wp-json\/wp\/v2\/media?parent=8127"}],"wp:term":[{"taxonomy":"product_brand","embeddable":true,"href":"https:\/\/mrkbullbars.nl\/de\/wp-json\/wp\/v2\/product_brand?post=8127"},{"taxonomy":"product_cat","embeddable":true,"href":"https:\/\/mrkbullbars.nl\/de\/wp-json\/wp\/v2\/product_cat?post=8127"},{"taxonomy":"product_tag","embeddable":true,"href":"https:\/\/mrkbullbars.nl\/de\/wp-json\/wp\/v2\/product_tag?post=8127"}],"curies":[{"name":"wp","href":"https:\/\/api.w.org\/{rel}","templated":true}]}}