{"id":8135,"date":"2025-01-23T10:41:24","date_gmt":"2025-04-12T10:45:49","guid":{"rendered":"https:\/\/mrkbullbars.nl\/product\/tralert-atlas-320-r65-blitzgeraet-60w-6000lm-3m-kabel\/"},"modified":"2025-04-12T12:45:49","modified_gmt":"2025-04-12T10:45:49","slug":"tralert-atlas-320-r65-blitzgeraet-60w-6000lm-3m-kabel","status":"publish","type":"product","link":"https:\/\/mrkbullbars.nl\/de\/produkt\/tralert-atlas-320-r65-blitzgeraet-60w-6000lm-3m-kabel\/","title":{"rendered":"Tralert Atlas 320 + R65 Blitzger\u00e4t 60W \/ 6000lm \/ 3m. Kabel"},"content":{"rendered":"<p>Lernen Sie den TRALERT<sup>\u00ae<\/sup> Atlas 320+ kennen. Eine neue Variante des mittlerweile bekannten Atlas 320, dem meistverkauften<sup>\u00ae<\/sup> LED-Scheinwerfer von TRALERT. Dieser Atlas 320+ ist mit einem R65-zertifizierten LED-Blitz ausgestattet. Nach der Installation k\u00f6nnen Sie zwischen bernsteinfarbenem oder wei\u00dfem Tagfahrlicht w\u00e4hlen, um Ihren Lkw noch sch\u00f6ner aussehen zu lassen. Ben\u00f6tigen Sie mehr Licht? Schalten Sie dann das leistungsstarke Fernlicht ein. Alle Funktionen dieses Scheinwerfers sind selbstverst\u00e4ndlich vollst\u00e4ndig zertifiziert, sodass Sie sich sorglos auf den Weg machen k\u00f6nnen.      &nbsp;<\/p>\n<p>&nbsp;<\/p>\n<p>Dieser LED-Strahler ist so konzipiert, dass er unter allen Bedingungen maximale Leistung erbringt. Dies spiegelt sich beispielsweise in der Lichtleistung von 6000 Lumen und dem IP-Wert von IP69K wider. Das bedeutet, dass es hochdruckspr\u00fchfest ist. Auch die EMV-Entst\u00f6rung ist auf h\u00f6chstem Niveau. Damit ist der Atlas 320+ sehr gut f\u00fcr alle modernen Lkw geeignet.    <\/p>\n","protected":false},"excerpt":{"rendered":"<p>Lernen Sie den TRALERT\u00ae Atlas 320+ kennen. Eine neue Variante des mittlerweile bekannten Atlas 320, dem meistverkauften\u00ae LED-Scheinwerfer von TRALERT. Dieser Atlas 320+ ist mit einem R65-zertifizierten LED-Blitz ausgestattet. Nach der Installation k\u00f6nnen Sie zwischen bernsteinfarbenem oder wei\u00dfem Tagfahrlicht w\u00e4hlen, um Ihren Lkw noch sch\u00f6ner aussehen zu lassen. Ben\u00f6tigen Sie mehr Licht? Schalten Sie dann [&hellip;]<\/p>\n","protected":false},"featured_media":6784,"comment_status":"open","ping_status":"closed","template":"","meta":{"_acf_changed":false,"_genesis_hide_title":false,"_genesis_hide_breadcrumbs":false,"_genesis_hide_singular_image":false,"_genesis_hide_footer_widgets":false,"_genesis_custom_body_class":"","_genesis_custom_post_class":"","_genesis_layout":""},"product_brand":[],"product_cat":[335],"product_tag":[],"class_list":{"0":"post-8135","1":"product","2":"type-product","3":"status-publish","4":"has-post-thumbnail","6":"product_cat-led-strahler-de","7":"entry","9":"first","10":"instock","11":"taxable","12":"shipping-taxable","13":"purchasable","14":"product-type-simple"},"acf":[],"yoast_head":"<!-- This site is optimized with the Yoast SEO plugin v27.3 - https:\/\/yoast.com\/product\/yoast-seo-wordpress\/ -->\n<title>Tralert Atlas 320 + R65 Blitzger\u00e4t 60W \/ 6000lm \/ 3m. Kabel - MrK Bullbars<\/title>\n<meta name=\"robots\" content=\"index, follow, max-snippet:-1, max-image-preview:large, max-video-preview:-1\" \/>\n<link rel=\"canonical\" href=\"https:\/\/mrkbullbars.nl\/de\/produkt\/tralert-atlas-320-r65-blitzgeraet-60w-6000lm-3m-kabel\/\" \/>\n<meta property=\"og:locale\" content=\"de_DE\" \/>\n<meta property=\"og:type\" content=\"article\" \/>\n<meta property=\"og:title\" content=\"Tralert Atlas 320 + R65 Blitzger\u00e4t 60W \/ 6000lm \/ 3m. Kabel - MrK Bullbars\" \/>\n<meta property=\"og:description\" content=\"Lernen Sie den TRALERT\u00ae Atlas 320+ kennen. Eine neue Variante des mittlerweile bekannten Atlas 320, dem meistverkauften\u00ae LED-Scheinwerfer von TRALERT. Dieser Atlas 320+ ist mit einem R65-zertifizierten LED-Blitz ausgestattet. Nach der Installation k\u00f6nnen Sie zwischen bernsteinfarbenem oder wei\u00dfem Tagfahrlicht w\u00e4hlen, um Ihren Lkw noch sch\u00f6ner aussehen zu lassen. Ben\u00f6tigen Sie mehr Licht? Schalten Sie dann [&hellip;]\" \/>\n<meta property=\"og:url\" content=\"https:\/\/mrkbullbars.nl\/de\/produkt\/tralert-atlas-320-r65-blitzgeraet-60w-6000lm-3m-kabel\/\" \/>\n<meta property=\"og:site_name\" content=\"MrK Bullbars\" \/>\n<meta name=\"twitter:card\" content=\"summary_large_image\" \/>\n<meta name=\"twitter:label1\" content=\"Gesch\u00e4tzte Lesezeit\" \/>\n\t<meta name=\"twitter:data1\" content=\"1\u00a0Minute\" \/>\n<script type=\"application\/ld+json\" class=\"yoast-schema-graph\">{\"@context\":\"https:\\\/\\\/schema.org\",\"@graph\":[{\"@type\":\"WebPage\",\"@id\":\"https:\\\/\\\/mrkbullbars.nl\\\/de\\\/produkt\\\/tralert-atlas-320-r65-blitzgeraet-60w-6000lm-3m-kabel\\\/\",\"url\":\"https:\\\/\\\/mrkbullbars.nl\\\/de\\\/produkt\\\/tralert-atlas-320-r65-blitzgeraet-60w-6000lm-3m-kabel\\\/\",\"name\":\"Tralert Atlas 320 + R65 Blitzger\u00e4t 60W \\\/ 6000lm \\\/ 3m. Kabel - MrK Bullbars\",\"isPartOf\":{\"@id\":\"https:\\\/\\\/mrkbullbars.nl\\\/de\\\/#website\"},\"primaryImageOfPage\":{\"@id\":\"https:\\\/\\\/mrkbullbars.nl\\\/de\\\/produkt\\\/tralert-atlas-320-r65-blitzgeraet-60w-6000lm-3m-kabel\\\/#primaryimage\"},\"image\":{\"@id\":\"https:\\\/\\\/mrkbullbars.nl\\\/de\\\/produkt\\\/tralert-atlas-320-r65-blitzgeraet-60w-6000lm-3m-kabel\\\/#primaryimage\"},\"thumbnailUrl\":\"https:\\\/\\\/mrkbullbars.nl\\\/wp-content\\\/uploads\\\/2025\\\/01\\\/9994196d-41d2-4271-bc70-e55063bed2ad-58313-NL.webp\",\"datePublished\":\"2025-04-12T10:45:49+00:00\",\"breadcrumb\":{\"@id\":\"https:\\\/\\\/mrkbullbars.nl\\\/de\\\/produkt\\\/tralert-atlas-320-r65-blitzgeraet-60w-6000lm-3m-kabel\\\/#breadcrumb\"},\"inLanguage\":\"de\",\"potentialAction\":[{\"@type\":\"ReadAction\",\"target\":[\"https:\\\/\\\/mrkbullbars.nl\\\/de\\\/produkt\\\/tralert-atlas-320-r65-blitzgeraet-60w-6000lm-3m-kabel\\\/\"]}]},{\"@type\":\"ImageObject\",\"inLanguage\":\"de\",\"@id\":\"https:\\\/\\\/mrkbullbars.nl\\\/de\\\/produkt\\\/tralert-atlas-320-r65-blitzgeraet-60w-6000lm-3m-kabel\\\/#primaryimage\",\"url\":\"https:\\\/\\\/mrkbullbars.nl\\\/wp-content\\\/uploads\\\/2025\\\/01\\\/9994196d-41d2-4271-bc70-e55063bed2ad-58313-NL.webp\",\"contentUrl\":\"https:\\\/\\\/mrkbullbars.nl\\\/wp-content\\\/uploads\\\/2025\\\/01\\\/9994196d-41d2-4271-bc70-e55063bed2ad-58313-NL.webp\",\"width\":800,\"height\":800},{\"@type\":\"BreadcrumbList\",\"@id\":\"https:\\\/\\\/mrkbullbars.nl\\\/de\\\/produkt\\\/tralert-atlas-320-r65-blitzgeraet-60w-6000lm-3m-kabel\\\/#breadcrumb\",\"itemListElement\":[{\"@type\":\"ListItem\",\"position\":1,\"name\":\"Home\",\"item\":\"https:\\\/\\\/mrkbullbars.nl\\\/de\\\/\"},{\"@type\":\"ListItem\",\"position\":2,\"name\":\"Shop\",\"item\":\"https:\\\/\\\/mrkbullbars.nl\\\/de\\\/shop\\\/\"},{\"@type\":\"ListItem\",\"position\":3,\"name\":\"Tralert Atlas 320 + R65 Blitzger\u00e4t 60W \\\/ 6000lm \\\/ 3m. Kabel\"}]},{\"@type\":\"WebSite\",\"@id\":\"https:\\\/\\\/mrkbullbars.nl\\\/de\\\/#website\",\"url\":\"https:\\\/\\\/mrkbullbars.nl\\\/de\\\/\",\"name\":\"MrK Bullbars\",\"description\":\"\",\"potentialAction\":[{\"@type\":\"SearchAction\",\"target\":{\"@type\":\"EntryPoint\",\"urlTemplate\":\"https:\\\/\\\/mrkbullbars.nl\\\/de\\\/?s={search_term_string}\"},\"query-input\":{\"@type\":\"PropertyValueSpecification\",\"valueRequired\":true,\"valueName\":\"search_term_string\"}}],\"inLanguage\":\"de\"}]}<\/script>\n<!-- \/ Yoast SEO plugin. -->","yoast_head_json":{"title":"Tralert Atlas 320 + R65 Blitzger\u00e4t 60W \/ 6000lm \/ 3m. Kabel - MrK Bullbars","robots":{"index":"index","follow":"follow","max-snippet":"max-snippet:-1","max-image-preview":"max-image-preview:large","max-video-preview":"max-video-preview:-1"},"canonical":"https:\/\/mrkbullbars.nl\/de\/produkt\/tralert-atlas-320-r65-blitzgeraet-60w-6000lm-3m-kabel\/","og_locale":"de_DE","og_type":"article","og_title":"Tralert Atlas 320 + R65 Blitzger\u00e4t 60W \/ 6000lm \/ 3m. Kabel - MrK Bullbars","og_description":"Lernen Sie den TRALERT\u00ae Atlas 320+ kennen. Eine neue Variante des mittlerweile bekannten Atlas 320, dem meistverkauften\u00ae LED-Scheinwerfer von TRALERT. Dieser Atlas 320+ ist mit einem R65-zertifizierten LED-Blitz ausgestattet. Nach der Installation k\u00f6nnen Sie zwischen bernsteinfarbenem oder wei\u00dfem Tagfahrlicht w\u00e4hlen, um Ihren Lkw noch sch\u00f6ner aussehen zu lassen. Ben\u00f6tigen Sie mehr Licht? Schalten Sie dann [&hellip;]","og_url":"https:\/\/mrkbullbars.nl\/de\/produkt\/tralert-atlas-320-r65-blitzgeraet-60w-6000lm-3m-kabel\/","og_site_name":"MrK Bullbars","twitter_card":"summary_large_image","twitter_misc":{"Gesch\u00e4tzte Lesezeit":"1\u00a0Minute"},"schema":{"@context":"https:\/\/schema.org","@graph":[{"@type":"WebPage","@id":"https:\/\/mrkbullbars.nl\/de\/produkt\/tralert-atlas-320-r65-blitzgeraet-60w-6000lm-3m-kabel\/","url":"https:\/\/mrkbullbars.nl\/de\/produkt\/tralert-atlas-320-r65-blitzgeraet-60w-6000lm-3m-kabel\/","name":"Tralert Atlas 320 + R65 Blitzger\u00e4t 60W \/ 6000lm \/ 3m. Kabel - MrK Bullbars","isPartOf":{"@id":"https:\/\/mrkbullbars.nl\/de\/#website"},"primaryImageOfPage":{"@id":"https:\/\/mrkbullbars.nl\/de\/produkt\/tralert-atlas-320-r65-blitzgeraet-60w-6000lm-3m-kabel\/#primaryimage"},"image":{"@id":"https:\/\/mrkbullbars.nl\/de\/produkt\/tralert-atlas-320-r65-blitzgeraet-60w-6000lm-3m-kabel\/#primaryimage"},"thumbnailUrl":"https:\/\/mrkbullbars.nl\/wp-content\/uploads\/2025\/01\/9994196d-41d2-4271-bc70-e55063bed2ad-58313-NL.webp","datePublished":"2025-04-12T10:45:49+00:00","breadcrumb":{"@id":"https:\/\/mrkbullbars.nl\/de\/produkt\/tralert-atlas-320-r65-blitzgeraet-60w-6000lm-3m-kabel\/#breadcrumb"},"inLanguage":"de","potentialAction":[{"@type":"ReadAction","target":["https:\/\/mrkbullbars.nl\/de\/produkt\/tralert-atlas-320-r65-blitzgeraet-60w-6000lm-3m-kabel\/"]}]},{"@type":"ImageObject","inLanguage":"de","@id":"https:\/\/mrkbullbars.nl\/de\/produkt\/tralert-atlas-320-r65-blitzgeraet-60w-6000lm-3m-kabel\/#primaryimage","url":"https:\/\/mrkbullbars.nl\/wp-content\/uploads\/2025\/01\/9994196d-41d2-4271-bc70-e55063bed2ad-58313-NL.webp","contentUrl":"https:\/\/mrkbullbars.nl\/wp-content\/uploads\/2025\/01\/9994196d-41d2-4271-bc70-e55063bed2ad-58313-NL.webp","width":800,"height":800},{"@type":"BreadcrumbList","@id":"https:\/\/mrkbullbars.nl\/de\/produkt\/tralert-atlas-320-r65-blitzgeraet-60w-6000lm-3m-kabel\/#breadcrumb","itemListElement":[{"@type":"ListItem","position":1,"name":"Home","item":"https:\/\/mrkbullbars.nl\/de\/"},{"@type":"ListItem","position":2,"name":"Shop","item":"https:\/\/mrkbullbars.nl\/de\/shop\/"},{"@type":"ListItem","position":3,"name":"Tralert Atlas 320 + R65 Blitzger\u00e4t 60W \/ 6000lm \/ 3m. Kabel"}]},{"@type":"WebSite","@id":"https:\/\/mrkbullbars.nl\/de\/#website","url":"https:\/\/mrkbullbars.nl\/de\/","name":"MrK Bullbars","description":"","potentialAction":[{"@type":"SearchAction","target":{"@type":"EntryPoint","urlTemplate":"https:\/\/mrkbullbars.nl\/de\/?s={search_term_string}"},"query-input":{"@type":"PropertyValueSpecification","valueRequired":true,"valueName":"search_term_string"}}],"inLanguage":"de"}]}},"_links":{"self":[{"href":"https:\/\/mrkbullbars.nl\/de\/wp-json\/wp\/v2\/product\/8135","targetHints":{"allow":["GET"]}}],"collection":[{"href":"https:\/\/mrkbullbars.nl\/de\/wp-json\/wp\/v2\/product"}],"about":[{"href":"https:\/\/mrkbullbars.nl\/de\/wp-json\/wp\/v2\/types\/product"}],"replies":[{"embeddable":true,"href":"https:\/\/mrkbullbars.nl\/de\/wp-json\/wp\/v2\/comments?post=8135"}],"wp:featuredmedia":[{"embeddable":true,"href":"https:\/\/mrkbullbars.nl\/de\/wp-json\/wp\/v2\/media\/6784"}],"wp:attachment":[{"href":"https:\/\/mrkbullbars.nl\/de\/wp-json\/wp\/v2\/media?parent=8135"}],"wp:term":[{"taxonomy":"product_brand","embeddable":true,"href":"https:\/\/mrkbullbars.nl\/de\/wp-json\/wp\/v2\/product_brand?post=8135"},{"taxonomy":"product_cat","embeddable":true,"href":"https:\/\/mrkbullbars.nl\/de\/wp-json\/wp\/v2\/product_cat?post=8135"},{"taxonomy":"product_tag","embeddable":true,"href":"https:\/\/mrkbullbars.nl\/de\/wp-json\/wp\/v2\/product_tag?post=8135"}],"curies":[{"name":"wp","href":"https:\/\/api.w.org\/{rel}","templated":true}]}}