{"id":8141,"date":"2025-01-23T10:42:47","date_gmt":"2025-04-12T10:47:30","guid":{"rendered":"https:\/\/mrkbullbars.nl\/product\/ozz-xr2-led-strahler-9-88101\/"},"modified":"2025-04-12T12:47:30","modified_gmt":"2025-04-12T10:47:30","slug":"ozz-xr2-led-strahler-9-88101","status":"publish","type":"product","link":"https:\/\/mrkbullbars.nl\/de\/produkt\/ozz-xr2-led-strahler-9-88101\/","title":{"rendered":"OZZ XR2 LED-Strahler 9&#8243; | 88101"},"content":{"rendered":"<p>Erleben Sie die Kraft des Lichts mit dem OZZ XR2 P9&#8243; von&nbsp;<a href=\"https:\/\/www.tralert.com\/uitgelichte-lampen\/ozz-verlichting\/\">OZZ-Lichter<\/a>. Diese 220-mm-Leuchten sind mit einem dynamischen Startpositionslicht in Wei\u00df und Orange ausgestattet. Als innovativer Nachfolger der urspr\u00fcnglichen OZZ-Leuchtenserie bietet die XR2 P9&#8243; ein neues, markantes Anfahrmuster f\u00fcr einen beeindruckenden optischen Effekt beim Anfahren. Mit einer Boost-Funktion strahlt die OZZ XR2 P9&#8243; satte 10.600 Lumen aus und stellt damit 1 Lux in einer Entfernung von 680 Metern zur Verf\u00fcgung.<\/p>\n<h4>Pluszeichen<\/h4>\n<ul>\n<li><strong>Plus<\/strong>: Die 16 Osram LEDs liefern eine beeindruckende Lichtleistung mit einem Boost von bis zu 10.600 Lumen.<\/li>\n<li><strong>Plus<\/strong>: Innovatives Startmuster f\u00fcr einen optisch atemberaubenden Effekt beim Start.<\/li>\n<li><strong>Plus<\/strong>: Hergestellt aus langlebigen Materialien wie Edelstahl, Aluminium und Polycarbonat.<\/li>\n<\/ul>\n<h4>Definition<\/h4>\n<p>Die OZZ XR2 P9&#8243; ist nicht nur funktional, sondern auch stylisch, dank des dynamischen Startpositionslichts und des neuen Anfahrmusters. Dies verleiht Ihrem Fahrzeug einen modernen Touch und verbessert gleichzeitig die Sichtbarkeit und Sicherheit. Was die Verarbeitungsqualit\u00e4t betrifft, so sind die Leuchten aus einem robusten Aluminiumgeh\u00e4use, einer Edelstahlhalterung und einer Polycarbonat-Linse gefertigt, wodurch sie extremen Wetterbedingungen von -40 bis +60 \u00b0C standhalten.<\/p>\n<p>F\u00fcr die Installation bieten die Leuchten einen 4-poligen DT-Stecker- und -Buchse-Anschluss und eine Kabell\u00e4nge von 1000 mm, was flexible Montagem\u00f6glichkeiten bietet. Die Leuchten sind au\u00dferdem E-Pr\u00fcfzeichen-zertifiziert und erf\u00fcllen die EMV-Normen ECE R10, um Qualit\u00e4t und Sicherheit zu gew\u00e4hrleisten.<\/p>\n<p>M\u00f6chten Sie mehr Optionen sehen? Dann geht es zur \u00dcbersicht <a href=\"https:\/\/www.tralert.com\/c\/led-verstralers\/\">aller Scheinwerfer.<\/a><\/p>\n<p><invalidtag allowfullscreen=\"allowfullscreen\" height=\"314\" src=\"\/\/www.youtube.com\/embed\/KWbYHUm-ubg\" width=\"560\"><\/invalidtag><\/p>\n","protected":false},"excerpt":{"rendered":"<p>Erleben Sie die Kraft des Lichts mit dem OZZ XR2 P9&#8243; von&nbsp;OZZ-Lichter. Diese 220-mm-Leuchten sind mit einem dynamischen Startpositionslicht in Wei\u00df und Orange ausgestattet. Als innovativer Nachfolger der urspr\u00fcnglichen OZZ-Leuchtenserie bietet die XR2 P9&#8243; ein neues, markantes Anfahrmuster f\u00fcr einen beeindruckenden optischen Effekt beim Anfahren. Mit einer Boost-Funktion strahlt die OZZ XR2 P9&#8243; satte 10.600 [&hellip;]<\/p>\n","protected":false},"featured_media":6844,"comment_status":"open","ping_status":"closed","template":"","meta":{"_acf_changed":false,"_genesis_hide_title":false,"_genesis_hide_breadcrumbs":false,"_genesis_hide_singular_image":false,"_genesis_hide_footer_widgets":false,"_genesis_custom_body_class":"","_genesis_custom_post_class":"","_genesis_layout":""},"product_brand":[],"product_cat":[335],"product_tag":[],"class_list":{"0":"post-8141","1":"product","2":"type-product","3":"status-publish","4":"has-post-thumbnail","6":"product_cat-led-strahler-de","7":"entry","9":"first","10":"instock","11":"taxable","12":"shipping-taxable","13":"purchasable","14":"product-type-simple"},"acf":[],"yoast_head":"<!-- This site is optimized with the Yoast SEO plugin v27.3 - https:\/\/yoast.com\/product\/yoast-seo-wordpress\/ -->\n<title>OZZ XR2 LED-Strahler 9&quot; | 88101 - MrK Bullbars<\/title>\n<meta name=\"robots\" content=\"index, follow, max-snippet:-1, max-image-preview:large, max-video-preview:-1\" \/>\n<link rel=\"canonical\" href=\"https:\/\/mrkbullbars.nl\/de\/produkt\/ozz-xr2-led-strahler-9-88101\/\" \/>\n<meta property=\"og:locale\" content=\"de_DE\" \/>\n<meta property=\"og:type\" content=\"article\" \/>\n<meta property=\"og:title\" content=\"OZZ XR2 LED-Strahler 9&quot; | 88101 - MrK Bullbars\" \/>\n<meta property=\"og:description\" content=\"Erleben Sie die Kraft des Lichts mit dem OZZ XR2 P9&#8243; von&nbsp;OZZ-Lichter. Diese 220-mm-Leuchten sind mit einem dynamischen Startpositionslicht in Wei\u00df und Orange ausgestattet. Als innovativer Nachfolger der urspr\u00fcnglichen OZZ-Leuchtenserie bietet die XR2 P9&#8243; ein neues, markantes Anfahrmuster f\u00fcr einen beeindruckenden optischen Effekt beim Anfahren. Mit einer Boost-Funktion strahlt die OZZ XR2 P9&#8243; satte 10.600 [&hellip;]\" \/>\n<meta property=\"og:url\" content=\"https:\/\/mrkbullbars.nl\/de\/produkt\/ozz-xr2-led-strahler-9-88101\/\" \/>\n<meta property=\"og:site_name\" content=\"MrK Bullbars\" \/>\n<meta name=\"twitter:card\" content=\"summary_large_image\" \/>\n<meta name=\"twitter:label1\" content=\"Gesch\u00e4tzte Lesezeit\" \/>\n\t<meta name=\"twitter:data1\" content=\"1\u00a0Minute\" \/>\n<script type=\"application\/ld+json\" class=\"yoast-schema-graph\">{\"@context\":\"https:\\\/\\\/schema.org\",\"@graph\":[{\"@type\":\"WebPage\",\"@id\":\"https:\\\/\\\/mrkbullbars.nl\\\/de\\\/produkt\\\/ozz-xr2-led-strahler-9-88101\\\/\",\"url\":\"https:\\\/\\\/mrkbullbars.nl\\\/de\\\/produkt\\\/ozz-xr2-led-strahler-9-88101\\\/\",\"name\":\"OZZ XR2 LED-Strahler 9\\\" | 88101 - MrK Bullbars\",\"isPartOf\":{\"@id\":\"https:\\\/\\\/mrkbullbars.nl\\\/de\\\/#website\"},\"primaryImageOfPage\":{\"@id\":\"https:\\\/\\\/mrkbullbars.nl\\\/de\\\/produkt\\\/ozz-xr2-led-strahler-9-88101\\\/#primaryimage\"},\"image\":{\"@id\":\"https:\\\/\\\/mrkbullbars.nl\\\/de\\\/produkt\\\/ozz-xr2-led-strahler-9-88101\\\/#primaryimage\"},\"thumbnailUrl\":\"https:\\\/\\\/mrkbullbars.nl\\\/wp-content\\\/uploads\\\/2025\\\/01\\\/8b663cf9-7637-4427-8244-925a03858dde-57249-NL.webp\",\"datePublished\":\"2025-04-12T10:47:30+00:00\",\"breadcrumb\":{\"@id\":\"https:\\\/\\\/mrkbullbars.nl\\\/de\\\/produkt\\\/ozz-xr2-led-strahler-9-88101\\\/#breadcrumb\"},\"inLanguage\":\"de\",\"potentialAction\":[{\"@type\":\"ReadAction\",\"target\":[\"https:\\\/\\\/mrkbullbars.nl\\\/de\\\/produkt\\\/ozz-xr2-led-strahler-9-88101\\\/\"]}]},{\"@type\":\"ImageObject\",\"inLanguage\":\"de\",\"@id\":\"https:\\\/\\\/mrkbullbars.nl\\\/de\\\/produkt\\\/ozz-xr2-led-strahler-9-88101\\\/#primaryimage\",\"url\":\"https:\\\/\\\/mrkbullbars.nl\\\/wp-content\\\/uploads\\\/2025\\\/01\\\/8b663cf9-7637-4427-8244-925a03858dde-57249-NL.webp\",\"contentUrl\":\"https:\\\/\\\/mrkbullbars.nl\\\/wp-content\\\/uploads\\\/2025\\\/01\\\/8b663cf9-7637-4427-8244-925a03858dde-57249-NL.webp\",\"width\":800,\"height\":800},{\"@type\":\"BreadcrumbList\",\"@id\":\"https:\\\/\\\/mrkbullbars.nl\\\/de\\\/produkt\\\/ozz-xr2-led-strahler-9-88101\\\/#breadcrumb\",\"itemListElement\":[{\"@type\":\"ListItem\",\"position\":1,\"name\":\"Home\",\"item\":\"https:\\\/\\\/mrkbullbars.nl\\\/de\\\/\"},{\"@type\":\"ListItem\",\"position\":2,\"name\":\"Shop\",\"item\":\"https:\\\/\\\/mrkbullbars.nl\\\/de\\\/shop\\\/\"},{\"@type\":\"ListItem\",\"position\":3,\"name\":\"OZZ XR2 LED-Strahler 9&#8243; | 88101\"}]},{\"@type\":\"WebSite\",\"@id\":\"https:\\\/\\\/mrkbullbars.nl\\\/de\\\/#website\",\"url\":\"https:\\\/\\\/mrkbullbars.nl\\\/de\\\/\",\"name\":\"MrK Bullbars\",\"description\":\"\",\"potentialAction\":[{\"@type\":\"SearchAction\",\"target\":{\"@type\":\"EntryPoint\",\"urlTemplate\":\"https:\\\/\\\/mrkbullbars.nl\\\/de\\\/?s={search_term_string}\"},\"query-input\":{\"@type\":\"PropertyValueSpecification\",\"valueRequired\":true,\"valueName\":\"search_term_string\"}}],\"inLanguage\":\"de\"}]}<\/script>\n<!-- \/ Yoast SEO plugin. -->","yoast_head_json":{"title":"OZZ XR2 LED-Strahler 9\" | 88101 - MrK Bullbars","robots":{"index":"index","follow":"follow","max-snippet":"max-snippet:-1","max-image-preview":"max-image-preview:large","max-video-preview":"max-video-preview:-1"},"canonical":"https:\/\/mrkbullbars.nl\/de\/produkt\/ozz-xr2-led-strahler-9-88101\/","og_locale":"de_DE","og_type":"article","og_title":"OZZ XR2 LED-Strahler 9\" | 88101 - MrK Bullbars","og_description":"Erleben Sie die Kraft des Lichts mit dem OZZ XR2 P9&#8243; von&nbsp;OZZ-Lichter. Diese 220-mm-Leuchten sind mit einem dynamischen Startpositionslicht in Wei\u00df und Orange ausgestattet. Als innovativer Nachfolger der urspr\u00fcnglichen OZZ-Leuchtenserie bietet die XR2 P9&#8243; ein neues, markantes Anfahrmuster f\u00fcr einen beeindruckenden optischen Effekt beim Anfahren. Mit einer Boost-Funktion strahlt die OZZ XR2 P9&#8243; satte 10.600 [&hellip;]","og_url":"https:\/\/mrkbullbars.nl\/de\/produkt\/ozz-xr2-led-strahler-9-88101\/","og_site_name":"MrK Bullbars","twitter_card":"summary_large_image","twitter_misc":{"Gesch\u00e4tzte Lesezeit":"1\u00a0Minute"},"schema":{"@context":"https:\/\/schema.org","@graph":[{"@type":"WebPage","@id":"https:\/\/mrkbullbars.nl\/de\/produkt\/ozz-xr2-led-strahler-9-88101\/","url":"https:\/\/mrkbullbars.nl\/de\/produkt\/ozz-xr2-led-strahler-9-88101\/","name":"OZZ XR2 LED-Strahler 9\" | 88101 - MrK Bullbars","isPartOf":{"@id":"https:\/\/mrkbullbars.nl\/de\/#website"},"primaryImageOfPage":{"@id":"https:\/\/mrkbullbars.nl\/de\/produkt\/ozz-xr2-led-strahler-9-88101\/#primaryimage"},"image":{"@id":"https:\/\/mrkbullbars.nl\/de\/produkt\/ozz-xr2-led-strahler-9-88101\/#primaryimage"},"thumbnailUrl":"https:\/\/mrkbullbars.nl\/wp-content\/uploads\/2025\/01\/8b663cf9-7637-4427-8244-925a03858dde-57249-NL.webp","datePublished":"2025-04-12T10:47:30+00:00","breadcrumb":{"@id":"https:\/\/mrkbullbars.nl\/de\/produkt\/ozz-xr2-led-strahler-9-88101\/#breadcrumb"},"inLanguage":"de","potentialAction":[{"@type":"ReadAction","target":["https:\/\/mrkbullbars.nl\/de\/produkt\/ozz-xr2-led-strahler-9-88101\/"]}]},{"@type":"ImageObject","inLanguage":"de","@id":"https:\/\/mrkbullbars.nl\/de\/produkt\/ozz-xr2-led-strahler-9-88101\/#primaryimage","url":"https:\/\/mrkbullbars.nl\/wp-content\/uploads\/2025\/01\/8b663cf9-7637-4427-8244-925a03858dde-57249-NL.webp","contentUrl":"https:\/\/mrkbullbars.nl\/wp-content\/uploads\/2025\/01\/8b663cf9-7637-4427-8244-925a03858dde-57249-NL.webp","width":800,"height":800},{"@type":"BreadcrumbList","@id":"https:\/\/mrkbullbars.nl\/de\/produkt\/ozz-xr2-led-strahler-9-88101\/#breadcrumb","itemListElement":[{"@type":"ListItem","position":1,"name":"Home","item":"https:\/\/mrkbullbars.nl\/de\/"},{"@type":"ListItem","position":2,"name":"Shop","item":"https:\/\/mrkbullbars.nl\/de\/shop\/"},{"@type":"ListItem","position":3,"name":"OZZ XR2 LED-Strahler 9&#8243; | 88101"}]},{"@type":"WebSite","@id":"https:\/\/mrkbullbars.nl\/de\/#website","url":"https:\/\/mrkbullbars.nl\/de\/","name":"MrK Bullbars","description":"","potentialAction":[{"@type":"SearchAction","target":{"@type":"EntryPoint","urlTemplate":"https:\/\/mrkbullbars.nl\/de\/?s={search_term_string}"},"query-input":{"@type":"PropertyValueSpecification","valueRequired":true,"valueName":"search_term_string"}}],"inLanguage":"de"}]}},"_links":{"self":[{"href":"https:\/\/mrkbullbars.nl\/de\/wp-json\/wp\/v2\/product\/8141","targetHints":{"allow":["GET"]}}],"collection":[{"href":"https:\/\/mrkbullbars.nl\/de\/wp-json\/wp\/v2\/product"}],"about":[{"href":"https:\/\/mrkbullbars.nl\/de\/wp-json\/wp\/v2\/types\/product"}],"replies":[{"embeddable":true,"href":"https:\/\/mrkbullbars.nl\/de\/wp-json\/wp\/v2\/comments?post=8141"}],"wp:featuredmedia":[{"embeddable":true,"href":"https:\/\/mrkbullbars.nl\/de\/wp-json\/wp\/v2\/media\/6844"}],"wp:attachment":[{"href":"https:\/\/mrkbullbars.nl\/de\/wp-json\/wp\/v2\/media?parent=8141"}],"wp:term":[{"taxonomy":"product_brand","embeddable":true,"href":"https:\/\/mrkbullbars.nl\/de\/wp-json\/wp\/v2\/product_brand?post=8141"},{"taxonomy":"product_cat","embeddable":true,"href":"https:\/\/mrkbullbars.nl\/de\/wp-json\/wp\/v2\/product_cat?post=8141"},{"taxonomy":"product_tag","embeddable":true,"href":"https:\/\/mrkbullbars.nl\/de\/wp-json\/wp\/v2\/product_tag?post=8141"}],"curies":[{"name":"wp","href":"https:\/\/api.w.org\/{rel}","templated":true}]}}