{"id":8192,"date":"2025-01-23T10:51:58","date_gmt":"2025-04-12T11:50:31","guid":{"rendered":"https:\/\/mrkbullbars.nl\/product\/led-strahler-1000-lumen-mit-tagfahrlicht-12-24v-30cm-kabel-dl245\/"},"modified":"2025-04-12T13:50:31","modified_gmt":"2025-04-12T11:50:31","slug":"led-strahler-1000-lumen-mit-tagfahrlicht-12-24v-30cm-kabel-dl245","status":"publish","type":"product","link":"https:\/\/mrkbullbars.nl\/de\/produkt\/led-strahler-1000-lumen-mit-tagfahrlicht-12-24v-30cm-kabel-dl245\/","title":{"rendered":"LED-Strahler 1000 Lumen | mit Tagfahrlicht | 12-24V | 30cm. Kabel | DL245"},"content":{"rendered":"<p>Der LED-Strahler DL245 der Marke LED Autolamps ist mit Tagfahrlicht ausgestattet. Der LED-Strahler ist ein exklusives LED-Autolampen-Design und besteht aus starken und hochwertigen Komponenten.<\/p>\n<p><strong>Pluszeichen<\/strong><\/p>\n<ul>\n<li>Ausgestattet mit einem sch\u00f6n gestalteten LED-Tagfahrlicht<\/li>\n<li>Die LEDs sind hinter dem Tagfahrlichtband aufgebaut<\/li>\n<li>Hohe Lichtausbeute durch RFT-Linsentechnologie<\/li>\n<li>Hat die gleichen Abmessungen wie der Hella Jumbo 320 FF<\/li>\n<\/ul>\n<p>Dieser LED-Strahler ist mit allen notwendigen E-Markierungen ausgestattet:<\/p>\n<ul>\n<li>ECE-R10 &#8211; EMV-Entst\u00f6rung<\/li>\n<li>ECE-R7 &#8211; Tagfahrlicht<\/li>\n<li>ECE-R112 &#8211; Scheinwerfer<\/li>\n<\/ul>\n<p>Die Leuchte ist so konzipiert, dass sie so weit wie m\u00f6glich in der Halogen-Version aussieht, wie wir es von der Hella Jumbo 320 FF gewohnt sind. Die LEDs sind nahezu unsichtbar hinter dem Tagfahrlicht verborgen. Die Linse sorgt f\u00fcr eine sehr effiziente Lichtverteilung, es wird ein sehr kompakter Lichtstrahl abgestrahlt. Dadurch kann die Lampe mit einer geringen Lumenleistung von 1000 Lumen eine extrem gute Leistung erbringen.<\/p>\n<p>Der DL245 eignet sich sehr gut f\u00fcr die Montage im K\u00fchlergrill Ihres Lkw oder auf dem Dach Ihres Lkw. Dar\u00fcber hinaus eignet sich dieser LED-Strahler perfekt f\u00fcr die Montage an einer Trux-, Kelsa-, Metec- oder Visierlampenstange oder Frontschutzleiste.<\/p>\n<p>Sehen Sie sich das gesamte <a href=\"https:\/\/www.tralert.com\/c\/led-verstralers\/\">Sortiment an Strahlern<\/a> an, um einen vollst\u00e4ndigen \u00dcberblick zu erhalten<\/p>\n<p><invalidtag allowfullscreen=\"allowfullscreen\" height=\"314\" src=\"\/\/www.youtube.com\/embed\/mIpWjrkJGgs\" width=\"560\"><\/invalidtag><\/p>\n","protected":false},"excerpt":{"rendered":"<p>Der LED-Strahler DL245 der Marke LED Autolamps ist mit Tagfahrlicht ausgestattet. Der LED-Strahler ist ein exklusives LED-Autolampen-Design und besteht aus starken und hochwertigen Komponenten. Pluszeichen Ausgestattet mit einem sch\u00f6n gestalteten LED-Tagfahrlicht Die LEDs sind hinter dem Tagfahrlichtband aufgebaut Hohe Lichtausbeute durch RFT-Linsentechnologie Hat die gleichen Abmessungen wie der Hella Jumbo 320 FF Dieser LED-Strahler ist [&hellip;]<\/p>\n","protected":false},"featured_media":7292,"comment_status":"open","ping_status":"closed","template":"","meta":{"_acf_changed":false,"_genesis_hide_title":false,"_genesis_hide_breadcrumbs":false,"_genesis_hide_singular_image":false,"_genesis_hide_footer_widgets":false,"_genesis_custom_body_class":"","_genesis_custom_post_class":"","_genesis_layout":""},"product_brand":[],"product_cat":[335],"product_tag":[],"class_list":{"0":"post-8192","1":"product","2":"type-product","3":"status-publish","4":"has-post-thumbnail","6":"product_cat-led-strahler-de","7":"entry","9":"first","10":"instock","11":"taxable","12":"shipping-taxable","13":"purchasable","14":"product-type-simple"},"acf":[],"yoast_head":"<!-- This site is optimized with the Yoast SEO plugin v27.3 - https:\/\/yoast.com\/product\/yoast-seo-wordpress\/ -->\n<title>LED-Strahler 1000 Lumen | mit Tagfahrlicht | 12-24V | 30cm. Kabel | DL245 - MrK Bullbars<\/title>\n<meta name=\"robots\" content=\"index, follow, max-snippet:-1, max-image-preview:large, max-video-preview:-1\" \/>\n<link rel=\"canonical\" href=\"https:\/\/mrkbullbars.nl\/de\/produkt\/led-strahler-1000-lumen-mit-tagfahrlicht-12-24v-30cm-kabel-dl245\/\" \/>\n<meta property=\"og:locale\" content=\"de_DE\" \/>\n<meta property=\"og:type\" content=\"article\" \/>\n<meta property=\"og:title\" content=\"LED-Strahler 1000 Lumen | mit Tagfahrlicht | 12-24V | 30cm. Kabel | DL245 - MrK Bullbars\" \/>\n<meta property=\"og:description\" content=\"Der LED-Strahler DL245 der Marke LED Autolamps ist mit Tagfahrlicht ausgestattet. Der LED-Strahler ist ein exklusives LED-Autolampen-Design und besteht aus starken und hochwertigen Komponenten. Pluszeichen Ausgestattet mit einem sch\u00f6n gestalteten LED-Tagfahrlicht Die LEDs sind hinter dem Tagfahrlichtband aufgebaut Hohe Lichtausbeute durch RFT-Linsentechnologie Hat die gleichen Abmessungen wie der Hella Jumbo 320 FF Dieser LED-Strahler ist [&hellip;]\" \/>\n<meta property=\"og:url\" content=\"https:\/\/mrkbullbars.nl\/de\/produkt\/led-strahler-1000-lumen-mit-tagfahrlicht-12-24v-30cm-kabel-dl245\/\" \/>\n<meta property=\"og:site_name\" content=\"MrK Bullbars\" \/>\n<meta name=\"twitter:card\" content=\"summary_large_image\" \/>\n<meta name=\"twitter:label1\" content=\"Gesch\u00e4tzte Lesezeit\" \/>\n\t<meta name=\"twitter:data1\" content=\"1\u00a0Minute\" \/>\n<script type=\"application\/ld+json\" class=\"yoast-schema-graph\">{\"@context\":\"https:\\\/\\\/schema.org\",\"@graph\":[{\"@type\":\"WebPage\",\"@id\":\"https:\\\/\\\/mrkbullbars.nl\\\/de\\\/produkt\\\/led-strahler-1000-lumen-mit-tagfahrlicht-12-24v-30cm-kabel-dl245\\\/\",\"url\":\"https:\\\/\\\/mrkbullbars.nl\\\/de\\\/produkt\\\/led-strahler-1000-lumen-mit-tagfahrlicht-12-24v-30cm-kabel-dl245\\\/\",\"name\":\"LED-Strahler 1000 Lumen | mit Tagfahrlicht | 12-24V | 30cm. Kabel | DL245 - MrK Bullbars\",\"isPartOf\":{\"@id\":\"https:\\\/\\\/mrkbullbars.nl\\\/de\\\/#website\"},\"primaryImageOfPage\":{\"@id\":\"https:\\\/\\\/mrkbullbars.nl\\\/de\\\/produkt\\\/led-strahler-1000-lumen-mit-tagfahrlicht-12-24v-30cm-kabel-dl245\\\/#primaryimage\"},\"image\":{\"@id\":\"https:\\\/\\\/mrkbullbars.nl\\\/de\\\/produkt\\\/led-strahler-1000-lumen-mit-tagfahrlicht-12-24v-30cm-kabel-dl245\\\/#primaryimage\"},\"thumbnailUrl\":\"https:\\\/\\\/mrkbullbars.nl\\\/wp-content\\\/uploads\\\/2025\\\/01\\\/e72b59b0-2f28-423b-a511-028d5d086f9c-41935_4.webp\",\"datePublished\":\"2025-04-12T11:50:31+00:00\",\"breadcrumb\":{\"@id\":\"https:\\\/\\\/mrkbullbars.nl\\\/de\\\/produkt\\\/led-strahler-1000-lumen-mit-tagfahrlicht-12-24v-30cm-kabel-dl245\\\/#breadcrumb\"},\"inLanguage\":\"de\",\"potentialAction\":[{\"@type\":\"ReadAction\",\"target\":[\"https:\\\/\\\/mrkbullbars.nl\\\/de\\\/produkt\\\/led-strahler-1000-lumen-mit-tagfahrlicht-12-24v-30cm-kabel-dl245\\\/\"]}]},{\"@type\":\"ImageObject\",\"inLanguage\":\"de\",\"@id\":\"https:\\\/\\\/mrkbullbars.nl\\\/de\\\/produkt\\\/led-strahler-1000-lumen-mit-tagfahrlicht-12-24v-30cm-kabel-dl245\\\/#primaryimage\",\"url\":\"https:\\\/\\\/mrkbullbars.nl\\\/wp-content\\\/uploads\\\/2025\\\/01\\\/e72b59b0-2f28-423b-a511-028d5d086f9c-41935_4.webp\",\"contentUrl\":\"https:\\\/\\\/mrkbullbars.nl\\\/wp-content\\\/uploads\\\/2025\\\/01\\\/e72b59b0-2f28-423b-a511-028d5d086f9c-41935_4.webp\",\"width\":800,\"height\":800},{\"@type\":\"BreadcrumbList\",\"@id\":\"https:\\\/\\\/mrkbullbars.nl\\\/de\\\/produkt\\\/led-strahler-1000-lumen-mit-tagfahrlicht-12-24v-30cm-kabel-dl245\\\/#breadcrumb\",\"itemListElement\":[{\"@type\":\"ListItem\",\"position\":1,\"name\":\"Home\",\"item\":\"https:\\\/\\\/mrkbullbars.nl\\\/de\\\/\"},{\"@type\":\"ListItem\",\"position\":2,\"name\":\"Shop\",\"item\":\"https:\\\/\\\/mrkbullbars.nl\\\/de\\\/shop\\\/\"},{\"@type\":\"ListItem\",\"position\":3,\"name\":\"LED-Strahler 1000 Lumen | mit Tagfahrlicht | 12-24V | 30cm. Kabel | DL245\"}]},{\"@type\":\"WebSite\",\"@id\":\"https:\\\/\\\/mrkbullbars.nl\\\/de\\\/#website\",\"url\":\"https:\\\/\\\/mrkbullbars.nl\\\/de\\\/\",\"name\":\"MrK Bullbars\",\"description\":\"\",\"potentialAction\":[{\"@type\":\"SearchAction\",\"target\":{\"@type\":\"EntryPoint\",\"urlTemplate\":\"https:\\\/\\\/mrkbullbars.nl\\\/de\\\/?s={search_term_string}\"},\"query-input\":{\"@type\":\"PropertyValueSpecification\",\"valueRequired\":true,\"valueName\":\"search_term_string\"}}],\"inLanguage\":\"de\"}]}<\/script>\n<!-- \/ Yoast SEO plugin. -->","yoast_head_json":{"title":"LED-Strahler 1000 Lumen | mit Tagfahrlicht | 12-24V | 30cm. Kabel | DL245 - MrK Bullbars","robots":{"index":"index","follow":"follow","max-snippet":"max-snippet:-1","max-image-preview":"max-image-preview:large","max-video-preview":"max-video-preview:-1"},"canonical":"https:\/\/mrkbullbars.nl\/de\/produkt\/led-strahler-1000-lumen-mit-tagfahrlicht-12-24v-30cm-kabel-dl245\/","og_locale":"de_DE","og_type":"article","og_title":"LED-Strahler 1000 Lumen | mit Tagfahrlicht | 12-24V | 30cm. Kabel | DL245 - MrK Bullbars","og_description":"Der LED-Strahler DL245 der Marke LED Autolamps ist mit Tagfahrlicht ausgestattet. Der LED-Strahler ist ein exklusives LED-Autolampen-Design und besteht aus starken und hochwertigen Komponenten. Pluszeichen Ausgestattet mit einem sch\u00f6n gestalteten LED-Tagfahrlicht Die LEDs sind hinter dem Tagfahrlichtband aufgebaut Hohe Lichtausbeute durch RFT-Linsentechnologie Hat die gleichen Abmessungen wie der Hella Jumbo 320 FF Dieser LED-Strahler ist [&hellip;]","og_url":"https:\/\/mrkbullbars.nl\/de\/produkt\/led-strahler-1000-lumen-mit-tagfahrlicht-12-24v-30cm-kabel-dl245\/","og_site_name":"MrK Bullbars","twitter_card":"summary_large_image","twitter_misc":{"Gesch\u00e4tzte Lesezeit":"1\u00a0Minute"},"schema":{"@context":"https:\/\/schema.org","@graph":[{"@type":"WebPage","@id":"https:\/\/mrkbullbars.nl\/de\/produkt\/led-strahler-1000-lumen-mit-tagfahrlicht-12-24v-30cm-kabel-dl245\/","url":"https:\/\/mrkbullbars.nl\/de\/produkt\/led-strahler-1000-lumen-mit-tagfahrlicht-12-24v-30cm-kabel-dl245\/","name":"LED-Strahler 1000 Lumen | mit Tagfahrlicht | 12-24V | 30cm. Kabel | DL245 - MrK Bullbars","isPartOf":{"@id":"https:\/\/mrkbullbars.nl\/de\/#website"},"primaryImageOfPage":{"@id":"https:\/\/mrkbullbars.nl\/de\/produkt\/led-strahler-1000-lumen-mit-tagfahrlicht-12-24v-30cm-kabel-dl245\/#primaryimage"},"image":{"@id":"https:\/\/mrkbullbars.nl\/de\/produkt\/led-strahler-1000-lumen-mit-tagfahrlicht-12-24v-30cm-kabel-dl245\/#primaryimage"},"thumbnailUrl":"https:\/\/mrkbullbars.nl\/wp-content\/uploads\/2025\/01\/e72b59b0-2f28-423b-a511-028d5d086f9c-41935_4.webp","datePublished":"2025-04-12T11:50:31+00:00","breadcrumb":{"@id":"https:\/\/mrkbullbars.nl\/de\/produkt\/led-strahler-1000-lumen-mit-tagfahrlicht-12-24v-30cm-kabel-dl245\/#breadcrumb"},"inLanguage":"de","potentialAction":[{"@type":"ReadAction","target":["https:\/\/mrkbullbars.nl\/de\/produkt\/led-strahler-1000-lumen-mit-tagfahrlicht-12-24v-30cm-kabel-dl245\/"]}]},{"@type":"ImageObject","inLanguage":"de","@id":"https:\/\/mrkbullbars.nl\/de\/produkt\/led-strahler-1000-lumen-mit-tagfahrlicht-12-24v-30cm-kabel-dl245\/#primaryimage","url":"https:\/\/mrkbullbars.nl\/wp-content\/uploads\/2025\/01\/e72b59b0-2f28-423b-a511-028d5d086f9c-41935_4.webp","contentUrl":"https:\/\/mrkbullbars.nl\/wp-content\/uploads\/2025\/01\/e72b59b0-2f28-423b-a511-028d5d086f9c-41935_4.webp","width":800,"height":800},{"@type":"BreadcrumbList","@id":"https:\/\/mrkbullbars.nl\/de\/produkt\/led-strahler-1000-lumen-mit-tagfahrlicht-12-24v-30cm-kabel-dl245\/#breadcrumb","itemListElement":[{"@type":"ListItem","position":1,"name":"Home","item":"https:\/\/mrkbullbars.nl\/de\/"},{"@type":"ListItem","position":2,"name":"Shop","item":"https:\/\/mrkbullbars.nl\/de\/shop\/"},{"@type":"ListItem","position":3,"name":"LED-Strahler 1000 Lumen | mit Tagfahrlicht | 12-24V | 30cm. Kabel | DL245"}]},{"@type":"WebSite","@id":"https:\/\/mrkbullbars.nl\/de\/#website","url":"https:\/\/mrkbullbars.nl\/de\/","name":"MrK Bullbars","description":"","potentialAction":[{"@type":"SearchAction","target":{"@type":"EntryPoint","urlTemplate":"https:\/\/mrkbullbars.nl\/de\/?s={search_term_string}"},"query-input":{"@type":"PropertyValueSpecification","valueRequired":true,"valueName":"search_term_string"}}],"inLanguage":"de"}]}},"_links":{"self":[{"href":"https:\/\/mrkbullbars.nl\/de\/wp-json\/wp\/v2\/product\/8192","targetHints":{"allow":["GET"]}}],"collection":[{"href":"https:\/\/mrkbullbars.nl\/de\/wp-json\/wp\/v2\/product"}],"about":[{"href":"https:\/\/mrkbullbars.nl\/de\/wp-json\/wp\/v2\/types\/product"}],"replies":[{"embeddable":true,"href":"https:\/\/mrkbullbars.nl\/de\/wp-json\/wp\/v2\/comments?post=8192"}],"wp:featuredmedia":[{"embeddable":true,"href":"https:\/\/mrkbullbars.nl\/de\/wp-json\/wp\/v2\/media\/7292"}],"wp:attachment":[{"href":"https:\/\/mrkbullbars.nl\/de\/wp-json\/wp\/v2\/media?parent=8192"}],"wp:term":[{"taxonomy":"product_brand","embeddable":true,"href":"https:\/\/mrkbullbars.nl\/de\/wp-json\/wp\/v2\/product_brand?post=8192"},{"taxonomy":"product_cat","embeddable":true,"href":"https:\/\/mrkbullbars.nl\/de\/wp-json\/wp\/v2\/product_cat?post=8192"},{"taxonomy":"product_tag","embeddable":true,"href":"https:\/\/mrkbullbars.nl\/de\/wp-json\/wp\/v2\/product_tag?post=8192"}],"curies":[{"name":"wp","href":"https:\/\/api.w.org\/{rel}","templated":true}]}}