{"id":8200,"date":"2025-01-23T10:53:51","date_gmt":"2025-04-12T11:53:26","guid":{"rendered":"https:\/\/mrkbullbars.nl\/product\/led-lichtleiste-die-geminus-4-32-400-lumen-106cm-9-36v-ip69k-lc1-360324\/"},"modified":"2025-04-12T13:53:26","modified_gmt":"2025-04-12T11:53:26","slug":"led-lichtleiste-die-geminus-4-32-400-lumen-106cm-9-36v-ip69k-lc1-360324","status":"publish","type":"product","link":"https:\/\/mrkbullbars.nl\/de\/produkt\/led-lichtleiste-die-geminus-4-32-400-lumen-106cm-9-36v-ip69k-lc1-360324\/","title":{"rendered":"LED-Lichtleiste Die Geminus 4 32.400 Lumen \/ 106cm. \/ 9-36V \/ IP69K | LC1-360324"},"content":{"rendered":"<h2>Die Geminus 4<\/h2>\n<p>Die Geminus LED-Leistenserie ist eine sch\u00f6ne LED-Leistenserie, eine absolute Erg\u00e4nzung f\u00fcr Ihren LKW, Pick-up oder zum Beispiel Offroad\/4&#215;4-Fahrzeug. Die leistungsstarken LEDs in Kombination mit der RFT-Linsentechnologie ergeben eine sehr gute Lichtverteilung und ein klares Lichtbild.<\/p>\n<h2>Gr\u00f6\u00dfte Version der Geminus Serie<\/h2>\n<p>Diese Geminus 4 ist die gr\u00f6\u00dfte der Geminus Serie (1006 mm) und verf\u00fcgt \u00fcber eine enorme Lichtleistung von nicht weniger als 32.400 Lumen. Die Leiste besteht aus hochwertigen Teilen wie den LP-LEDs, einer hochwertigen Pulverbeschichtung, einer Lexan-Polycarbonat-Linse und der abgedichteten Elektronik. Das Geh\u00e4use ist sto\u00dffest, wasserdicht und hochdruckspr\u00fchbar. Die Linse wird ohne sichtbare Schrauben platziert. Es sorgt nicht nur f\u00fcr ein sch\u00f6nes, glattes Aussehen, sondern hat auch den Vorteil, dass das Abl\u00f6sen der Pulverbeschichtung der Vergangenheit angeh\u00f6rt. Diese Lightbar ist standardm\u00e4\u00dfig mit einem 40 cm langen Kabel mit Deutsch-Stecker ausgestattet, wir empfehlen, das Verl\u00e4ngerungskabel zu bestellen, um eine zuverl\u00e4ssige Plug-and-Play-L\u00f6sung zu erzielen.   <\/p>\n<h2>Zus\u00e4tzliche Montagewinkel f\u00fcr eine noch bessere Befestigung<\/h2>\n<p>Bei der Standardausf\u00fchrung ist s\u00e4mtliches Montagezubeh\u00f6r im Lieferumfang enthalten, einschlie\u00dflich Montagewinkel f\u00fcr die Seite (Edelstahl) und auch f\u00fcr die Unterseite (ALU). Die unteren Montagehalterungen k\u00f6nnen stufenlos \u00fcber die L\u00e4nge der LED-Leiste verschoben werden, um die Montage zu erleichtern. Die Platzierung der Geminus-Serie ist auch einfach, da das Geh\u00e4use nur 52,5 mm tief ist, diese geringe Gr\u00f6\u00dfe ist m\u00f6glich, weil die Lampe mit einem sehr effizienten Hei\u00dfablaufsystem (ETM, Electronic Thermal Management) ausgestattet ist.<\/p>\n<p>Alles in allem eine perfekte LED-Leiste mit sehr sch\u00f6nen Funktionen, die wir f\u00fcr diesen Artikel nachfolgend aufgelistet haben:<\/p>\n<p><strong>Produktmerkmale:<\/strong><\/p>\n<p style=\"padding-left: 40px;\"><span style=\"color: #99cc00;\"><strong>+<\/strong><\/span> ECE-R10 zertifiziert<\/p>\n<p style=\"padding-left: 40px;\"><span style=\"color: #99cc00;\"><strong>+<\/strong><\/span> Nur 52,5 mm tief<\/p>\n<p style=\"padding-left: 40px;\"><span style=\"color: #99cc00;\"><strong>+<\/strong><\/span> IP68 &amp; IP69K wasserdicht<\/p>\n<p style=\"padding-left: 40px;\"><span style=\"color: #99cc00;\"><strong>+<\/strong><\/span> Kombi-Heizk\u00f6rper<\/p>\n<p style=\"padding-left: 40px;\"><span style=\"color: #000000;\"><span style=\"color: #99cc00;\"><strong>+<\/strong><\/span> Inkl. 2 Befestigungsm\u00f6glichkeiten (seitliche und untere Montage) <\/span><\/p>\n<p><span style=\"color: #000000;\">Wie beschrieben, ist diese LED-Leiste 106cm lang und liefert 32.400 Lumen, die Geminus Serie besteht aus Versionen mit folgenden L\u00e4ngen\/Lichtst\u00e4rken:<\/span><\/p>\n<p style=\"padding-left: 40px;\"><span style=\"color: #000000;\"><strong>&#8211; <\/strong>360 mm \/ 10.800 Lumen<\/span><\/p>\n<p style=\"padding-left: 40px;\"><span style=\"color: #000000;\">&#8211; 522 mm \/ 16.200 Lumen<\/span><\/p>\n<p style=\"padding-left: 40px;\"><span style=\"color: #000000;\"><strong>&#8211;<\/strong> 765 mm \/ 24.300 Lumen<\/span><\/p>\n<p style=\"padding-left: 40px;\">\n<p style=\"padding-left: 40px;\"><span style=\"color: #000000;\">Suchergebnisse: #light+bar<\/span><\/p>\n","protected":false},"excerpt":{"rendered":"<p>Die Geminus 4 Die Geminus LED-Leistenserie ist eine sch\u00f6ne LED-Leistenserie, eine absolute Erg\u00e4nzung f\u00fcr Ihren LKW, Pick-up oder zum Beispiel Offroad\/4&#215;4-Fahrzeug. Die leistungsstarken LEDs in Kombination mit der RFT-Linsentechnologie ergeben eine sehr gute Lichtverteilung und ein klares Lichtbild. Gr\u00f6\u00dfte Version der Geminus Serie Diese Geminus 4 ist die gr\u00f6\u00dfte der Geminus Serie (1006 mm) und [&hellip;]<\/p>\n","protected":false},"featured_media":7401,"comment_status":"open","ping_status":"closed","template":"","meta":{"_acf_changed":false,"_genesis_hide_title":false,"_genesis_hide_breadcrumbs":false,"_genesis_hide_singular_image":false,"_genesis_hide_footer_widgets":false,"_genesis_custom_body_class":"","_genesis_custom_post_class":"","_genesis_layout":""},"product_brand":[],"product_cat":[301],"product_tag":[],"class_list":{"0":"post-8200","1":"product","2":"type-product","3":"status-publish","4":"has-post-thumbnail","6":"product_cat-led-leisten","7":"entry","9":"first","10":"instock","11":"taxable","12":"shipping-taxable","13":"purchasable","14":"product-type-simple"},"acf":[],"yoast_head":"<!-- This site is optimized with the Yoast SEO plugin v27.3 - https:\/\/yoast.com\/product\/yoast-seo-wordpress\/ -->\n<title>LED-Lichtleiste Die Geminus 4 32.400 Lumen \/ 106cm. \/ 9-36V \/ IP69K | LC1-360324 - MrK Bullbars<\/title>\n<meta name=\"robots\" content=\"index, follow, max-snippet:-1, max-image-preview:large, max-video-preview:-1\" \/>\n<link rel=\"canonical\" href=\"https:\/\/mrkbullbars.nl\/de\/produkt\/led-lichtleiste-die-geminus-4-32-400-lumen-106cm-9-36v-ip69k-lc1-360324\/\" \/>\n<meta property=\"og:locale\" content=\"de_DE\" \/>\n<meta property=\"og:type\" content=\"article\" \/>\n<meta property=\"og:title\" content=\"LED-Lichtleiste Die Geminus 4 32.400 Lumen \/ 106cm. \/ 9-36V \/ IP69K | LC1-360324 - MrK Bullbars\" \/>\n<meta property=\"og:description\" content=\"Die Geminus 4 Die Geminus LED-Leistenserie ist eine sch\u00f6ne LED-Leistenserie, eine absolute Erg\u00e4nzung f\u00fcr Ihren LKW, Pick-up oder zum Beispiel Offroad\/4&#215;4-Fahrzeug. Die leistungsstarken LEDs in Kombination mit der RFT-Linsentechnologie ergeben eine sehr gute Lichtverteilung und ein klares Lichtbild. Gr\u00f6\u00dfte Version der Geminus Serie Diese Geminus 4 ist die gr\u00f6\u00dfte der Geminus Serie (1006 mm) und [&hellip;]\" \/>\n<meta property=\"og:url\" content=\"https:\/\/mrkbullbars.nl\/de\/produkt\/led-lichtleiste-die-geminus-4-32-400-lumen-106cm-9-36v-ip69k-lc1-360324\/\" \/>\n<meta property=\"og:site_name\" content=\"MrK Bullbars\" \/>\n<meta name=\"twitter:card\" content=\"summary_large_image\" \/>\n<meta name=\"twitter:label1\" content=\"Gesch\u00e4tzte Lesezeit\" \/>\n\t<meta name=\"twitter:data1\" content=\"2\u00a0Minuten\" \/>\n<script type=\"application\/ld+json\" class=\"yoast-schema-graph\">{\"@context\":\"https:\\\/\\\/schema.org\",\"@graph\":[{\"@type\":\"WebPage\",\"@id\":\"https:\\\/\\\/mrkbullbars.nl\\\/de\\\/produkt\\\/led-lichtleiste-die-geminus-4-32-400-lumen-106cm-9-36v-ip69k-lc1-360324\\\/\",\"url\":\"https:\\\/\\\/mrkbullbars.nl\\\/de\\\/produkt\\\/led-lichtleiste-die-geminus-4-32-400-lumen-106cm-9-36v-ip69k-lc1-360324\\\/\",\"name\":\"LED-Lichtleiste Die Geminus 4 32.400 Lumen \\\/ 106cm. \\\/ 9-36V \\\/ IP69K | LC1-360324 - MrK Bullbars\",\"isPartOf\":{\"@id\":\"https:\\\/\\\/mrkbullbars.nl\\\/de\\\/#website\"},\"primaryImageOfPage\":{\"@id\":\"https:\\\/\\\/mrkbullbars.nl\\\/de\\\/produkt\\\/led-lichtleiste-die-geminus-4-32-400-lumen-106cm-9-36v-ip69k-lc1-360324\\\/#primaryimage\"},\"image\":{\"@id\":\"https:\\\/\\\/mrkbullbars.nl\\\/de\\\/produkt\\\/led-lichtleiste-die-geminus-4-32-400-lumen-106cm-9-36v-ip69k-lc1-360324\\\/#primaryimage\"},\"thumbnailUrl\":\"https:\\\/\\\/mrkbullbars.nl\\\/wp-content\\\/uploads\\\/2025\\\/01\\\/ad39f13a-2512-447e-90f1-8017447ec6a9-41975_2.webp\",\"datePublished\":\"2025-04-12T11:53:26+00:00\",\"breadcrumb\":{\"@id\":\"https:\\\/\\\/mrkbullbars.nl\\\/de\\\/produkt\\\/led-lichtleiste-die-geminus-4-32-400-lumen-106cm-9-36v-ip69k-lc1-360324\\\/#breadcrumb\"},\"inLanguage\":\"de\",\"potentialAction\":[{\"@type\":\"ReadAction\",\"target\":[\"https:\\\/\\\/mrkbullbars.nl\\\/de\\\/produkt\\\/led-lichtleiste-die-geminus-4-32-400-lumen-106cm-9-36v-ip69k-lc1-360324\\\/\"]}]},{\"@type\":\"ImageObject\",\"inLanguage\":\"de\",\"@id\":\"https:\\\/\\\/mrkbullbars.nl\\\/de\\\/produkt\\\/led-lichtleiste-die-geminus-4-32-400-lumen-106cm-9-36v-ip69k-lc1-360324\\\/#primaryimage\",\"url\":\"https:\\\/\\\/mrkbullbars.nl\\\/wp-content\\\/uploads\\\/2025\\\/01\\\/ad39f13a-2512-447e-90f1-8017447ec6a9-41975_2.webp\",\"contentUrl\":\"https:\\\/\\\/mrkbullbars.nl\\\/wp-content\\\/uploads\\\/2025\\\/01\\\/ad39f13a-2512-447e-90f1-8017447ec6a9-41975_2.webp\",\"width\":800,\"height\":534},{\"@type\":\"BreadcrumbList\",\"@id\":\"https:\\\/\\\/mrkbullbars.nl\\\/de\\\/produkt\\\/led-lichtleiste-die-geminus-4-32-400-lumen-106cm-9-36v-ip69k-lc1-360324\\\/#breadcrumb\",\"itemListElement\":[{\"@type\":\"ListItem\",\"position\":1,\"name\":\"Home\",\"item\":\"https:\\\/\\\/mrkbullbars.nl\\\/de\\\/\"},{\"@type\":\"ListItem\",\"position\":2,\"name\":\"Shop\",\"item\":\"https:\\\/\\\/mrkbullbars.nl\\\/de\\\/shop\\\/\"},{\"@type\":\"ListItem\",\"position\":3,\"name\":\"LED-Lichtleiste Die Geminus 4 32.400 Lumen \\\/ 106cm. \\\/ 9-36V \\\/ IP69K | LC1-360324\"}]},{\"@type\":\"WebSite\",\"@id\":\"https:\\\/\\\/mrkbullbars.nl\\\/de\\\/#website\",\"url\":\"https:\\\/\\\/mrkbullbars.nl\\\/de\\\/\",\"name\":\"MrK Bullbars\",\"description\":\"\",\"potentialAction\":[{\"@type\":\"SearchAction\",\"target\":{\"@type\":\"EntryPoint\",\"urlTemplate\":\"https:\\\/\\\/mrkbullbars.nl\\\/de\\\/?s={search_term_string}\"},\"query-input\":{\"@type\":\"PropertyValueSpecification\",\"valueRequired\":true,\"valueName\":\"search_term_string\"}}],\"inLanguage\":\"de\"}]}<\/script>\n<!-- \/ Yoast SEO plugin. -->","yoast_head_json":{"title":"LED-Lichtleiste Die Geminus 4 32.400 Lumen \/ 106cm. \/ 9-36V \/ IP69K | LC1-360324 - MrK Bullbars","robots":{"index":"index","follow":"follow","max-snippet":"max-snippet:-1","max-image-preview":"max-image-preview:large","max-video-preview":"max-video-preview:-1"},"canonical":"https:\/\/mrkbullbars.nl\/de\/produkt\/led-lichtleiste-die-geminus-4-32-400-lumen-106cm-9-36v-ip69k-lc1-360324\/","og_locale":"de_DE","og_type":"article","og_title":"LED-Lichtleiste Die Geminus 4 32.400 Lumen \/ 106cm. \/ 9-36V \/ IP69K | LC1-360324 - MrK Bullbars","og_description":"Die Geminus 4 Die Geminus LED-Leistenserie ist eine sch\u00f6ne LED-Leistenserie, eine absolute Erg\u00e4nzung f\u00fcr Ihren LKW, Pick-up oder zum Beispiel Offroad\/4&#215;4-Fahrzeug. Die leistungsstarken LEDs in Kombination mit der RFT-Linsentechnologie ergeben eine sehr gute Lichtverteilung und ein klares Lichtbild. Gr\u00f6\u00dfte Version der Geminus Serie Diese Geminus 4 ist die gr\u00f6\u00dfte der Geminus Serie (1006 mm) und [&hellip;]","og_url":"https:\/\/mrkbullbars.nl\/de\/produkt\/led-lichtleiste-die-geminus-4-32-400-lumen-106cm-9-36v-ip69k-lc1-360324\/","og_site_name":"MrK Bullbars","twitter_card":"summary_large_image","twitter_misc":{"Gesch\u00e4tzte Lesezeit":"2\u00a0Minuten"},"schema":{"@context":"https:\/\/schema.org","@graph":[{"@type":"WebPage","@id":"https:\/\/mrkbullbars.nl\/de\/produkt\/led-lichtleiste-die-geminus-4-32-400-lumen-106cm-9-36v-ip69k-lc1-360324\/","url":"https:\/\/mrkbullbars.nl\/de\/produkt\/led-lichtleiste-die-geminus-4-32-400-lumen-106cm-9-36v-ip69k-lc1-360324\/","name":"LED-Lichtleiste Die Geminus 4 32.400 Lumen \/ 106cm. \/ 9-36V \/ IP69K | LC1-360324 - MrK Bullbars","isPartOf":{"@id":"https:\/\/mrkbullbars.nl\/de\/#website"},"primaryImageOfPage":{"@id":"https:\/\/mrkbullbars.nl\/de\/produkt\/led-lichtleiste-die-geminus-4-32-400-lumen-106cm-9-36v-ip69k-lc1-360324\/#primaryimage"},"image":{"@id":"https:\/\/mrkbullbars.nl\/de\/produkt\/led-lichtleiste-die-geminus-4-32-400-lumen-106cm-9-36v-ip69k-lc1-360324\/#primaryimage"},"thumbnailUrl":"https:\/\/mrkbullbars.nl\/wp-content\/uploads\/2025\/01\/ad39f13a-2512-447e-90f1-8017447ec6a9-41975_2.webp","datePublished":"2025-04-12T11:53:26+00:00","breadcrumb":{"@id":"https:\/\/mrkbullbars.nl\/de\/produkt\/led-lichtleiste-die-geminus-4-32-400-lumen-106cm-9-36v-ip69k-lc1-360324\/#breadcrumb"},"inLanguage":"de","potentialAction":[{"@type":"ReadAction","target":["https:\/\/mrkbullbars.nl\/de\/produkt\/led-lichtleiste-die-geminus-4-32-400-lumen-106cm-9-36v-ip69k-lc1-360324\/"]}]},{"@type":"ImageObject","inLanguage":"de","@id":"https:\/\/mrkbullbars.nl\/de\/produkt\/led-lichtleiste-die-geminus-4-32-400-lumen-106cm-9-36v-ip69k-lc1-360324\/#primaryimage","url":"https:\/\/mrkbullbars.nl\/wp-content\/uploads\/2025\/01\/ad39f13a-2512-447e-90f1-8017447ec6a9-41975_2.webp","contentUrl":"https:\/\/mrkbullbars.nl\/wp-content\/uploads\/2025\/01\/ad39f13a-2512-447e-90f1-8017447ec6a9-41975_2.webp","width":800,"height":534},{"@type":"BreadcrumbList","@id":"https:\/\/mrkbullbars.nl\/de\/produkt\/led-lichtleiste-die-geminus-4-32-400-lumen-106cm-9-36v-ip69k-lc1-360324\/#breadcrumb","itemListElement":[{"@type":"ListItem","position":1,"name":"Home","item":"https:\/\/mrkbullbars.nl\/de\/"},{"@type":"ListItem","position":2,"name":"Shop","item":"https:\/\/mrkbullbars.nl\/de\/shop\/"},{"@type":"ListItem","position":3,"name":"LED-Lichtleiste Die Geminus 4 32.400 Lumen \/ 106cm. \/ 9-36V \/ IP69K | LC1-360324"}]},{"@type":"WebSite","@id":"https:\/\/mrkbullbars.nl\/de\/#website","url":"https:\/\/mrkbullbars.nl\/de\/","name":"MrK Bullbars","description":"","potentialAction":[{"@type":"SearchAction","target":{"@type":"EntryPoint","urlTemplate":"https:\/\/mrkbullbars.nl\/de\/?s={search_term_string}"},"query-input":{"@type":"PropertyValueSpecification","valueRequired":true,"valueName":"search_term_string"}}],"inLanguage":"de"}]}},"_links":{"self":[{"href":"https:\/\/mrkbullbars.nl\/de\/wp-json\/wp\/v2\/product\/8200","targetHints":{"allow":["GET"]}}],"collection":[{"href":"https:\/\/mrkbullbars.nl\/de\/wp-json\/wp\/v2\/product"}],"about":[{"href":"https:\/\/mrkbullbars.nl\/de\/wp-json\/wp\/v2\/types\/product"}],"replies":[{"embeddable":true,"href":"https:\/\/mrkbullbars.nl\/de\/wp-json\/wp\/v2\/comments?post=8200"}],"wp:featuredmedia":[{"embeddable":true,"href":"https:\/\/mrkbullbars.nl\/de\/wp-json\/wp\/v2\/media\/7401"}],"wp:attachment":[{"href":"https:\/\/mrkbullbars.nl\/de\/wp-json\/wp\/v2\/media?parent=8200"}],"wp:term":[{"taxonomy":"product_brand","embeddable":true,"href":"https:\/\/mrkbullbars.nl\/de\/wp-json\/wp\/v2\/product_brand?post=8200"},{"taxonomy":"product_cat","embeddable":true,"href":"https:\/\/mrkbullbars.nl\/de\/wp-json\/wp\/v2\/product_cat?post=8200"},{"taxonomy":"product_tag","embeddable":true,"href":"https:\/\/mrkbullbars.nl\/de\/wp-json\/wp\/v2\/product_tag?post=8200"}],"curies":[{"name":"wp","href":"https:\/\/api.w.org\/{rel}","templated":true}]}}