{"id":8206,"date":"2025-01-23T10:55:47","date_gmt":"2025-04-12T11:56:31","guid":{"rendered":"https:\/\/mrkbullbars.nl\/product\/led-leiste-fahrbalken-100-watt-5920-lumen-9-36v-ld1-10059\/"},"modified":"2025-04-12T13:56:31","modified_gmt":"2025-04-12T11:56:31","slug":"led-leiste-fahrbalken-100-watt-5920-lumen-9-36v-ld1-10059","status":"publish","type":"product","link":"https:\/\/mrkbullbars.nl\/de\/produkt\/led-leiste-fahrbalken-100-watt-5920-lumen-9-36v-ld1-10059\/","title":{"rendered":"LED-Leiste Fahrbalken | 100 Watt | 5920 Lumen | 9-36V | LD1-10059"},"content":{"rendered":"<h2>LED-Leiste &#8211; Fernlicht 5920Lumen \/ 100 Watt \/ 9 &#8211; 36 Volt<\/h2>\n<h2><strong>Pluszeichen<\/strong><\/h2>\n<ul>\n<li>Nur 38mm hohes, schlankes Design<\/li>\n<li>9 &#8211; 36 Volt geeignet<\/li>\n<li>ECE-R112 zertifiziert<\/li>\n<li>2 Befestigungsm\u00f6glichkeiten<\/li>\n<li>Ideal f\u00fcr die Montage im Grill<\/li>\n<\/ul>\n<p>Die LD1 Riegel von TRALERT\u00ae sind nicht einzigartig, aber sie sind die besten ihrer Art. Die LED-Leisten sind mit den besten Komponenten gebaut und perfekt verarbeitet. Die LEDs stammen von der Marke Osram und sorgen f\u00fcr ein hervorragendes helles Lichtbild. Diese LEDs in Kombination mit der RFT-Linsentechnologie erzeugen ein helles Lichtbild mit guter Lichtverteilung.   <\/p>\n<p>Diese <a href=\"https:\/\/www.tralert.com\/c\/led-bars\/\">Lichtleiste<\/a> ist ideal f\u00fcr die Montage im Grill, zum Beispiel im Volvo FH4 passt sie perfekt. Mit den 2 Befestigungsm\u00f6glichkeiten gibt es immer eine Option zur Montage. Der Anschluss kann \u00fcber den montierten Deutsch-Stecker erfolgen. Die Polycarbonat-Linse wird mittels hochwertigem Kleber im Geh\u00e4use montiert, die Linse wird direkt in das Geh\u00e4use eingesetzt. Dadurch entsteht ein sehr schlanker und einzigartiger Look, zus\u00e4tzlich werden auch Windger\u00e4usche verhindert.    <\/p>\n<p>Ein kleineres Modell dieser <a class=\"text-body\" href=\"https:\/\/shop.tralert.com\/nl\/led-bar-12v-auto-drivingbeam-60watt.html\">LED-Leiste ist LD1-6035<\/a>.<\/p>\n<p>&nbsp;<\/p>\n<p>Suchergebnisse: #light+bar<\/p>\n","protected":false},"excerpt":{"rendered":"<p>LED-Leiste &#8211; Fernlicht 5920Lumen \/ 100 Watt \/ 9 &#8211; 36 Volt Pluszeichen Nur 38mm hohes, schlankes Design 9 &#8211; 36 Volt geeignet ECE-R112 zertifiziert 2 Befestigungsm\u00f6glichkeiten Ideal f\u00fcr die Montage im Grill Die LD1 Riegel von TRALERT\u00ae sind nicht einzigartig, aber sie sind die besten ihrer Art. Die LED-Leisten sind mit den besten Komponenten [&hellip;]<\/p>\n","protected":false},"featured_media":7498,"comment_status":"open","ping_status":"closed","template":"","meta":{"_acf_changed":false,"_genesis_hide_title":false,"_genesis_hide_breadcrumbs":false,"_genesis_hide_singular_image":false,"_genesis_hide_footer_widgets":false,"_genesis_custom_body_class":"","_genesis_custom_post_class":"","_genesis_layout":""},"product_brand":[],"product_cat":[301],"product_tag":[],"class_list":{"0":"post-8206","1":"product","2":"type-product","3":"status-publish","4":"has-post-thumbnail","6":"product_cat-led-leisten","7":"entry","9":"first","10":"instock","11":"taxable","12":"shipping-taxable","13":"purchasable","14":"product-type-simple"},"acf":[],"yoast_head":"<!-- This site is optimized with the Yoast SEO plugin v27.3 - https:\/\/yoast.com\/product\/yoast-seo-wordpress\/ -->\n<title>LED-Leiste Fahrbalken | 100 Watt | 5920 Lumen | 9-36V | LD1-10059 - MrK Bullbars<\/title>\n<meta name=\"robots\" content=\"index, follow, max-snippet:-1, max-image-preview:large, max-video-preview:-1\" \/>\n<link rel=\"canonical\" href=\"https:\/\/mrkbullbars.nl\/de\/produkt\/led-leiste-fahrbalken-100-watt-5920-lumen-9-36v-ld1-10059\/\" \/>\n<meta property=\"og:locale\" content=\"de_DE\" \/>\n<meta property=\"og:type\" content=\"article\" \/>\n<meta property=\"og:title\" content=\"LED-Leiste Fahrbalken | 100 Watt | 5920 Lumen | 9-36V | LD1-10059 - MrK Bullbars\" \/>\n<meta property=\"og:description\" content=\"LED-Leiste &#8211; Fernlicht 5920Lumen \/ 100 Watt \/ 9 &#8211; 36 Volt Pluszeichen Nur 38mm hohes, schlankes Design 9 &#8211; 36 Volt geeignet ECE-R112 zertifiziert 2 Befestigungsm\u00f6glichkeiten Ideal f\u00fcr die Montage im Grill Die LD1 Riegel von TRALERT\u00ae sind nicht einzigartig, aber sie sind die besten ihrer Art. Die LED-Leisten sind mit den besten Komponenten [&hellip;]\" \/>\n<meta property=\"og:url\" content=\"https:\/\/mrkbullbars.nl\/de\/produkt\/led-leiste-fahrbalken-100-watt-5920-lumen-9-36v-ld1-10059\/\" \/>\n<meta property=\"og:site_name\" content=\"MrK Bullbars\" \/>\n<meta name=\"twitter:card\" content=\"summary_large_image\" \/>\n<meta name=\"twitter:label1\" content=\"Gesch\u00e4tzte Lesezeit\" \/>\n\t<meta name=\"twitter:data1\" content=\"1\u00a0Minute\" \/>\n<script type=\"application\/ld+json\" class=\"yoast-schema-graph\">{\"@context\":\"https:\\\/\\\/schema.org\",\"@graph\":[{\"@type\":\"WebPage\",\"@id\":\"https:\\\/\\\/mrkbullbars.nl\\\/de\\\/produkt\\\/led-leiste-fahrbalken-100-watt-5920-lumen-9-36v-ld1-10059\\\/\",\"url\":\"https:\\\/\\\/mrkbullbars.nl\\\/de\\\/produkt\\\/led-leiste-fahrbalken-100-watt-5920-lumen-9-36v-ld1-10059\\\/\",\"name\":\"LED-Leiste Fahrbalken | 100 Watt | 5920 Lumen | 9-36V | LD1-10059 - MrK Bullbars\",\"isPartOf\":{\"@id\":\"https:\\\/\\\/mrkbullbars.nl\\\/de\\\/#website\"},\"primaryImageOfPage\":{\"@id\":\"https:\\\/\\\/mrkbullbars.nl\\\/de\\\/produkt\\\/led-leiste-fahrbalken-100-watt-5920-lumen-9-36v-ld1-10059\\\/#primaryimage\"},\"image\":{\"@id\":\"https:\\\/\\\/mrkbullbars.nl\\\/de\\\/produkt\\\/led-leiste-fahrbalken-100-watt-5920-lumen-9-36v-ld1-10059\\\/#primaryimage\"},\"thumbnailUrl\":\"https:\\\/\\\/mrkbullbars.nl\\\/wp-content\\\/uploads\\\/2025\\\/01\\\/87c972b2-9c5d-4084-8c86-09604e5d43f4-39861_2.webp\",\"datePublished\":\"2025-04-12T11:56:31+00:00\",\"breadcrumb\":{\"@id\":\"https:\\\/\\\/mrkbullbars.nl\\\/de\\\/produkt\\\/led-leiste-fahrbalken-100-watt-5920-lumen-9-36v-ld1-10059\\\/#breadcrumb\"},\"inLanguage\":\"de\",\"potentialAction\":[{\"@type\":\"ReadAction\",\"target\":[\"https:\\\/\\\/mrkbullbars.nl\\\/de\\\/produkt\\\/led-leiste-fahrbalken-100-watt-5920-lumen-9-36v-ld1-10059\\\/\"]}]},{\"@type\":\"ImageObject\",\"inLanguage\":\"de\",\"@id\":\"https:\\\/\\\/mrkbullbars.nl\\\/de\\\/produkt\\\/led-leiste-fahrbalken-100-watt-5920-lumen-9-36v-ld1-10059\\\/#primaryimage\",\"url\":\"https:\\\/\\\/mrkbullbars.nl\\\/wp-content\\\/uploads\\\/2025\\\/01\\\/87c972b2-9c5d-4084-8c86-09604e5d43f4-39861_2.webp\",\"contentUrl\":\"https:\\\/\\\/mrkbullbars.nl\\\/wp-content\\\/uploads\\\/2025\\\/01\\\/87c972b2-9c5d-4084-8c86-09604e5d43f4-39861_2.webp\",\"width\":500,\"height\":500},{\"@type\":\"BreadcrumbList\",\"@id\":\"https:\\\/\\\/mrkbullbars.nl\\\/de\\\/produkt\\\/led-leiste-fahrbalken-100-watt-5920-lumen-9-36v-ld1-10059\\\/#breadcrumb\",\"itemListElement\":[{\"@type\":\"ListItem\",\"position\":1,\"name\":\"Home\",\"item\":\"https:\\\/\\\/mrkbullbars.nl\\\/de\\\/\"},{\"@type\":\"ListItem\",\"position\":2,\"name\":\"Shop\",\"item\":\"https:\\\/\\\/mrkbullbars.nl\\\/de\\\/shop\\\/\"},{\"@type\":\"ListItem\",\"position\":3,\"name\":\"LED-Leiste Fahrbalken | 100 Watt | 5920 Lumen | 9-36V | LD1-10059\"}]},{\"@type\":\"WebSite\",\"@id\":\"https:\\\/\\\/mrkbullbars.nl\\\/de\\\/#website\",\"url\":\"https:\\\/\\\/mrkbullbars.nl\\\/de\\\/\",\"name\":\"MrK Bullbars\",\"description\":\"\",\"potentialAction\":[{\"@type\":\"SearchAction\",\"target\":{\"@type\":\"EntryPoint\",\"urlTemplate\":\"https:\\\/\\\/mrkbullbars.nl\\\/de\\\/?s={search_term_string}\"},\"query-input\":{\"@type\":\"PropertyValueSpecification\",\"valueRequired\":true,\"valueName\":\"search_term_string\"}}],\"inLanguage\":\"de\"}]}<\/script>\n<!-- \/ Yoast SEO plugin. -->","yoast_head_json":{"title":"LED-Leiste Fahrbalken | 100 Watt | 5920 Lumen | 9-36V | LD1-10059 - MrK Bullbars","robots":{"index":"index","follow":"follow","max-snippet":"max-snippet:-1","max-image-preview":"max-image-preview:large","max-video-preview":"max-video-preview:-1"},"canonical":"https:\/\/mrkbullbars.nl\/de\/produkt\/led-leiste-fahrbalken-100-watt-5920-lumen-9-36v-ld1-10059\/","og_locale":"de_DE","og_type":"article","og_title":"LED-Leiste Fahrbalken | 100 Watt | 5920 Lumen | 9-36V | LD1-10059 - MrK Bullbars","og_description":"LED-Leiste &#8211; Fernlicht 5920Lumen \/ 100 Watt \/ 9 &#8211; 36 Volt Pluszeichen Nur 38mm hohes, schlankes Design 9 &#8211; 36 Volt geeignet ECE-R112 zertifiziert 2 Befestigungsm\u00f6glichkeiten Ideal f\u00fcr die Montage im Grill Die LD1 Riegel von TRALERT\u00ae sind nicht einzigartig, aber sie sind die besten ihrer Art. Die LED-Leisten sind mit den besten Komponenten [&hellip;]","og_url":"https:\/\/mrkbullbars.nl\/de\/produkt\/led-leiste-fahrbalken-100-watt-5920-lumen-9-36v-ld1-10059\/","og_site_name":"MrK Bullbars","twitter_card":"summary_large_image","twitter_misc":{"Gesch\u00e4tzte Lesezeit":"1\u00a0Minute"},"schema":{"@context":"https:\/\/schema.org","@graph":[{"@type":"WebPage","@id":"https:\/\/mrkbullbars.nl\/de\/produkt\/led-leiste-fahrbalken-100-watt-5920-lumen-9-36v-ld1-10059\/","url":"https:\/\/mrkbullbars.nl\/de\/produkt\/led-leiste-fahrbalken-100-watt-5920-lumen-9-36v-ld1-10059\/","name":"LED-Leiste Fahrbalken | 100 Watt | 5920 Lumen | 9-36V | LD1-10059 - MrK Bullbars","isPartOf":{"@id":"https:\/\/mrkbullbars.nl\/de\/#website"},"primaryImageOfPage":{"@id":"https:\/\/mrkbullbars.nl\/de\/produkt\/led-leiste-fahrbalken-100-watt-5920-lumen-9-36v-ld1-10059\/#primaryimage"},"image":{"@id":"https:\/\/mrkbullbars.nl\/de\/produkt\/led-leiste-fahrbalken-100-watt-5920-lumen-9-36v-ld1-10059\/#primaryimage"},"thumbnailUrl":"https:\/\/mrkbullbars.nl\/wp-content\/uploads\/2025\/01\/87c972b2-9c5d-4084-8c86-09604e5d43f4-39861_2.webp","datePublished":"2025-04-12T11:56:31+00:00","breadcrumb":{"@id":"https:\/\/mrkbullbars.nl\/de\/produkt\/led-leiste-fahrbalken-100-watt-5920-lumen-9-36v-ld1-10059\/#breadcrumb"},"inLanguage":"de","potentialAction":[{"@type":"ReadAction","target":["https:\/\/mrkbullbars.nl\/de\/produkt\/led-leiste-fahrbalken-100-watt-5920-lumen-9-36v-ld1-10059\/"]}]},{"@type":"ImageObject","inLanguage":"de","@id":"https:\/\/mrkbullbars.nl\/de\/produkt\/led-leiste-fahrbalken-100-watt-5920-lumen-9-36v-ld1-10059\/#primaryimage","url":"https:\/\/mrkbullbars.nl\/wp-content\/uploads\/2025\/01\/87c972b2-9c5d-4084-8c86-09604e5d43f4-39861_2.webp","contentUrl":"https:\/\/mrkbullbars.nl\/wp-content\/uploads\/2025\/01\/87c972b2-9c5d-4084-8c86-09604e5d43f4-39861_2.webp","width":500,"height":500},{"@type":"BreadcrumbList","@id":"https:\/\/mrkbullbars.nl\/de\/produkt\/led-leiste-fahrbalken-100-watt-5920-lumen-9-36v-ld1-10059\/#breadcrumb","itemListElement":[{"@type":"ListItem","position":1,"name":"Home","item":"https:\/\/mrkbullbars.nl\/de\/"},{"@type":"ListItem","position":2,"name":"Shop","item":"https:\/\/mrkbullbars.nl\/de\/shop\/"},{"@type":"ListItem","position":3,"name":"LED-Leiste Fahrbalken | 100 Watt | 5920 Lumen | 9-36V | LD1-10059"}]},{"@type":"WebSite","@id":"https:\/\/mrkbullbars.nl\/de\/#website","url":"https:\/\/mrkbullbars.nl\/de\/","name":"MrK Bullbars","description":"","potentialAction":[{"@type":"SearchAction","target":{"@type":"EntryPoint","urlTemplate":"https:\/\/mrkbullbars.nl\/de\/?s={search_term_string}"},"query-input":{"@type":"PropertyValueSpecification","valueRequired":true,"valueName":"search_term_string"}}],"inLanguage":"de"}]}},"_links":{"self":[{"href":"https:\/\/mrkbullbars.nl\/de\/wp-json\/wp\/v2\/product\/8206","targetHints":{"allow":["GET"]}}],"collection":[{"href":"https:\/\/mrkbullbars.nl\/de\/wp-json\/wp\/v2\/product"}],"about":[{"href":"https:\/\/mrkbullbars.nl\/de\/wp-json\/wp\/v2\/types\/product"}],"replies":[{"embeddable":true,"href":"https:\/\/mrkbullbars.nl\/de\/wp-json\/wp\/v2\/comments?post=8206"}],"wp:featuredmedia":[{"embeddable":true,"href":"https:\/\/mrkbullbars.nl\/de\/wp-json\/wp\/v2\/media\/7498"}],"wp:attachment":[{"href":"https:\/\/mrkbullbars.nl\/de\/wp-json\/wp\/v2\/media?parent=8206"}],"wp:term":[{"taxonomy":"product_brand","embeddable":true,"href":"https:\/\/mrkbullbars.nl\/de\/wp-json\/wp\/v2\/product_brand?post=8206"},{"taxonomy":"product_cat","embeddable":true,"href":"https:\/\/mrkbullbars.nl\/de\/wp-json\/wp\/v2\/product_cat?post=8206"},{"taxonomy":"product_tag","embeddable":true,"href":"https:\/\/mrkbullbars.nl\/de\/wp-json\/wp\/v2\/product_tag?post=8206"}],"curies":[{"name":"wp","href":"https:\/\/api.w.org\/{rel}","templated":true}]}}