{"id":8212,"date":"2025-01-23T10:57:04","date_gmt":"2025-04-12T11:58:45","guid":{"rendered":"https:\/\/mrkbullbars.nl\/product\/led-leiste-schatten-1-gelb-weiss-5700-lumen-9-36v-ld3-6057\/"},"modified":"2025-04-12T13:58:45","modified_gmt":"2025-04-12T11:58:45","slug":"led-leiste-schatten-1-gelb-weiss-5700-lumen-9-36v-ld3-6057","status":"publish","type":"product","link":"https:\/\/mrkbullbars.nl\/de\/produkt\/led-leiste-schatten-1-gelb-weiss-5700-lumen-9-36v-ld3-6057\/","title":{"rendered":"LED-Leiste | Schatten 1 | gelb\/wei\u00df | 5700 Lumen | 9-36V | LD3-6057"},"content":{"rendered":"<p>Die Shadow-Serie besteht aus 2 Modellen (320mm &amp; 512mm lang), diese kompakte LED-Leiste ist mit einem wundersch\u00f6n gestalteten Tagfahrlichtband ausgestattet, das sowohl wei\u00df als auch bernsteinfarben brennen kann. W\u00e4hlen Sie also, was zum Stil Ihres Trucks, Pick-ups oder 4&#215;4 Offroaders passt. Der Shadow ist vollst\u00e4ndig ECE-zertifiziert und somit f\u00fcr den \u00f6ffentlichen Stra\u00dfenverkehr zugelassen. Die RFT-Linsentechnologie sorgt f\u00fcr ein klares und gut verteiltes Lichtbild. Die Verbindung erfolgt mit einem 4-PIN-Deutsch-Stecker am Kabel, wir empfehlen Ihnen, das Verl\u00e4ngerungskabel damit zu bestellen, um eine zuverl\u00e4ssige Verbindung zu realisieren und Sch\u00e4den an der Elektronik zu vermeiden. Die kompakte LED-Leiste wird standardm\u00e4\u00dfig mit 2 Montagehalterungen geliefert, seitliche Montage und hintere\/untere Montage. Auf diese Weise k\u00f6nnen Sie den Shadow fast immer als Einbau- oder nur Aufputzinstallation montieren.&nbsp;<\/p>\n<p><strong>Pluszeichen:<\/strong><\/p>\n<p style=\"padding-left: 40px;\"><strong><span style=\"color: #99cc00;\">+<\/span> <\/strong>Ausgestattet mit zweifarbigem Tagfahrlicht (gelb &amp; wei\u00df)<\/p>\n<p style=\"padding-left: 40px;\"><strong><span style=\"color: #99cc00;\">+<\/span> <\/strong>Vollst\u00e4ndig ECE-zertifiziert<\/p>\n<p style=\"padding-left: 40px;\"><span style=\"color: #99cc00;\"><strong>+ <\/strong><\/span>Ausgestattet mit 4-poligem Deutsch-Stecker (3m. Verl\u00e4ngerungskabel auch WAC-CABLE3M4P erh\u00e4ltlich)<\/p>\n<p style=\"padding-left: 40px;\"><strong><span style=\"color: #99cc00;\">+<\/span> <\/strong>IP69K Hochdruckreiniger best\u00e4ndig<\/p>\n<p style=\"padding-left: 40px;\"><strong><span style=\"color: #99cc00;\">+<\/span> <\/strong> Doppelte Montagest\u00fctzen, Bodenmontage und seitliche Montage.<\/p>\n<p>Neben diesem Shadow 1 ist auch der Shadow 2 erh\u00e4ltlich, wenn Sie eine gr\u00f6\u00dfere Version mit mehr Helligkeit suchen.<\/p>\n<p>Suchergebnisse: #light+bar<\/p>\n","protected":false},"excerpt":{"rendered":"<p>Die Shadow-Serie besteht aus 2 Modellen (320mm &amp; 512mm lang), diese kompakte LED-Leiste ist mit einem wundersch\u00f6n gestalteten Tagfahrlichtband ausgestattet, das sowohl wei\u00df als auch bernsteinfarben brennen kann. W\u00e4hlen Sie also, was zum Stil Ihres Trucks, Pick-ups oder 4&#215;4 Offroaders passt. Der Shadow ist vollst\u00e4ndig ECE-zertifiziert und somit f\u00fcr den \u00f6ffentlichen Stra\u00dfenverkehr zugelassen. Die RFT-Linsentechnologie [&hellip;]<\/p>\n","protected":false},"featured_media":7579,"comment_status":"open","ping_status":"closed","template":"","meta":{"_acf_changed":false,"_genesis_hide_title":false,"_genesis_hide_breadcrumbs":false,"_genesis_hide_singular_image":false,"_genesis_hide_footer_widgets":false,"_genesis_custom_body_class":"","_genesis_custom_post_class":"","_genesis_layout":""},"product_brand":[],"product_cat":[301],"product_tag":[],"class_list":{"0":"post-8212","1":"product","2":"type-product","3":"status-publish","4":"has-post-thumbnail","6":"product_cat-led-leisten","7":"entry","9":"first","10":"instock","11":"taxable","12":"shipping-taxable","13":"purchasable","14":"product-type-simple"},"acf":[],"yoast_head":"<!-- This site is optimized with the Yoast SEO plugin v27.3 - https:\/\/yoast.com\/product\/yoast-seo-wordpress\/ -->\n<title>LED-Leiste | Schatten 1 | gelb\/wei\u00df | 5700 Lumen | 9-36V | LD3-6057 - MrK Bullbars<\/title>\n<meta name=\"robots\" content=\"index, follow, max-snippet:-1, max-image-preview:large, max-video-preview:-1\" \/>\n<link rel=\"canonical\" href=\"https:\/\/mrkbullbars.nl\/de\/produkt\/led-leiste-schatten-1-gelb-weiss-5700-lumen-9-36v-ld3-6057\/\" \/>\n<meta property=\"og:locale\" content=\"de_DE\" \/>\n<meta property=\"og:type\" content=\"article\" \/>\n<meta property=\"og:title\" content=\"LED-Leiste | Schatten 1 | gelb\/wei\u00df | 5700 Lumen | 9-36V | LD3-6057 - MrK Bullbars\" \/>\n<meta property=\"og:description\" content=\"Die Shadow-Serie besteht aus 2 Modellen (320mm &amp; 512mm lang), diese kompakte LED-Leiste ist mit einem wundersch\u00f6n gestalteten Tagfahrlichtband ausgestattet, das sowohl wei\u00df als auch bernsteinfarben brennen kann. W\u00e4hlen Sie also, was zum Stil Ihres Trucks, Pick-ups oder 4&#215;4 Offroaders passt. Der Shadow ist vollst\u00e4ndig ECE-zertifiziert und somit f\u00fcr den \u00f6ffentlichen Stra\u00dfenverkehr zugelassen. Die RFT-Linsentechnologie [&hellip;]\" \/>\n<meta property=\"og:url\" content=\"https:\/\/mrkbullbars.nl\/de\/produkt\/led-leiste-schatten-1-gelb-weiss-5700-lumen-9-36v-ld3-6057\/\" \/>\n<meta property=\"og:site_name\" content=\"MrK Bullbars\" \/>\n<meta name=\"twitter:card\" content=\"summary_large_image\" \/>\n<meta name=\"twitter:label1\" content=\"Gesch\u00e4tzte Lesezeit\" \/>\n\t<meta name=\"twitter:data1\" content=\"1\u00a0Minute\" \/>\n<script type=\"application\/ld+json\" class=\"yoast-schema-graph\">{\"@context\":\"https:\\\/\\\/schema.org\",\"@graph\":[{\"@type\":\"WebPage\",\"@id\":\"https:\\\/\\\/mrkbullbars.nl\\\/de\\\/produkt\\\/led-leiste-schatten-1-gelb-weiss-5700-lumen-9-36v-ld3-6057\\\/\",\"url\":\"https:\\\/\\\/mrkbullbars.nl\\\/de\\\/produkt\\\/led-leiste-schatten-1-gelb-weiss-5700-lumen-9-36v-ld3-6057\\\/\",\"name\":\"LED-Leiste | Schatten 1 | gelb\\\/wei\u00df | 5700 Lumen | 9-36V | LD3-6057 - MrK Bullbars\",\"isPartOf\":{\"@id\":\"https:\\\/\\\/mrkbullbars.nl\\\/de\\\/#website\"},\"primaryImageOfPage\":{\"@id\":\"https:\\\/\\\/mrkbullbars.nl\\\/de\\\/produkt\\\/led-leiste-schatten-1-gelb-weiss-5700-lumen-9-36v-ld3-6057\\\/#primaryimage\"},\"image\":{\"@id\":\"https:\\\/\\\/mrkbullbars.nl\\\/de\\\/produkt\\\/led-leiste-schatten-1-gelb-weiss-5700-lumen-9-36v-ld3-6057\\\/#primaryimage\"},\"thumbnailUrl\":\"https:\\\/\\\/mrkbullbars.nl\\\/wp-content\\\/uploads\\\/2025\\\/01\\\/5321d2fa-c3ab-4a5a-8603-e0cb44acf9e6-41279_2.webp\",\"datePublished\":\"2025-04-12T11:58:45+00:00\",\"breadcrumb\":{\"@id\":\"https:\\\/\\\/mrkbullbars.nl\\\/de\\\/produkt\\\/led-leiste-schatten-1-gelb-weiss-5700-lumen-9-36v-ld3-6057\\\/#breadcrumb\"},\"inLanguage\":\"de\",\"potentialAction\":[{\"@type\":\"ReadAction\",\"target\":[\"https:\\\/\\\/mrkbullbars.nl\\\/de\\\/produkt\\\/led-leiste-schatten-1-gelb-weiss-5700-lumen-9-36v-ld3-6057\\\/\"]}]},{\"@type\":\"ImageObject\",\"inLanguage\":\"de\",\"@id\":\"https:\\\/\\\/mrkbullbars.nl\\\/de\\\/produkt\\\/led-leiste-schatten-1-gelb-weiss-5700-lumen-9-36v-ld3-6057\\\/#primaryimage\",\"url\":\"https:\\\/\\\/mrkbullbars.nl\\\/wp-content\\\/uploads\\\/2025\\\/01\\\/5321d2fa-c3ab-4a5a-8603-e0cb44acf9e6-41279_2.webp\",\"contentUrl\":\"https:\\\/\\\/mrkbullbars.nl\\\/wp-content\\\/uploads\\\/2025\\\/01\\\/5321d2fa-c3ab-4a5a-8603-e0cb44acf9e6-41279_2.webp\",\"width\":800,\"height\":400},{\"@type\":\"BreadcrumbList\",\"@id\":\"https:\\\/\\\/mrkbullbars.nl\\\/de\\\/produkt\\\/led-leiste-schatten-1-gelb-weiss-5700-lumen-9-36v-ld3-6057\\\/#breadcrumb\",\"itemListElement\":[{\"@type\":\"ListItem\",\"position\":1,\"name\":\"Home\",\"item\":\"https:\\\/\\\/mrkbullbars.nl\\\/de\\\/\"},{\"@type\":\"ListItem\",\"position\":2,\"name\":\"Shop\",\"item\":\"https:\\\/\\\/mrkbullbars.nl\\\/de\\\/shop\\\/\"},{\"@type\":\"ListItem\",\"position\":3,\"name\":\"LED-Leiste | Schatten 1 | gelb\\\/wei\u00df | 5700 Lumen | 9-36V | LD3-6057\"}]},{\"@type\":\"WebSite\",\"@id\":\"https:\\\/\\\/mrkbullbars.nl\\\/de\\\/#website\",\"url\":\"https:\\\/\\\/mrkbullbars.nl\\\/de\\\/\",\"name\":\"MrK Bullbars\",\"description\":\"\",\"potentialAction\":[{\"@type\":\"SearchAction\",\"target\":{\"@type\":\"EntryPoint\",\"urlTemplate\":\"https:\\\/\\\/mrkbullbars.nl\\\/de\\\/?s={search_term_string}\"},\"query-input\":{\"@type\":\"PropertyValueSpecification\",\"valueRequired\":true,\"valueName\":\"search_term_string\"}}],\"inLanguage\":\"de\"}]}<\/script>\n<!-- \/ Yoast SEO plugin. -->","yoast_head_json":{"title":"LED-Leiste | Schatten 1 | gelb\/wei\u00df | 5700 Lumen | 9-36V | LD3-6057 - MrK Bullbars","robots":{"index":"index","follow":"follow","max-snippet":"max-snippet:-1","max-image-preview":"max-image-preview:large","max-video-preview":"max-video-preview:-1"},"canonical":"https:\/\/mrkbullbars.nl\/de\/produkt\/led-leiste-schatten-1-gelb-weiss-5700-lumen-9-36v-ld3-6057\/","og_locale":"de_DE","og_type":"article","og_title":"LED-Leiste | Schatten 1 | gelb\/wei\u00df | 5700 Lumen | 9-36V | LD3-6057 - MrK Bullbars","og_description":"Die Shadow-Serie besteht aus 2 Modellen (320mm &amp; 512mm lang), diese kompakte LED-Leiste ist mit einem wundersch\u00f6n gestalteten Tagfahrlichtband ausgestattet, das sowohl wei\u00df als auch bernsteinfarben brennen kann. W\u00e4hlen Sie also, was zum Stil Ihres Trucks, Pick-ups oder 4&#215;4 Offroaders passt. Der Shadow ist vollst\u00e4ndig ECE-zertifiziert und somit f\u00fcr den \u00f6ffentlichen Stra\u00dfenverkehr zugelassen. Die RFT-Linsentechnologie [&hellip;]","og_url":"https:\/\/mrkbullbars.nl\/de\/produkt\/led-leiste-schatten-1-gelb-weiss-5700-lumen-9-36v-ld3-6057\/","og_site_name":"MrK Bullbars","twitter_card":"summary_large_image","twitter_misc":{"Gesch\u00e4tzte Lesezeit":"1\u00a0Minute"},"schema":{"@context":"https:\/\/schema.org","@graph":[{"@type":"WebPage","@id":"https:\/\/mrkbullbars.nl\/de\/produkt\/led-leiste-schatten-1-gelb-weiss-5700-lumen-9-36v-ld3-6057\/","url":"https:\/\/mrkbullbars.nl\/de\/produkt\/led-leiste-schatten-1-gelb-weiss-5700-lumen-9-36v-ld3-6057\/","name":"LED-Leiste | Schatten 1 | gelb\/wei\u00df | 5700 Lumen | 9-36V | LD3-6057 - MrK Bullbars","isPartOf":{"@id":"https:\/\/mrkbullbars.nl\/de\/#website"},"primaryImageOfPage":{"@id":"https:\/\/mrkbullbars.nl\/de\/produkt\/led-leiste-schatten-1-gelb-weiss-5700-lumen-9-36v-ld3-6057\/#primaryimage"},"image":{"@id":"https:\/\/mrkbullbars.nl\/de\/produkt\/led-leiste-schatten-1-gelb-weiss-5700-lumen-9-36v-ld3-6057\/#primaryimage"},"thumbnailUrl":"https:\/\/mrkbullbars.nl\/wp-content\/uploads\/2025\/01\/5321d2fa-c3ab-4a5a-8603-e0cb44acf9e6-41279_2.webp","datePublished":"2025-04-12T11:58:45+00:00","breadcrumb":{"@id":"https:\/\/mrkbullbars.nl\/de\/produkt\/led-leiste-schatten-1-gelb-weiss-5700-lumen-9-36v-ld3-6057\/#breadcrumb"},"inLanguage":"de","potentialAction":[{"@type":"ReadAction","target":["https:\/\/mrkbullbars.nl\/de\/produkt\/led-leiste-schatten-1-gelb-weiss-5700-lumen-9-36v-ld3-6057\/"]}]},{"@type":"ImageObject","inLanguage":"de","@id":"https:\/\/mrkbullbars.nl\/de\/produkt\/led-leiste-schatten-1-gelb-weiss-5700-lumen-9-36v-ld3-6057\/#primaryimage","url":"https:\/\/mrkbullbars.nl\/wp-content\/uploads\/2025\/01\/5321d2fa-c3ab-4a5a-8603-e0cb44acf9e6-41279_2.webp","contentUrl":"https:\/\/mrkbullbars.nl\/wp-content\/uploads\/2025\/01\/5321d2fa-c3ab-4a5a-8603-e0cb44acf9e6-41279_2.webp","width":800,"height":400},{"@type":"BreadcrumbList","@id":"https:\/\/mrkbullbars.nl\/de\/produkt\/led-leiste-schatten-1-gelb-weiss-5700-lumen-9-36v-ld3-6057\/#breadcrumb","itemListElement":[{"@type":"ListItem","position":1,"name":"Home","item":"https:\/\/mrkbullbars.nl\/de\/"},{"@type":"ListItem","position":2,"name":"Shop","item":"https:\/\/mrkbullbars.nl\/de\/shop\/"},{"@type":"ListItem","position":3,"name":"LED-Leiste | Schatten 1 | gelb\/wei\u00df | 5700 Lumen | 9-36V | LD3-6057"}]},{"@type":"WebSite","@id":"https:\/\/mrkbullbars.nl\/de\/#website","url":"https:\/\/mrkbullbars.nl\/de\/","name":"MrK Bullbars","description":"","potentialAction":[{"@type":"SearchAction","target":{"@type":"EntryPoint","urlTemplate":"https:\/\/mrkbullbars.nl\/de\/?s={search_term_string}"},"query-input":{"@type":"PropertyValueSpecification","valueRequired":true,"valueName":"search_term_string"}}],"inLanguage":"de"}]}},"_links":{"self":[{"href":"https:\/\/mrkbullbars.nl\/de\/wp-json\/wp\/v2\/product\/8212","targetHints":{"allow":["GET"]}}],"collection":[{"href":"https:\/\/mrkbullbars.nl\/de\/wp-json\/wp\/v2\/product"}],"about":[{"href":"https:\/\/mrkbullbars.nl\/de\/wp-json\/wp\/v2\/types\/product"}],"replies":[{"embeddable":true,"href":"https:\/\/mrkbullbars.nl\/de\/wp-json\/wp\/v2\/comments?post=8212"}],"wp:featuredmedia":[{"embeddable":true,"href":"https:\/\/mrkbullbars.nl\/de\/wp-json\/wp\/v2\/media\/7579"}],"wp:attachment":[{"href":"https:\/\/mrkbullbars.nl\/de\/wp-json\/wp\/v2\/media?parent=8212"}],"wp:term":[{"taxonomy":"product_brand","embeddable":true,"href":"https:\/\/mrkbullbars.nl\/de\/wp-json\/wp\/v2\/product_brand?post=8212"},{"taxonomy":"product_cat","embeddable":true,"href":"https:\/\/mrkbullbars.nl\/de\/wp-json\/wp\/v2\/product_cat?post=8212"},{"taxonomy":"product_tag","embeddable":true,"href":"https:\/\/mrkbullbars.nl\/de\/wp-json\/wp\/v2\/product_tag?post=8212"}],"curies":[{"name":"wp","href":"https:\/\/api.w.org\/{rel}","templated":true}]}}