{"id":8234,"date":"2025-01-23T11:03:42","date_gmt":"2025-04-12T12:31:31","guid":{"rendered":"https:\/\/mrkbullbars.nl\/product\/led-leiste-nemesis-xl-790-zweifarbige-verlaengerung-fuer-den-tag-10-32v-789cm-22-680lm-ld7-270226\/"},"modified":"2025-04-12T14:31:31","modified_gmt":"2025-04-12T12:31:31","slug":"led-leiste-nemesis-xl-790-zweifarbige-verlaengerung-fuer-den-tag-10-32v-789cm-22-680lm-ld7-270226","status":"publish","type":"product","link":"https:\/\/mrkbullbars.nl\/de\/produkt\/led-leiste-nemesis-xl-790-zweifarbige-verlaengerung-fuer-den-tag-10-32v-789cm-22-680lm-ld7-270226\/","title":{"rendered":"LED-Leiste Nemesis XL 790 zweifarbige Verl\u00e4ngerung f\u00fcr den Tag. 10-32V \/ 78,9cm \/ 22.680lm | LD7-270226"},"content":{"rendered":"<p>[elementor-template id=&#8220;33196&#8243;]<\/p>\n<p>Die LED-Leiste der Nemesis-Serie ist eine sehr schlanke LED-Leiste, die perfekt zum Aussehen moderner Lastwagen und anderer Fahrzeuge passt. Im ausgeschalteten Zustand verschwindet die LED-Leiste durch die dunkelschwarze Linse sch\u00f6n in der Karosserie, im eingeschalteten Zustand wird ein breiter Streifen Tagfahrlicht sichtbar. Das Tagfahrlicht ist in den Farben Wei\u00df und Gelb erh\u00e4ltlich und in beiden F\u00e4llen mit einem dynamischen Anfahrschutz ausgestattet, einer einzigartigen optischen Erg\u00e4nzung.  <\/p>\n<p>Ben\u00f6tigen Sie mehr Licht? Schalten Sie dann das leistungsstarke Fernlicht ein. Mit einer Lichtleistung von bis zu 11.340 Lumen erm\u00f6glicht Ihnen die Nemesis-Serie, selbst die dunkelsten Stra\u00dfen perfekt auszuleuchten und Ihre Fahrt komfortabel fortzusetzen.  <\/p>\n<p>Darf es ein bisschen mehr sein, oder besser gesagt: doppelt so viel? Dann entscheiden Sie sich f\u00fcr die Nemesis XL-Serie. Der gleiche Stil, das gleiche Tagfahrlicht und die gleiche Optik, aber mit einer zus\u00e4tzlichen LED-Reihe unter dem Tagfahrlicht. Dadurch befindet sich das Tagfahrlicht in der Mitte des Lichtbalkens und die Leistung des Fernlichts wird verdoppelt.   <\/p>\n<p>Die Nemesis XL Serie besteht aus vier Modellen und hat eine Lichtleistung von 7.560 Lumen in der k\u00fcrzesten Variante bis hin zu satten 22.680 Lumen in der l\u00e4ngsten Variante. Noch nie dagewesene Leistung f\u00fcr eine Lightbar dieser Gr\u00f6\u00dfe. <\/p>\n<p>Das Produkt auf dieser Seite ist die Nemesis XL 790 mit 22.680 Lumen und einer Breite von 789mm.<\/p>\n<p>Um den Nemesis und Nemesis XL fachgerecht montieren zu k\u00f6nnen, sind zwei Befestigungsm\u00f6glichkeiten im Standard enthalten. So gibt es zum Beispiel Befestigungswinkel f\u00fcr das Heck und f\u00fcr die Seite. Dadurch ist die Montage vielseitig einsetzbar und die Lightbars lassen sich an vielen Stellen im und am Korpus sch\u00f6n anbringen.  <\/p>\n","protected":false},"excerpt":{"rendered":"<p>[elementor-template id=&#8220;33196&#8243;] Die LED-Leiste der Nemesis-Serie ist eine sehr schlanke LED-Leiste, die perfekt zum Aussehen moderner Lastwagen und anderer Fahrzeuge passt. Im ausgeschalteten Zustand verschwindet die LED-Leiste durch die dunkelschwarze Linse sch\u00f6n in der Karosserie, im eingeschalteten Zustand wird ein breiter Streifen Tagfahrlicht sichtbar. Das Tagfahrlicht ist in den Farben Wei\u00df und Gelb erh\u00e4ltlich und [&hellip;]<\/p>\n","protected":false},"featured_media":7850,"comment_status":"open","ping_status":"closed","template":"","meta":{"_acf_changed":false,"_genesis_hide_title":false,"_genesis_hide_breadcrumbs":false,"_genesis_hide_singular_image":false,"_genesis_hide_footer_widgets":false,"_genesis_custom_body_class":"","_genesis_custom_post_class":"","_genesis_layout":""},"product_brand":[],"product_cat":[301],"product_tag":[],"class_list":{"0":"post-8234","1":"product","2":"type-product","3":"status-publish","4":"has-post-thumbnail","6":"product_cat-led-leisten","7":"entry","9":"first","10":"instock","11":"taxable","12":"shipping-taxable","13":"purchasable","14":"product-type-simple"},"acf":[],"yoast_head":"<!-- This site is optimized with the Yoast SEO plugin v27.3 - https:\/\/yoast.com\/product\/yoast-seo-wordpress\/ -->\n<title>LED-Leiste Nemesis XL 790 zweifarbige Verl\u00e4ngerung f\u00fcr den Tag. 10-32V \/ 78,9cm \/ 22.680lm | LD7-270226 - MrK Bullbars<\/title>\n<meta name=\"robots\" content=\"index, follow, max-snippet:-1, max-image-preview:large, max-video-preview:-1\" \/>\n<link rel=\"canonical\" href=\"https:\/\/mrkbullbars.nl\/de\/produkt\/led-leiste-nemesis-xl-790-zweifarbige-verlaengerung-fuer-den-tag-10-32v-789cm-22-680lm-ld7-270226\/\" \/>\n<meta property=\"og:locale\" content=\"de_DE\" \/>\n<meta property=\"og:type\" content=\"article\" \/>\n<meta property=\"og:title\" content=\"LED-Leiste Nemesis XL 790 zweifarbige Verl\u00e4ngerung f\u00fcr den Tag. 10-32V \/ 78,9cm \/ 22.680lm | LD7-270226 - MrK Bullbars\" \/>\n<meta property=\"og:description\" content=\"[elementor-template id=&#8220;33196&#8243;] Die LED-Leiste der Nemesis-Serie ist eine sehr schlanke LED-Leiste, die perfekt zum Aussehen moderner Lastwagen und anderer Fahrzeuge passt. Im ausgeschalteten Zustand verschwindet die LED-Leiste durch die dunkelschwarze Linse sch\u00f6n in der Karosserie, im eingeschalteten Zustand wird ein breiter Streifen Tagfahrlicht sichtbar. Das Tagfahrlicht ist in den Farben Wei\u00df und Gelb erh\u00e4ltlich und [&hellip;]\" \/>\n<meta property=\"og:url\" content=\"https:\/\/mrkbullbars.nl\/de\/produkt\/led-leiste-nemesis-xl-790-zweifarbige-verlaengerung-fuer-den-tag-10-32v-789cm-22-680lm-ld7-270226\/\" \/>\n<meta property=\"og:site_name\" content=\"MrK Bullbars\" \/>\n<meta name=\"twitter:card\" content=\"summary_large_image\" \/>\n<meta name=\"twitter:label1\" content=\"Gesch\u00e4tzte Lesezeit\" \/>\n\t<meta name=\"twitter:data1\" content=\"1\u00a0Minute\" \/>\n<script type=\"application\/ld+json\" class=\"yoast-schema-graph\">{\"@context\":\"https:\\\/\\\/schema.org\",\"@graph\":[{\"@type\":\"WebPage\",\"@id\":\"https:\\\/\\\/mrkbullbars.nl\\\/de\\\/produkt\\\/led-leiste-nemesis-xl-790-zweifarbige-verlaengerung-fuer-den-tag-10-32v-789cm-22-680lm-ld7-270226\\\/\",\"url\":\"https:\\\/\\\/mrkbullbars.nl\\\/de\\\/produkt\\\/led-leiste-nemesis-xl-790-zweifarbige-verlaengerung-fuer-den-tag-10-32v-789cm-22-680lm-ld7-270226\\\/\",\"name\":\"LED-Leiste Nemesis XL 790 zweifarbige Verl\u00e4ngerung f\u00fcr den Tag. 10-32V \\\/ 78,9cm \\\/ 22.680lm | LD7-270226 - MrK Bullbars\",\"isPartOf\":{\"@id\":\"https:\\\/\\\/mrkbullbars.nl\\\/de\\\/#website\"},\"primaryImageOfPage\":{\"@id\":\"https:\\\/\\\/mrkbullbars.nl\\\/de\\\/produkt\\\/led-leiste-nemesis-xl-790-zweifarbige-verlaengerung-fuer-den-tag-10-32v-789cm-22-680lm-ld7-270226\\\/#primaryimage\"},\"image\":{\"@id\":\"https:\\\/\\\/mrkbullbars.nl\\\/de\\\/produkt\\\/led-leiste-nemesis-xl-790-zweifarbige-verlaengerung-fuer-den-tag-10-32v-789cm-22-680lm-ld7-270226\\\/#primaryimage\"},\"thumbnailUrl\":\"https:\\\/\\\/mrkbullbars.nl\\\/wp-content\\\/uploads\\\/2025\\\/01\\\/3090b78c-79f6-415b-8a4b-b87ccdcc1ad0-58386-NL.webp\",\"datePublished\":\"2025-04-12T12:31:31+00:00\",\"breadcrumb\":{\"@id\":\"https:\\\/\\\/mrkbullbars.nl\\\/de\\\/produkt\\\/led-leiste-nemesis-xl-790-zweifarbige-verlaengerung-fuer-den-tag-10-32v-789cm-22-680lm-ld7-270226\\\/#breadcrumb\"},\"inLanguage\":\"de\",\"potentialAction\":[{\"@type\":\"ReadAction\",\"target\":[\"https:\\\/\\\/mrkbullbars.nl\\\/de\\\/produkt\\\/led-leiste-nemesis-xl-790-zweifarbige-verlaengerung-fuer-den-tag-10-32v-789cm-22-680lm-ld7-270226\\\/\"]}]},{\"@type\":\"ImageObject\",\"inLanguage\":\"de\",\"@id\":\"https:\\\/\\\/mrkbullbars.nl\\\/de\\\/produkt\\\/led-leiste-nemesis-xl-790-zweifarbige-verlaengerung-fuer-den-tag-10-32v-789cm-22-680lm-ld7-270226\\\/#primaryimage\",\"url\":\"https:\\\/\\\/mrkbullbars.nl\\\/wp-content\\\/uploads\\\/2025\\\/01\\\/3090b78c-79f6-415b-8a4b-b87ccdcc1ad0-58386-NL.webp\",\"contentUrl\":\"https:\\\/\\\/mrkbullbars.nl\\\/wp-content\\\/uploads\\\/2025\\\/01\\\/3090b78c-79f6-415b-8a4b-b87ccdcc1ad0-58386-NL.webp\",\"width\":625,\"height\":625},{\"@type\":\"BreadcrumbList\",\"@id\":\"https:\\\/\\\/mrkbullbars.nl\\\/de\\\/produkt\\\/led-leiste-nemesis-xl-790-zweifarbige-verlaengerung-fuer-den-tag-10-32v-789cm-22-680lm-ld7-270226\\\/#breadcrumb\",\"itemListElement\":[{\"@type\":\"ListItem\",\"position\":1,\"name\":\"Home\",\"item\":\"https:\\\/\\\/mrkbullbars.nl\\\/de\\\/\"},{\"@type\":\"ListItem\",\"position\":2,\"name\":\"Shop\",\"item\":\"https:\\\/\\\/mrkbullbars.nl\\\/de\\\/shop\\\/\"},{\"@type\":\"ListItem\",\"position\":3,\"name\":\"LED-Leiste Nemesis XL 790 zweifarbige Verl\u00e4ngerung f\u00fcr den Tag. 10-32V \\\/ 78,9cm \\\/ 22.680lm | LD7-270226\"}]},{\"@type\":\"WebSite\",\"@id\":\"https:\\\/\\\/mrkbullbars.nl\\\/de\\\/#website\",\"url\":\"https:\\\/\\\/mrkbullbars.nl\\\/de\\\/\",\"name\":\"MrK Bullbars\",\"description\":\"\",\"potentialAction\":[{\"@type\":\"SearchAction\",\"target\":{\"@type\":\"EntryPoint\",\"urlTemplate\":\"https:\\\/\\\/mrkbullbars.nl\\\/de\\\/?s={search_term_string}\"},\"query-input\":{\"@type\":\"PropertyValueSpecification\",\"valueRequired\":true,\"valueName\":\"search_term_string\"}}],\"inLanguage\":\"de\"}]}<\/script>\n<!-- \/ Yoast SEO plugin. -->","yoast_head_json":{"title":"LED-Leiste Nemesis XL 790 zweifarbige Verl\u00e4ngerung f\u00fcr den Tag. 10-32V \/ 78,9cm \/ 22.680lm | LD7-270226 - MrK Bullbars","robots":{"index":"index","follow":"follow","max-snippet":"max-snippet:-1","max-image-preview":"max-image-preview:large","max-video-preview":"max-video-preview:-1"},"canonical":"https:\/\/mrkbullbars.nl\/de\/produkt\/led-leiste-nemesis-xl-790-zweifarbige-verlaengerung-fuer-den-tag-10-32v-789cm-22-680lm-ld7-270226\/","og_locale":"de_DE","og_type":"article","og_title":"LED-Leiste Nemesis XL 790 zweifarbige Verl\u00e4ngerung f\u00fcr den Tag. 10-32V \/ 78,9cm \/ 22.680lm | LD7-270226 - MrK Bullbars","og_description":"[elementor-template id=&#8220;33196&#8243;] Die LED-Leiste der Nemesis-Serie ist eine sehr schlanke LED-Leiste, die perfekt zum Aussehen moderner Lastwagen und anderer Fahrzeuge passt. Im ausgeschalteten Zustand verschwindet die LED-Leiste durch die dunkelschwarze Linse sch\u00f6n in der Karosserie, im eingeschalteten Zustand wird ein breiter Streifen Tagfahrlicht sichtbar. Das Tagfahrlicht ist in den Farben Wei\u00df und Gelb erh\u00e4ltlich und [&hellip;]","og_url":"https:\/\/mrkbullbars.nl\/de\/produkt\/led-leiste-nemesis-xl-790-zweifarbige-verlaengerung-fuer-den-tag-10-32v-789cm-22-680lm-ld7-270226\/","og_site_name":"MrK Bullbars","twitter_card":"summary_large_image","twitter_misc":{"Gesch\u00e4tzte Lesezeit":"1\u00a0Minute"},"schema":{"@context":"https:\/\/schema.org","@graph":[{"@type":"WebPage","@id":"https:\/\/mrkbullbars.nl\/de\/produkt\/led-leiste-nemesis-xl-790-zweifarbige-verlaengerung-fuer-den-tag-10-32v-789cm-22-680lm-ld7-270226\/","url":"https:\/\/mrkbullbars.nl\/de\/produkt\/led-leiste-nemesis-xl-790-zweifarbige-verlaengerung-fuer-den-tag-10-32v-789cm-22-680lm-ld7-270226\/","name":"LED-Leiste Nemesis XL 790 zweifarbige Verl\u00e4ngerung f\u00fcr den Tag. 10-32V \/ 78,9cm \/ 22.680lm | LD7-270226 - MrK Bullbars","isPartOf":{"@id":"https:\/\/mrkbullbars.nl\/de\/#website"},"primaryImageOfPage":{"@id":"https:\/\/mrkbullbars.nl\/de\/produkt\/led-leiste-nemesis-xl-790-zweifarbige-verlaengerung-fuer-den-tag-10-32v-789cm-22-680lm-ld7-270226\/#primaryimage"},"image":{"@id":"https:\/\/mrkbullbars.nl\/de\/produkt\/led-leiste-nemesis-xl-790-zweifarbige-verlaengerung-fuer-den-tag-10-32v-789cm-22-680lm-ld7-270226\/#primaryimage"},"thumbnailUrl":"https:\/\/mrkbullbars.nl\/wp-content\/uploads\/2025\/01\/3090b78c-79f6-415b-8a4b-b87ccdcc1ad0-58386-NL.webp","datePublished":"2025-04-12T12:31:31+00:00","breadcrumb":{"@id":"https:\/\/mrkbullbars.nl\/de\/produkt\/led-leiste-nemesis-xl-790-zweifarbige-verlaengerung-fuer-den-tag-10-32v-789cm-22-680lm-ld7-270226\/#breadcrumb"},"inLanguage":"de","potentialAction":[{"@type":"ReadAction","target":["https:\/\/mrkbullbars.nl\/de\/produkt\/led-leiste-nemesis-xl-790-zweifarbige-verlaengerung-fuer-den-tag-10-32v-789cm-22-680lm-ld7-270226\/"]}]},{"@type":"ImageObject","inLanguage":"de","@id":"https:\/\/mrkbullbars.nl\/de\/produkt\/led-leiste-nemesis-xl-790-zweifarbige-verlaengerung-fuer-den-tag-10-32v-789cm-22-680lm-ld7-270226\/#primaryimage","url":"https:\/\/mrkbullbars.nl\/wp-content\/uploads\/2025\/01\/3090b78c-79f6-415b-8a4b-b87ccdcc1ad0-58386-NL.webp","contentUrl":"https:\/\/mrkbullbars.nl\/wp-content\/uploads\/2025\/01\/3090b78c-79f6-415b-8a4b-b87ccdcc1ad0-58386-NL.webp","width":625,"height":625},{"@type":"BreadcrumbList","@id":"https:\/\/mrkbullbars.nl\/de\/produkt\/led-leiste-nemesis-xl-790-zweifarbige-verlaengerung-fuer-den-tag-10-32v-789cm-22-680lm-ld7-270226\/#breadcrumb","itemListElement":[{"@type":"ListItem","position":1,"name":"Home","item":"https:\/\/mrkbullbars.nl\/de\/"},{"@type":"ListItem","position":2,"name":"Shop","item":"https:\/\/mrkbullbars.nl\/de\/shop\/"},{"@type":"ListItem","position":3,"name":"LED-Leiste Nemesis XL 790 zweifarbige Verl\u00e4ngerung f\u00fcr den Tag. 10-32V \/ 78,9cm \/ 22.680lm | LD7-270226"}]},{"@type":"WebSite","@id":"https:\/\/mrkbullbars.nl\/de\/#website","url":"https:\/\/mrkbullbars.nl\/de\/","name":"MrK Bullbars","description":"","potentialAction":[{"@type":"SearchAction","target":{"@type":"EntryPoint","urlTemplate":"https:\/\/mrkbullbars.nl\/de\/?s={search_term_string}"},"query-input":{"@type":"PropertyValueSpecification","valueRequired":true,"valueName":"search_term_string"}}],"inLanguage":"de"}]}},"_links":{"self":[{"href":"https:\/\/mrkbullbars.nl\/de\/wp-json\/wp\/v2\/product\/8234","targetHints":{"allow":["GET"]}}],"collection":[{"href":"https:\/\/mrkbullbars.nl\/de\/wp-json\/wp\/v2\/product"}],"about":[{"href":"https:\/\/mrkbullbars.nl\/de\/wp-json\/wp\/v2\/types\/product"}],"replies":[{"embeddable":true,"href":"https:\/\/mrkbullbars.nl\/de\/wp-json\/wp\/v2\/comments?post=8234"}],"wp:featuredmedia":[{"embeddable":true,"href":"https:\/\/mrkbullbars.nl\/de\/wp-json\/wp\/v2\/media\/7850"}],"wp:attachment":[{"href":"https:\/\/mrkbullbars.nl\/de\/wp-json\/wp\/v2\/media?parent=8234"}],"wp:term":[{"taxonomy":"product_brand","embeddable":true,"href":"https:\/\/mrkbullbars.nl\/de\/wp-json\/wp\/v2\/product_brand?post=8234"},{"taxonomy":"product_cat","embeddable":true,"href":"https:\/\/mrkbullbars.nl\/de\/wp-json\/wp\/v2\/product_cat?post=8234"},{"taxonomy":"product_tag","embeddable":true,"href":"https:\/\/mrkbullbars.nl\/de\/wp-json\/wp\/v2\/product_tag?post=8234"}],"curies":[{"name":"wp","href":"https:\/\/api.w.org\/{rel}","templated":true}]}}